{"id":2724,"date":"2025-03-07T16:22:17","date_gmt":"2025-03-07T15:22:17","guid":{"rendered":"https:\/\/www.campingduvougot.com\/faq\/"},"modified":"2025-03-07T16:22:22","modified_gmt":"2025-03-07T15:22:22","slug":"faq","status":"publish","type":"page","link":"https:\/\/www.campingduvougot.com\/nl\/faq\/","title":{"rendered":"FAQ"},"content":{"rendered":"<section id=\"ls-section-block_527d198773490b0fd901cfcacd0b9f8d\" class=\"ls-section \" >\r\n        <div class=\"container \">\r\n        \n\n<h1 class=\"ls__heading wp-block-heading has-text-align-center\">\n          <strong>FAQ<\/strong>\n        <\/h1>\n\n\n<div id=\"faq\"><div itemscope=\"\" itemtype=\"https:\/\/schema.org\/FAQPage\"><div class=\"faq__box\"><div class=\"faq__container\"><div class=\"faq__block\" itemscope=\"\" itemprop=\"mainEntity\" itemtype=\"https:\/\/schema.org\/Question\"><details><summary itemprop=\"name\"><p>Aankomst- en vertrektijden :<\/p>\n<span class=\"plus-royan\"><\/span><\/summary><div class=\"content\" itemscope=\"\" itemprop=\"acceptedAnswer\" itemtype=\"https:\/\/schema.org\/Answer\"><div itemprop=\"text\"><p>Locations : arriv\u00e9es de 15h00 \u00e0 19h30 et les d\u00e9parts de 8h00 \u00e0 10h00.<br \/>\nEmplacements : arriv\u00e9es de 14h00 \u00e0 19h30 et les d\u00e9parts de 8h00 \u00e0 12h00.<\/p>\n<\/div><\/div><\/details><\/div><\/div><\/div><div class=\"faq__box\"><div class=\"faq__container\"><div class=\"faq__block\" itemscope=\"\" itemprop=\"mainEntity\" itemtype=\"https:\/\/schema.org\/Question\"><details><summary itemprop=\"name\"><p>Zijn huisdieren toegestaan?<\/p>\n<span class=\"plus-royan\"><\/span><\/summary><div class=\"content\" itemscope=\"\" itemprop=\"acceptedAnswer\" itemtype=\"https:\/\/schema.org\/Answer\"><div itemprop=\"text\"><p>Onze dierenvrienden worden geaccepteerd, met uitzondering van honden van categorie 1 en 2. Het vaccinatieboekje moet up-to-date zijn. Voor het welzijn van alle vakantiegangers moeten dieren worden aangelijnd en moeten hun uitwerpselen worden verzameld.<\/p>\n<\/div><\/div><\/details><\/div><\/div><\/div><div class=\"faq__box\"><div class=\"faq__container\"><div class=\"faq__block\" itemscope=\"\" itemprop=\"mainEntity\" itemtype=\"https:\/\/schema.org\/Question\"><details><summary itemprop=\"name\"><p>Opening van het zwembad<\/p>\n<span class=\"plus-royan\"><\/span><\/summary><div class=\"content\" itemscope=\"\" itemprop=\"acceptedAnswer\" itemtype=\"https:\/\/schema.org\/Answer\"><div itemprop=\"text\"><p>Het zwembad is geopend van april tot september, van 10.00 tot 19.00 uur. Shorts en T-shirts zijn niet toegestaan bij het zwemmen.<\/p>\n<\/div><\/div><\/details><\/div><\/div><\/div><div class=\"faq__box\"><div class=\"faq__container\"><div class=\"faq__block\" itemscope=\"\" itemprop=\"mainEntity\" itemtype=\"https:\/\/schema.org\/Question\"><details><summary itemprop=\"name\"><p>Is het zwembad verwarmd?<\/p>\n<span class=\"plus-royan\"><\/span><\/summary><div class=\"content\" itemscope=\"\" itemprop=\"acceptedAnswer\" itemtype=\"https:\/\/schema.org\/Answer\"><div itemprop=\"text\"><p>Ja, het zwembad is verwarmd tot 28\u00b0 en is overdekt.<\/p>\n<\/div><\/div><\/details><\/div><\/div><\/div><div class=\"faq__box\"><div class=\"faq__container\"><div class=\"faq__block\" itemscope=\"\" itemprop=\"mainEntity\" itemtype=\"https:\/\/schema.org\/Question\"><details><summary itemprop=\"name\"><p>Waar moet ik eten?<\/p>\n<span class=\"plus-royan\"><\/span><\/summary><div class=\"content\" itemscope=\"\" itemprop=\"acceptedAnswer\" itemtype=\"https:\/\/schema.org\/Answer\"><div itemprop=\"text\"><p>De camping biedt het hele jaar door &#8217;s avonds afhaalmaaltijden (pizza&#8217;s, fish &#038; chips, croque-monsieur) en in het hoogseizoen foodtrucks.<br \/>\nAls je een auto hebt, Je kunt ook kiezen voor een van de vele restaurants in de omgeving.<\/p>\n<\/div><\/div><\/details><\/div><\/div><\/div><div class=\"faq__box\"><div class=\"faq__container\"><div class=\"faq__block\" itemscope=\"\" itemprop=\"mainEntity\" itemtype=\"https:\/\/schema.org\/Question\"><details><summary itemprop=\"name\"><p>Zijn er animaties?<\/p>\n<span class=\"plus-royan\"><\/span><\/summary><div class=\"content\" itemscope=\"\" itemprop=\"acceptedAnswer\" itemtype=\"https:\/\/schema.org\/Answer\"><div itemprop=\"text\"><p>Wij geloven in rust op de camping. In het hoogseizoen bieden wij echter wel enige animatie (aperitiefconcert aan de bar, verhalenavonden). In de omgeving worden talrijke feestelijke evenementen georganiseerd om u te vermaken en de Bretonse cultuur te ontdekken (fest noz, maritieme feesten, &#8230;).<\/p>\n<\/div><\/div><\/details><\/div><\/div><\/div><div class=\"faq__box\"><div class=\"faq__container\"><div class=\"faq__block\" itemscope=\"\" itemprop=\"mainEntity\" itemtype=\"https:\/\/schema.org\/Question\"><details><summary itemprop=\"name\"><p>Accepteert u vakantiebonnen?<\/p>\n<span class=\"plus-royan\"><\/span><\/summary><div class=\"content\" itemscope=\"\" itemprop=\"acceptedAnswer\" itemtype=\"https:\/\/schema.org\/Answer\"><div itemprop=\"text\"><p>Ja, wij accepteren papieren of gedematerialiseerde ANCV.<\/p>\n<\/div><\/div><\/details><\/div><\/div><\/div><div class=\"faq__box\"><div class=\"faq__container\"><div class=\"faq__block\" itemscope=\"\" itemprop=\"mainEntity\" itemtype=\"https:\/\/schema.org\/Question\"><details><summary itemprop=\"name\"><p>Hoe ver is het strand?<\/p>\n<span class=\"plus-royan\"><\/span><\/summary><div class=\"content\" itemscope=\"\" itemprop=\"acceptedAnswer\" itemtype=\"https:\/\/schema.org\/Answer\"><div itemprop=\"text\"><p>Het fijne zandstrand van Vougot ligt op 250 m van de ingang van de camping.<\/p>\n<\/div><\/div><\/details><\/div><\/div><\/div><div class=\"faq__box\"><div class=\"faq__container\"><div class=\"faq__block\" itemscope=\"\" itemprop=\"mainEntity\" itemtype=\"https:\/\/schema.org\/Question\"><details><summary itemprop=\"name\"><p>Zijn barbecues toegestaan?<\/p>\n<span class=\"plus-royan\"><\/span><\/summary><div class=\"content\" itemscope=\"\" itemprop=\"acceptedAnswer\" itemtype=\"https:\/\/schema.org\/Answer\"><div itemprop=\"text\"><p>Barbecues op houtskool en gas of plancha zijn toegestaan. Collectieve barbecues zijn beschikbaar.<br \/>\nI ndividuele barbecues zijn toegestaan op de staanplaatsen.Elektrische apparaten (barbecues, plancha) zijn verboden.<br \/>\nDeze bepalingen kunnen in de loop van het seizoen veranderen , afhankelijk van weersomstandigheden of prefectorale verordeningen.<\/p>\n<\/div><\/div><\/details><\/div><\/div><\/div><div class=\"faq__box\"><div class=\"faq__container\"><div class=\"faq__block\" itemscope=\"\" itemprop=\"mainEntity\" itemtype=\"https:\/\/schema.org\/Question\"><details><summary itemprop=\"name\"><p>Is er wifi op de camping?<\/p>\n<span class=\"plus-royan\"><\/span><\/summary><div class=\"content\" itemscope=\"\" itemprop=\"acceptedAnswer\" itemtype=\"https:\/\/schema.org\/Answer\"><div itemprop=\"text\"><p>Wifi is op ongeveer 80% van de camping gratis beschikbaar.<\/p>\n<\/div><\/div><\/details><\/div><\/div><\/div><div class=\"faq__box\"><div class=\"faq__container\"><div class=\"faq__block\" itemscope=\"\" itemprop=\"mainEntity\" itemtype=\"https:\/\/schema.org\/Question\"><details><summary itemprop=\"name\"><p>Kunnen elektrische auto&#8217;s worden opgeladen?<\/p>\n<span class=\"plus-royan\"><\/span><\/summary><div class=\"content\" itemscope=\"\" itemprop=\"acceptedAnswer\" itemtype=\"https:\/\/schema.org\/Answer\"><div itemprop=\"text\"><p>Het opladen van elektrische voertuigen is niet toegestaan op de camping. Oplaadstations zijn beschikbaar in Plouguerneau en Guisseny.<\/p>\n<\/div><\/div><\/details><\/div><\/div><\/div><div class=\"faq__box\"><div class=\"faq__container\"><div class=\"faq__block\" itemscope=\"\" itemprop=\"mainEntity\" itemtype=\"https:\/\/schema.org\/Question\"><details><summary itemprop=\"name\"><p>Kunnen we buitenstaanders uitnodigen?<\/p>\n<span class=\"plus-royan\"><\/span><\/summary><div class=\"content\" itemscope=\"\" itemprop=\"acceptedAnswer\" itemtype=\"https:\/\/schema.org\/Answer\"><div itemprop=\"text\"><p>Bezoekers moeten toestemming hebben van de directie en moeten een toegangsprijs betalen. Zij hebben geen toegang tot het watergebied en moeten de camping voor 22.00 uur verlaten.<\/p>\n<\/div><\/div><\/details><\/div><\/div><\/div><div class=\"faq__box\"><div class=\"faq__container\"><div class=\"faq__block\" itemscope=\"\" itemprop=\"mainEntity\" itemtype=\"https:\/\/schema.org\/Question\"><details><summary itemprop=\"name\"><p>Wanneer moet ik mijn verblijf betalen?<\/p>\n<span class=\"plus-royan\"><\/span><\/summary><div class=\"content\" itemscope=\"\" itemprop=\"acceptedAnswer\" itemtype=\"https:\/\/schema.org\/Answer\"><div itemprop=\"text\"><p>Voor huuraccommodaties moet een aanbetaling van 30% worden gedaan bij reservering en het restant 30 dagen voor aankomst. Voor kampeerplaatsen moet een aanbetaling van \u20ac50 worden gedaan bij reservering. Het volledige bedrag van het verblijf moet bij aankomst worden betaald.<\/p>\n<\/div><\/div><\/details><\/div><\/div><\/div><div class=\"faq__box\"><div class=\"faq__container\"><div class=\"faq__block\" itemscope=\"\" itemprop=\"mainEntity\" itemtype=\"https:\/\/schema.org\/Question\"><details><summary itemprop=\"name\"><p>Zijn minderjarigen toegestaan?<\/p>\n<span class=\"plus-royan\"><\/span><\/summary><div class=\"content\" itemscope=\"\" itemprop=\"acceptedAnswer\" itemtype=\"https:\/\/schema.org\/Answer\"><div itemprop=\"text\"><p>Minderjarigen moeten tijdens hun hele verblijf vergezeld zijn van hun ouders of wettelijke voogden.<\/p>\n<\/div><\/div><\/details><\/div><\/div><\/div><\/div><\/div>\n\n\r\n    <\/div>\r\n<\/section>","protected":false},"excerpt":{"rendered":"","protected":false},"author":1,"featured_media":0,"parent":0,"menu_order":0,"comment_status":"closed","ping_status":"closed","template":"","meta":{"_acf_changed":false,"footnotes":""},"sujet":[],"class_list":["post-2724","page","type-page","status-publish","hentry"],"acf":[],"yoast_head":"<!-- This site is optimized with the Yoast SEO plugin v23.4 - https:\/\/yoast.com\/wordpress\/plugins\/seo\/ -->\n<title>FAQ - Camping du Vougot<\/title>\n<meta name=\"robots\" content=\"index, follow, max-snippet:-1, max-image-preview:large, max-video-preview:-1\" \/>\n<link rel=\"canonical\" href=\"https:\/\/www.campingduvougot.com\/nl\/faq\/\" \/>\n<meta property=\"og:locale\" content=\"nl_NL\" \/>\n<meta property=\"og:type\" content=\"article\" \/>\n<meta property=\"og:title\" content=\"FAQ - Camping du Vougot\" \/>\n<meta property=\"og:url\" content=\"https:\/\/www.campingduvougot.com\/nl\/faq\/\" \/>\n<meta property=\"og:site_name\" content=\"Camping du Vougot\" \/>\n<meta property=\"article:modified_time\" content=\"2025-03-07T15:22:22+00:00\" \/>\n<meta name=\"twitter:card\" content=\"summary_large_image\" \/>\n<script type=\"application\/ld+json\" class=\"yoast-schema-graph\">{\"@context\":\"https:\/\/schema.org\",\"@graph\":[{\"@type\":\"WebPage\",\"@id\":\"https:\/\/www.campingduvougot.com\/nl\/faq\/\",\"url\":\"https:\/\/www.campingduvougot.com\/nl\/faq\/\",\"name\":\"FAQ - Camping du Vougot\",\"isPartOf\":{\"@id\":\"https:\/\/www.campingduvougot.com\/fr\/#website\"},\"datePublished\":\"2025-03-07T15:22:17+00:00\",\"dateModified\":\"2025-03-07T15:22:22+00:00\",\"breadcrumb\":{\"@id\":\"https:\/\/www.campingduvougot.com\/nl\/faq\/#breadcrumb\"},\"inLanguage\":\"nl-NL\",\"potentialAction\":[{\"@type\":\"ReadAction\",\"target\":[\"https:\/\/www.campingduvougot.com\/nl\/faq\/\"]}]},{\"@type\":\"BreadcrumbList\",\"@id\":\"https:\/\/www.campingduvougot.com\/nl\/faq\/#breadcrumb\",\"itemListElement\":[{\"@type\":\"ListItem\",\"position\":1,\"name\":\"Camping Plouguerneau\",\"item\":\"https:\/\/www.campingduvougot.com\/nl\/\"},{\"@type\":\"ListItem\",\"position\":2,\"name\":\"FAQ\"}]},{\"@type\":\"WebSite\",\"@id\":\"https:\/\/www.campingduvougot.com\/fr\/#website\",\"url\":\"https:\/\/www.campingduvougot.com\/fr\/\",\"name\":\"Camping du Vougot\",\"description\":\"\",\"publisher\":{\"@id\":\"https:\/\/www.campingduvougot.com\/fr\/#organization\"},\"potentialAction\":[{\"@type\":\"SearchAction\",\"target\":{\"@type\":\"EntryPoint\",\"urlTemplate\":\"https:\/\/www.campingduvougot.com\/fr\/?s={search_term_string}\"},\"query-input\":{\"@type\":\"PropertyValueSpecification\",\"valueRequired\":true,\"valueName\":\"search_term_string\"}}],\"inLanguage\":\"nl-NL\"},{\"@type\":\"Organization\",\"@id\":\"https:\/\/www.campingduvougot.com\/fr\/#organization\",\"name\":\"Camping du Vougot\",\"url\":\"https:\/\/www.campingduvougot.com\/fr\/\",\"logo\":{\"@type\":\"ImageObject\",\"inLanguage\":\"nl-NL\",\"@id\":\"https:\/\/www.campingduvougot.com\/fr\/#\/schema\/logo\/image\/\",\"url\":\"https:\/\/www.campingduvougot.com\/wp-content\/uploads\/2023\/02\/camping-du-vougot-logo-blanc-scaled.webp\",\"contentUrl\":\"https:\/\/www.campingduvougot.com\/wp-content\/uploads\/2023\/02\/camping-du-vougot-logo-blanc-scaled.webp\",\"width\":2560,\"height\":1565,\"caption\":\"Camping du Vougot\"},\"image\":{\"@id\":\"https:\/\/www.campingduvougot.com\/fr\/#\/schema\/logo\/image\/\"}}]}<\/script>\n<!-- \/ Yoast SEO plugin. -->","yoast_head_json":{"title":"FAQ - Camping du Vougot","robots":{"index":"index","follow":"follow","max-snippet":"max-snippet:-1","max-image-preview":"max-image-preview:large","max-video-preview":"max-video-preview:-1"},"canonical":"https:\/\/www.campingduvougot.com\/nl\/faq\/","og_locale":"nl_NL","og_type":"article","og_title":"FAQ - Camping du Vougot","og_url":"https:\/\/www.campingduvougot.com\/nl\/faq\/","og_site_name":"Camping du Vougot","article_modified_time":"2025-03-07T15:22:22+00:00","twitter_card":"summary_large_image","schema":{"@context":"https:\/\/schema.org","@graph":[{"@type":"WebPage","@id":"https:\/\/www.campingduvougot.com\/nl\/faq\/","url":"https:\/\/www.campingduvougot.com\/nl\/faq\/","name":"FAQ - Camping du Vougot","isPartOf":{"@id":"https:\/\/www.campingduvougot.com\/fr\/#website"},"datePublished":"2025-03-07T15:22:17+00:00","dateModified":"2025-03-07T15:22:22+00:00","breadcrumb":{"@id":"https:\/\/www.campingduvougot.com\/nl\/faq\/#breadcrumb"},"inLanguage":"nl-NL","potentialAction":[{"@type":"ReadAction","target":["https:\/\/www.campingduvougot.com\/nl\/faq\/"]}]},{"@type":"BreadcrumbList","@id":"https:\/\/www.campingduvougot.com\/nl\/faq\/#breadcrumb","itemListElement":[{"@type":"ListItem","position":1,"name":"Camping Plouguerneau","item":"https:\/\/www.campingduvougot.com\/nl\/"},{"@type":"ListItem","position":2,"name":"FAQ"}]},{"@type":"WebSite","@id":"https:\/\/www.campingduvougot.com\/fr\/#website","url":"https:\/\/www.campingduvougot.com\/fr\/","name":"Camping du Vougot","description":"","publisher":{"@id":"https:\/\/www.campingduvougot.com\/fr\/#organization"},"potentialAction":[{"@type":"SearchAction","target":{"@type":"EntryPoint","urlTemplate":"https:\/\/www.campingduvougot.com\/fr\/?s={search_term_string}"},"query-input":{"@type":"PropertyValueSpecification","valueRequired":true,"valueName":"search_term_string"}}],"inLanguage":"nl-NL"},{"@type":"Organization","@id":"https:\/\/www.campingduvougot.com\/fr\/#organization","name":"Camping du Vougot","url":"https:\/\/www.campingduvougot.com\/fr\/","logo":{"@type":"ImageObject","inLanguage":"nl-NL","@id":"https:\/\/www.campingduvougot.com\/fr\/#\/schema\/logo\/image\/","url":"https:\/\/www.campingduvougot.com\/wp-content\/uploads\/2023\/02\/camping-du-vougot-logo-blanc-scaled.webp","contentUrl":"https:\/\/www.campingduvougot.com\/wp-content\/uploads\/2023\/02\/camping-du-vougot-logo-blanc-scaled.webp","width":2560,"height":1565,"caption":"Camping du Vougot"},"image":{"@id":"https:\/\/www.campingduvougot.com\/fr\/#\/schema\/logo\/image\/"}}]}},"_links":{"self":[{"href":"https:\/\/www.campingduvougot.com\/nl\/wp-json\/wp\/v2\/pages\/2724","targetHints":{"allow":["GET"]}}],"collection":[{"href":"https:\/\/www.campingduvougot.com\/nl\/wp-json\/wp\/v2\/pages"}],"about":[{"href":"https:\/\/www.campingduvougot.com\/nl\/wp-json\/wp\/v2\/types\/page"}],"author":[{"embeddable":true,"href":"https:\/\/www.campingduvougot.com\/nl\/wp-json\/wp\/v2\/users\/1"}],"replies":[{"embeddable":true,"href":"https:\/\/www.campingduvougot.com\/nl\/wp-json\/wp\/v2\/comments?post=2724"}],"version-history":[{"count":1,"href":"https:\/\/www.campingduvougot.com\/nl\/wp-json\/wp\/v2\/pages\/2724\/revisions"}],"predecessor-version":[{"id":2725,"href":"https:\/\/www.campingduvougot.com\/nl\/wp-json\/wp\/v2\/pages\/2724\/revisions\/2725"}],"wp:attachment":[{"href":"https:\/\/www.campingduvougot.com\/nl\/wp-json\/wp\/v2\/media?parent=2724"}],"wp:term":[{"taxonomy":"sujet","embeddable":true,"href":"https:\/\/www.campingduvougot.com\/nl\/wp-json\/wp\/v2\/sujet?post=2724"}],"curies":[{"name":"wp","href":"https:\/\/api.w.org\/{rel}","templated":true}]}}