{"id":2040,"date":"2023-03-28T12:17:35","date_gmt":"2023-03-28T10:17:35","guid":{"rendered":"https:\/\/www.campingduvougot.com\/toerisme-natura-2000-guisseny-finistere\/"},"modified":"2023-03-28T12:17:36","modified_gmt":"2023-03-28T10:17:36","slug":"toerisme-natura-2000-guisseny-finistere","status":"publish","type":"page","link":"https:\/\/www.campingduvougot.com\/nl\/toerisme-natura-2000-guisseny-finistere\/","title":{"rendered":"Natura 2000-gebied van de Curnic"},"content":{"rendered":"<section id=\"ls-section-block_ce3a484a483ade8f9f1e9ae201522260\" class=\"ls-section  page-chapeau has-p-b p-b-0\" >\r\n        <div class=\"container \">\r\n        \n\n<h1 class=\"ls__heading has-text-align-center vague wp-block-heading\">Bezoek de website van Natura 2000<\/h1>\n\n\r\n    <\/div>\r\n<\/section><section id=\"ls-section-block_d36d64e20863ce9e9b9bb0f7d877c476\" class=\"ls-section  page-one has-p-b p-b-14\" >\r\n        <div class=\"container container--wide\">\r\n        \n\n<div class=\"wp-block-columns is-layout-flex wp-container-core-columns-is-layout-9d6595d7 wp-block-columns-is-layout-flex\">\n<div class=\"wp-block-column is-vertically-aligned-center left is-layout-flow wp-block-column-is-layout-flow\" style=\"flex-basis:66.66%\">\n<figure class=\"wp-block-embed is-type-video is-provider-youtube wp-block-embed-youtube wp-embed-aspect-16-9 wp-has-aspect-ratio\"><div class=\"wp-block-embed__wrapper\">\n<iframe title=\"Guiss\u00e9ny, \u00e9tang du Curnic. Promenade nature\" width=\"500\" height=\"281\" src=\"https:\/\/www.youtube.com\/embed\/s6LRF38BeFM?feature=oembed\" frameborder=\"0\" allow=\"accelerometer; autoplay; clipboard-write; encrypted-media; gyroscope; picture-in-picture; web-share\" referrerpolicy=\"strict-origin-when-cross-origin\" allowfullscreen><\/iframe>\n<\/div><\/figure>\n<\/div>\n\n\n\n<div class=\"wp-block-column right is-layout-flow wp-block-column-is-layout-flow\" style=\"flex-basis:33.33%\">\n<h2 class=\"ls__heading deco wp-block-heading\">Ontdek het moeras van Curnic, een ge\u00ebngageerde site in Bretagne<\/h2>\n\n\n\n<p class=\"ls-paragraph\">De <a href=\"https:\/\/www.campingduvougot.com\/nl\/\">camping Vougot<\/a> ligt weliswaar in de gemeente Plouguerneau, maar in het hart van het <a href=\"https:\/\/guisseny.n2000.fr\/\" target=\"_blank\" rel=\"noreferrer noopener nofollow\">Natura 2000-gebied Guiss\u00e9ny.<\/a> Dit uitzonderlijke terrein van 12 hectare biedt natuurliefhebbers een speeltuin om hun passie uit te leven: wandelen, paardrijden, natuurfotografie, maar ook zwemmen en vissen. Dit grote gebied omvat de polder, de vijver en een strook zee vanaf het strand van Vougot tot de baai van Tresseny.<\/p>\n\n\n\n<p class=\"ls-paragraph\">Sinds 2022 is deze opmerkelijke site het onderwerp van een <strong>project om het te classificeren als Regionaal<\/strong> Natuurreservaat, een bewijs van het uitzonderlijke karakter van de omgeving waarin camping Vougot zich bevindt.<\/p>\n<\/div>\n<\/div>\n\n\r\n    <\/div>\r\n<\/section><section id=\"ls-section-block_da9b1aad78f9e3a82ea77d65f47d8db1\" class=\"ls-section  page-three has-background has-color-1-background-color has-p-t p-t-14 has-p-b p-b-14\" >\r\n        <div class=\"container container--wide\">\r\n        \n\n<div class=\"wp-block-columns first is-layout-flex wp-container-core-columns-is-layout-9d6595d7 wp-block-columns-is-layout-flex\">\n<div class=\"wp-block-column is-vertically-aligned-center left is-layout-flow wp-block-column-is-layout-flow\">\n<h2 class=\"ls__heading deco wp-block-heading\">Beschermde soorten<\/h2>\n\n\n\n<p class=\"ls-paragraph\">Het Natura 2000-gebied <strong>Guiss\u00e9ny herbergt vele dier- en plantensoorten.<\/strong> Afhankelijk van het seizoen kun je : <\/p>\n\n\n\n<ul class=\"ls-list wp-block-list\">\n<li>11 soorten orchidee\u00ebn, waaronder 2 zeldzame soorten: de Orchis en Loesel&#8217;s liparis<\/li>\n\n\n\n<li>drosera, een insectenetende plant<\/li>\n\n\n\n<li>17 soorten libellen waaronder de Agrion de Mercure<\/li>\n\n\n\n<li>een vlinder, de Checkerspot<\/li>\n\n\n\n<li>150 vogelsoorten<\/li>\n<\/ul>\n<\/div>\n\n\n\n<div class=\"wp-block-column right is-layout-flow wp-block-column-is-layout-flow\">\n<figure class=\"wp-block-image size-full animated fadeInRight delay-100ms slow\"><a href=\"https:\/\/www.campingduvougot.com\/wp-content\/uploads\/2023\/03\/decouvrir-la-faune-du-marais-natura-2000.jpg\"><img decoding=\"async\" width=\"866\" height=\"578\" src=\"https:\/\/www.campingduvougot.com\/wp-content\/uploads\/2023\/03\/decouvrir-la-faune-du-marais-natura-2000.jpg\" alt=\"ontdek de fauna van het natura 2000-moeras\" class=\"wp-image-1153\" srcset=\"https:\/\/www.campingduvougot.com\/wp-content\/uploads\/2023\/03\/decouvrir-la-faune-du-marais-natura-2000.jpg 866w, https:\/\/www.campingduvougot.com\/wp-content\/uploads\/2023\/03\/decouvrir-la-faune-du-marais-natura-2000-300x200.jpg 300w, https:\/\/www.campingduvougot.com\/wp-content\/uploads\/2023\/03\/decouvrir-la-faune-du-marais-natura-2000-768x513.jpg 768w\" sizes=\"(max-width: 866px) 100vw, 866px\" \/><\/a><\/figure>\n<\/div>\n<\/div>\n\n\n\n<div class=\"wp-block-columns second is-layout-flex wp-container-core-columns-is-layout-9d6595d7 wp-block-columns-is-layout-flex\">\n<div class=\"wp-block-column left is-layout-flow wp-block-column-is-layout-flow\">\n<figure class=\"wp-block-image size-full animated fadeInLeft delay-200ms slow\"><a href=\"https:\/\/www.campingduvougot.com\/wp-content\/uploads\/2023\/03\/reserve-natuelle-natura-2000-finistere.webp\"><img decoding=\"async\" width=\"866\" height=\"578\" src=\"https:\/\/www.campingduvougot.com\/wp-content\/uploads\/2023\/03\/reserve-natuelle-natura-2000-finistere.webp\" alt=\"natuurreservaat natura 2000 finist&#xE8;re\" class=\"wp-image-1377\" srcset=\"https:\/\/www.campingduvougot.com\/wp-content\/uploads\/2023\/03\/reserve-natuelle-natura-2000-finistere.webp 866w, https:\/\/www.campingduvougot.com\/wp-content\/uploads\/2023\/03\/reserve-natuelle-natura-2000-finistere-300x200.webp 300w, https:\/\/www.campingduvougot.com\/wp-content\/uploads\/2023\/03\/reserve-natuelle-natura-2000-finistere-768x513.webp 768w\" sizes=\"(max-width: 866px) 100vw, 866px\" \/><\/a><\/figure>\n<\/div>\n\n\n\n<div class=\"wp-block-column is-vertically-aligned-center right is-layout-flow wp-block-column-is-layout-flow\">\n<h2 class=\"ls__heading deco wp-block-heading\">Een unieke wandeling over het moeras<\/h2>\n\n\n\n<p class=\"ls-paragraph\">Dit gebied is vrij recent gevormd door de aanleg van een dijk in de 19e eeuw, waardoor een polder, <strong>een moeras en een vijver zijn ontstaan.<\/strong><\/p>\n\n\n\n<p class=\"ls-paragraph\">Vanaf camping Vougot kunt u de moerassen van Curnic ontdekken via de wandel-, wandel- of fietspaden die bij de receptie beschikbaar zijn. Wij stellen ook een lus voor waarbij u tot aan de stad Guiss\u00e9ny komt, door het moeras en langs het kustpad om de inham van Tresseny te ontdekken, waar het beschermde gebied zich uitstrekt.<\/p>\n\n\n\n<p class=\"ls-paragraph\">U kunt ook deelnemen aan de activiteiten die door plaatselijke actoren worden georganiseerd om dit gebied en zijn vorming beter te begrijpen en de fauna en flora te observeren.<\/p>\n\n\n\n<p class=\"ls-paragraph addReadMore showlesscontent\">Fotoliefhebbers kunnen <strong>genieten van het uitzicht vanaf de top van de dijk<\/strong> of kiezen voor de beschutting van het rietveld om discreet naar de vogels op de vijver te kijken en mooie foto&#8217;s te maken.<\/p>\n<\/div>\n<\/div>\n\n\r\n    <\/div>\r\n<\/section><section id=\"ls-section-block_edadd705a8c8fde91bd393c74bcdf119\" class=\"ls-section  page-maillage has-p-b p-b-14\" >\r\n        <div class=\"container container--wide\">\r\n        \n\n<div id=\"ls-heading ls-titre-div-block_4cc9c008993d4c6d7e5eb2d654fcc095\" class=\"ls-titre-div deco aligncenter h2-like\" >\n    Ontdek de omgeving!<\/div>\n\n\n<div id=\"ls-maillage-block_cd404e8ef309f612cc6b1b8aff2edbe7\" class=\"ls-maillage cta-style-normal\" data-rows=\"3\">\n    <div class=\"wp-block-columns\"><div class=\"wp-block-column\">\n\n<a href=\"https:\/\/www.campingduvougot.com\/nl\/toerisme-finistere\/\" target=\"\" rel=\"noopener\" class=\"ls-cta__link\">\n\n\t<div class=\"ls-cta__image\"><img decoding=\"async\" src=\"https:\/\/www.campingduvougot.com\/wp-content\/uploads\/2023\/02\/plage-finistere.jpg\" alt=\"strand finist\u00e8re\"><\/div>\n\t<div class=\"ls-cta__title\">\n\t\tTe bezoeken in Finist\u00e8re\t<\/div>\n\n\t\t\n<\/a><\/div><div class=\"wp-block-column\">\n\n<a href=\"https:\/\/www.campingduvougot.com\/nl\/kamperen-voor-de-plage-plouguerneau\/\" target=\"\" rel=\"noopener\" class=\"ls-cta__link\">\n\n\t<div class=\"ls-cta__image\"><img decoding=\"async\" src=\"https:\/\/www.campingduvougot.com\/wp-content\/uploads\/2023\/02\/camping-bord-plage-finistere-768x264.jpg\" alt=\"camping strand finist\u00e8re\"><\/div>\n\t<div class=\"ls-cta__title\">\n\t\tAan het strand\t<\/div>\n\n\t\t\n<\/a><\/div><div class=\"wp-block-column\">\n\n<a href=\"https:\/\/www.campingduvougot.com\/nl\/sport-activiteiten-finistere\/\" target=\"\" rel=\"noopener\" class=\"ls-cta__link\">\n\n\t<div class=\"ls-cta__image\"><img decoding=\"async\" src=\"https:\/\/www.campingduvougot.com\/wp-content\/uploads\/2023\/03\/plongee-finistere-768x253.webp\" alt=\"duiken op de finist\u00e8re\"><\/div>\n\t<div class=\"ls-cta__title\">\n\t\tActiviteiten in Finist\u00e8re\t<\/div>\n\n\t\t\n<\/a><\/div><\/div><\/div>\n\r\n    <\/div>\r\n<\/section>","protected":false},"excerpt":{"rendered":"","protected":false},"author":1,"featured_media":1550,"parent":0,"menu_order":0,"comment_status":"closed","ping_status":"closed","template":"","meta":{"_acf_changed":false,"footnotes":""},"sujet":[],"class_list":["post-2040","page","type-page","status-publish","has-post-thumbnail","hentry"],"acf":[],"yoast_head":"<!-- This site is optimized with the Yoast SEO plugin v23.4 - https:\/\/yoast.com\/wordpress\/plugins\/seo\/ -->\n<title>Ontdek de moerassen van Guiss\u00e9ny | Bezoek het Natura 2000-gebied Guiss\u00e9ny<\/title>\n<meta name=\"description\" content=\"Ontdek het Natura 2000-gebied Marais du Curnic in Guiss\u00e9ny - Plouguerneau in Finist\u00e8re, op een steenworp afstand van het prachtige strand van Vougo.\" \/>\n<meta name=\"robots\" content=\"index, follow, max-snippet:-1, max-image-preview:large, max-video-preview:-1\" \/>\n<link rel=\"canonical\" href=\"https:\/\/www.campingduvougot.com\/nl\/toerisme-natura-2000-guisseny-finistere\/\" \/>\n<meta property=\"og:locale\" content=\"nl_NL\" \/>\n<meta property=\"og:type\" content=\"article\" \/>\n<meta property=\"og:title\" content=\"Ontdek de moerassen van Guiss\u00e9ny | Bezoek het Natura 2000-gebied Guiss\u00e9ny\" \/>\n<meta property=\"og:description\" content=\"Ontdek het Natura 2000-gebied Marais du Curnic in Guiss\u00e9ny - Plouguerneau in Finist\u00e8re, op een steenworp afstand van het prachtige strand van Vougo.\" \/>\n<meta property=\"og:url\" content=\"https:\/\/www.campingduvougot.com\/nl\/toerisme-natura-2000-guisseny-finistere\/\" \/>\n<meta property=\"og:site_name\" content=\"Camping du Vougot\" \/>\n<meta property=\"article:modified_time\" content=\"2023-03-28T10:17:36+00:00\" \/>\n<meta property=\"og:image\" content=\"https:\/\/www.campingduvougot.com\/wp-content\/uploads\/2023\/02\/visiter-zone-curnic.jpg\" \/>\n\t<meta property=\"og:image:width\" content=\"1903\" \/>\n\t<meta property=\"og:image:height\" content=\"627\" \/>\n\t<meta property=\"og:image:type\" content=\"image\/jpeg\" \/>\n<meta name=\"twitter:card\" content=\"summary_large_image\" \/>\n<meta name=\"twitter:label1\" content=\"Geschatte leestijd\" \/>\n\t<meta name=\"twitter:data1\" content=\"2 minuten\" \/>\n<script type=\"application\/ld+json\" class=\"yoast-schema-graph\">{\"@context\":\"https:\/\/schema.org\",\"@graph\":[{\"@type\":\"WebPage\",\"@id\":\"https:\/\/www.campingduvougot.com\/nl\/toerisme-natura-2000-guisseny-finistere\/\",\"url\":\"https:\/\/www.campingduvougot.com\/nl\/toerisme-natura-2000-guisseny-finistere\/\",\"name\":\"Ontdek de moerassen van Guiss\u00e9ny | Bezoek het Natura 2000-gebied Guiss\u00e9ny\",\"isPartOf\":{\"@id\":\"https:\/\/www.campingduvougot.com\/fr\/#website\"},\"primaryImageOfPage\":{\"@id\":\"https:\/\/www.campingduvougot.com\/nl\/toerisme-natura-2000-guisseny-finistere\/#primaryimage\"},\"image\":{\"@id\":\"https:\/\/www.campingduvougot.com\/nl\/toerisme-natura-2000-guisseny-finistere\/#primaryimage\"},\"thumbnailUrl\":\"https:\/\/www.campingduvougot.com\/wp-content\/uploads\/2023\/02\/visiter-zone-curnic.jpg\",\"datePublished\":\"2023-03-28T10:17:35+00:00\",\"dateModified\":\"2023-03-28T10:17:36+00:00\",\"description\":\"Ontdek het Natura 2000-gebied Marais du Curnic in Guiss\u00e9ny - Plouguerneau in Finist\u00e8re, op een steenworp afstand van het prachtige strand van Vougo.\",\"breadcrumb\":{\"@id\":\"https:\/\/www.campingduvougot.com\/nl\/toerisme-natura-2000-guisseny-finistere\/#breadcrumb\"},\"inLanguage\":\"nl-NL\",\"potentialAction\":[{\"@type\":\"ReadAction\",\"target\":[\"https:\/\/www.campingduvougot.com\/nl\/toerisme-natura-2000-guisseny-finistere\/\"]}]},{\"@type\":\"ImageObject\",\"inLanguage\":\"nl-NL\",\"@id\":\"https:\/\/www.campingduvougot.com\/nl\/toerisme-natura-2000-guisseny-finistere\/#primaryimage\",\"url\":\"https:\/\/www.campingduvougot.com\/wp-content\/uploads\/2023\/02\/visiter-zone-curnic.jpg\",\"contentUrl\":\"https:\/\/www.campingduvougot.com\/wp-content\/uploads\/2023\/02\/visiter-zone-curnic.jpg\",\"width\":1903,\"height\":627,\"caption\":\"bezoek zone curnic\"},{\"@type\":\"BreadcrumbList\",\"@id\":\"https:\/\/www.campingduvougot.com\/nl\/toerisme-natura-2000-guisseny-finistere\/#breadcrumb\",\"itemListElement\":[{\"@type\":\"ListItem\",\"position\":1,\"name\":\"Camping Plouguerneau\",\"item\":\"https:\/\/www.campingduvougot.com\/nl\/\"},{\"@type\":\"ListItem\",\"position\":2,\"name\":\"Natura 200-gebiedsbezoek\"}]},{\"@type\":\"WebSite\",\"@id\":\"https:\/\/www.campingduvougot.com\/fr\/#website\",\"url\":\"https:\/\/www.campingduvougot.com\/fr\/\",\"name\":\"Camping du Vougot\",\"description\":\"\",\"publisher\":{\"@id\":\"https:\/\/www.campingduvougot.com\/fr\/#organization\"},\"potentialAction\":[{\"@type\":\"SearchAction\",\"target\":{\"@type\":\"EntryPoint\",\"urlTemplate\":\"https:\/\/www.campingduvougot.com\/fr\/?s={search_term_string}\"},\"query-input\":{\"@type\":\"PropertyValueSpecification\",\"valueRequired\":true,\"valueName\":\"search_term_string\"}}],\"inLanguage\":\"nl-NL\"},{\"@type\":\"Organization\",\"@id\":\"https:\/\/www.campingduvougot.com\/fr\/#organization\",\"name\":\"Camping du Vougot\",\"url\":\"https:\/\/www.campingduvougot.com\/fr\/\",\"logo\":{\"@type\":\"ImageObject\",\"inLanguage\":\"nl-NL\",\"@id\":\"https:\/\/www.campingduvougot.com\/fr\/#\/schema\/logo\/image\/\",\"url\":\"https:\/\/www.campingduvougot.com\/wp-content\/uploads\/2023\/02\/camping-du-vougot-logo-blanc-scaled.webp\",\"contentUrl\":\"https:\/\/www.campingduvougot.com\/wp-content\/uploads\/2023\/02\/camping-du-vougot-logo-blanc-scaled.webp\",\"width\":2560,\"height\":1565,\"caption\":\"Camping du Vougot\"},\"image\":{\"@id\":\"https:\/\/www.campingduvougot.com\/fr\/#\/schema\/logo\/image\/\"}}]}<\/script>\n<!-- \/ Yoast SEO plugin. -->","yoast_head_json":{"title":"Ontdek de moerassen van Guiss\u00e9ny | Bezoek het Natura 2000-gebied Guiss\u00e9ny","description":"Ontdek het Natura 2000-gebied Marais du Curnic in Guiss\u00e9ny - Plouguerneau in Finist\u00e8re, op een steenworp afstand van het prachtige strand van Vougo.","robots":{"index":"index","follow":"follow","max-snippet":"max-snippet:-1","max-image-preview":"max-image-preview:large","max-video-preview":"max-video-preview:-1"},"canonical":"https:\/\/www.campingduvougot.com\/nl\/toerisme-natura-2000-guisseny-finistere\/","og_locale":"nl_NL","og_type":"article","og_title":"Ontdek de moerassen van Guiss\u00e9ny | Bezoek het Natura 2000-gebied Guiss\u00e9ny","og_description":"Ontdek het Natura 2000-gebied Marais du Curnic in Guiss\u00e9ny - Plouguerneau in Finist\u00e8re, op een steenworp afstand van het prachtige strand van Vougo.","og_url":"https:\/\/www.campingduvougot.com\/nl\/toerisme-natura-2000-guisseny-finistere\/","og_site_name":"Camping du Vougot","article_modified_time":"2023-03-28T10:17:36+00:00","og_image":[{"width":1903,"height":627,"url":"https:\/\/www.campingduvougot.com\/wp-content\/uploads\/2023\/02\/visiter-zone-curnic.jpg","type":"image\/jpeg"}],"twitter_card":"summary_large_image","twitter_misc":{"Geschatte leestijd":"2 minuten"},"schema":{"@context":"https:\/\/schema.org","@graph":[{"@type":"WebPage","@id":"https:\/\/www.campingduvougot.com\/nl\/toerisme-natura-2000-guisseny-finistere\/","url":"https:\/\/www.campingduvougot.com\/nl\/toerisme-natura-2000-guisseny-finistere\/","name":"Ontdek de moerassen van Guiss\u00e9ny | Bezoek het Natura 2000-gebied Guiss\u00e9ny","isPartOf":{"@id":"https:\/\/www.campingduvougot.com\/fr\/#website"},"primaryImageOfPage":{"@id":"https:\/\/www.campingduvougot.com\/nl\/toerisme-natura-2000-guisseny-finistere\/#primaryimage"},"image":{"@id":"https:\/\/www.campingduvougot.com\/nl\/toerisme-natura-2000-guisseny-finistere\/#primaryimage"},"thumbnailUrl":"https:\/\/www.campingduvougot.com\/wp-content\/uploads\/2023\/02\/visiter-zone-curnic.jpg","datePublished":"2023-03-28T10:17:35+00:00","dateModified":"2023-03-28T10:17:36+00:00","description":"Ontdek het Natura 2000-gebied Marais du Curnic in Guiss\u00e9ny - Plouguerneau in Finist\u00e8re, op een steenworp afstand van het prachtige strand van Vougo.","breadcrumb":{"@id":"https:\/\/www.campingduvougot.com\/nl\/toerisme-natura-2000-guisseny-finistere\/#breadcrumb"},"inLanguage":"nl-NL","potentialAction":[{"@type":"ReadAction","target":["https:\/\/www.campingduvougot.com\/nl\/toerisme-natura-2000-guisseny-finistere\/"]}]},{"@type":"ImageObject","inLanguage":"nl-NL","@id":"https:\/\/www.campingduvougot.com\/nl\/toerisme-natura-2000-guisseny-finistere\/#primaryimage","url":"https:\/\/www.campingduvougot.com\/wp-content\/uploads\/2023\/02\/visiter-zone-curnic.jpg","contentUrl":"https:\/\/www.campingduvougot.com\/wp-content\/uploads\/2023\/02\/visiter-zone-curnic.jpg","width":1903,"height":627,"caption":"bezoek zone curnic"},{"@type":"BreadcrumbList","@id":"https:\/\/www.campingduvougot.com\/nl\/toerisme-natura-2000-guisseny-finistere\/#breadcrumb","itemListElement":[{"@type":"ListItem","position":1,"name":"Camping Plouguerneau","item":"https:\/\/www.campingduvougot.com\/nl\/"},{"@type":"ListItem","position":2,"name":"Natura 200-gebiedsbezoek"}]},{"@type":"WebSite","@id":"https:\/\/www.campingduvougot.com\/fr\/#website","url":"https:\/\/www.campingduvougot.com\/fr\/","name":"Camping du Vougot","description":"","publisher":{"@id":"https:\/\/www.campingduvougot.com\/fr\/#organization"},"potentialAction":[{"@type":"SearchAction","target":{"@type":"EntryPoint","urlTemplate":"https:\/\/www.campingduvougot.com\/fr\/?s={search_term_string}"},"query-input":{"@type":"PropertyValueSpecification","valueRequired":true,"valueName":"search_term_string"}}],"inLanguage":"nl-NL"},{"@type":"Organization","@id":"https:\/\/www.campingduvougot.com\/fr\/#organization","name":"Camping du Vougot","url":"https:\/\/www.campingduvougot.com\/fr\/","logo":{"@type":"ImageObject","inLanguage":"nl-NL","@id":"https:\/\/www.campingduvougot.com\/fr\/#\/schema\/logo\/image\/","url":"https:\/\/www.campingduvougot.com\/wp-content\/uploads\/2023\/02\/camping-du-vougot-logo-blanc-scaled.webp","contentUrl":"https:\/\/www.campingduvougot.com\/wp-content\/uploads\/2023\/02\/camping-du-vougot-logo-blanc-scaled.webp","width":2560,"height":1565,"caption":"Camping du Vougot"},"image":{"@id":"https:\/\/www.campingduvougot.com\/fr\/#\/schema\/logo\/image\/"}}]}},"_links":{"self":[{"href":"https:\/\/www.campingduvougot.com\/nl\/wp-json\/wp\/v2\/pages\/2040","targetHints":{"allow":["GET"]}}],"collection":[{"href":"https:\/\/www.campingduvougot.com\/nl\/wp-json\/wp\/v2\/pages"}],"about":[{"href":"https:\/\/www.campingduvougot.com\/nl\/wp-json\/wp\/v2\/types\/page"}],"author":[{"embeddable":true,"href":"https:\/\/www.campingduvougot.com\/nl\/wp-json\/wp\/v2\/users\/1"}],"replies":[{"embeddable":true,"href":"https:\/\/www.campingduvougot.com\/nl\/wp-json\/wp\/v2\/comments?post=2040"}],"version-history":[{"count":1,"href":"https:\/\/www.campingduvougot.com\/nl\/wp-json\/wp\/v2\/pages\/2040\/revisions"}],"predecessor-version":[{"id":2041,"href":"https:\/\/www.campingduvougot.com\/nl\/wp-json\/wp\/v2\/pages\/2040\/revisions\/2041"}],"wp:featuredmedia":[{"embeddable":true,"href":"https:\/\/www.campingduvougot.com\/nl\/wp-json\/wp\/v2\/media\/1550"}],"wp:attachment":[{"href":"https:\/\/www.campingduvougot.com\/nl\/wp-json\/wp\/v2\/media?parent=2040"}],"wp:term":[{"taxonomy":"sujet","embeddable":true,"href":"https:\/\/www.campingduvougot.com\/nl\/wp-json\/wp\/v2\/sujet?post=2040"}],"curies":[{"name":"wp","href":"https:\/\/api.w.org\/{rel}","templated":true}]}}