{"id":1904,"date":"2023-03-27T20:05:35","date_gmt":"2023-03-27T18:05:35","guid":{"rendered":"https:\/\/www.campingduvougot.com\/juridische-kennisgevingen\/"},"modified":"2024-12-19T16:32:44","modified_gmt":"2024-12-19T15:32:44","slug":"juridische-kennisgevingen","status":"publish","type":"page","link":"https:\/\/www.campingduvougot.com\/nl\/juridische-kennisgevingen\/","title":{"rendered":"Juridische informatie"},"content":{"rendered":"<section id=\"ls-section-block_3afa032e28f84bce098a5b22bd191353\" class=\"ls-section \" >\r\n        <div class=\"container container--wide\">\r\n        \n\n<h1 class=\"ls__heading wp-block-heading has-text-align-center\">Wettelijke kennisgeving<\/h1>\n\n\n\n<h2 class=\"ls__heading wp-block-heading deco\">Verantwoordelijk voor de site<\/h2>\n\n\n\n<p class=\"ls-paragraph\"><strong>CAMPING DU VOUGOT<\/strong><br\/>1037 Route de Prat Ledan<br\/>Lieu-dit Le Vougot <br\/>29880 PLOUGUERNEAU<br\/>T\u00e9l. 07 63 52 55 44<br\/>email: contact[@]campingduvougot.com<br\/>S.A.S. au capital de 15 244,90 \u20ac<br\/>SIRET : 88162946300012<br\/>TVA Intracommunautaire : FR01497672626<br\/>Responsable de publication : Vincent &amp; Nolween Bideau<\/p>\n\n\n\n<h2 class=\"ls__heading wp-block-heading deco\">REALISATIE<\/h2>\n\n\n\n<p class=\"ls-paragraph\"><strong>GEEK TONIC<\/strong><br\/>Repr\u00e9sent\u00e9e par M. Yohan Darmayan en sa qualit\u00e9 de G\u00e9rant<br\/>Si\u00e8ge social : 50 AV. DU LAC MARION 64200 BIARRITZ<br\/>T\u00e9l : 05 32 74 11 52<br\/>E-mail : support@geek-tonic.com<br\/>Site web : <a href=\"https:\/\/www.geek-tonic.com\/\">www.geek-tonic.com<\/a><br\/>SIRET : 89746755100015<br\/>APE : 6201Z <\/p>\n\n\n\n<h2 class=\"ls__heading wp-block-heading deco\">AUTEURSRECHT EN AUTEURSCHAP<\/h2>\n\n\n\n<p class=\"ls-paragraph\">De volledige inhoud van deze site is onderworpen aan het auteursrecht en de intellectuele eigendomsrechten volgens het Franse recht. Elke reproductie (inclusief foto&#8217;s, iconen en downloadbare documenten) is verboden zonder voorafgaande toestemming van GEEK TONIC. Reproductie op een elektronische drager van de gehele of gedeeltelijke site in papieren of elektronische vorm is verboden. GEEK TONIC is niet verantwoordelijk voor de inhoud van de website. GEEK TONIC wijst ook alle verantwoordelijkheid af voor externe links naar deze site.<\/p>\n\n\n\n<h2 class=\"ls__heading wp-block-heading deco\" id=\"m-t-6\">PERSOONSGEGEVENS EN NOMINATIEVE INFORMATIE<\/h2>\n\n\n\n<p class=\"ls-paragraph\">U hebt het recht van toegang, wijziging, rectificatie en verwijdering van de u betreffende gegevens overeenkomstig artikel 34 van de Franse wet op de gegevensbescherming (Loi &#8221; Informatique et Libert\u00e9s &#8221; n\u00b0 78-17 van 6 januari 1978, gewijzigd op 6 augustus 2018). Om dit recht op toegang uit te oefenen, kunt u een schriftelijk verzoek indienen bij de uitgever van de site.<\/p>\n\n\n\n<h2 class=\"ls__heading wp-block-heading deco\">WETGEVING<\/h2>\n\n\n\n<p class=\"ls-paragraph\">Volgens de wet van 11 maart 1957 (art. 41) en het wetboek van intellectuele eigendom van 1 juli 1992 is het verboden enig deel van de site geheel of gedeeltelijk te reproduceren zonder voorafgaande toestemming van de uitgever van de site. Logo&#8217;s, beelden, foto&#8217;s, video&#8217;s, grafische kaarten en teksten zijn eigendom van hun respectieve eigenaars. Deze site kan, zonder zijn medeweten, door middel van hyperlinks verbonden zijn met andere sites. De uitgever van de site wijst alle verantwoordelijkheid af voor de informatie op deze andere sites. De internetgebruiker erkent dat op het gebruik van deze site het Franse recht van toepassing is.<\/p>\n\n\r\n    <\/div>\r\n<\/section>","protected":false},"excerpt":{"rendered":"","protected":false},"author":1,"featured_media":0,"parent":0,"menu_order":0,"comment_status":"closed","ping_status":"closed","template":"","meta":{"_acf_changed":false,"footnotes":""},"sujet":[],"class_list":["post-1904","page","type-page","status-publish","hentry"],"acf":[],"yoast_head":"<!-- This site is optimized with the Yoast SEO plugin v23.4 - https:\/\/yoast.com\/wordpress\/plugins\/seo\/ -->\n<title>Wettelijke kennisgeving - Camping du Vougot<\/title>\n<meta name=\"robots\" content=\"noindex, nofollow\" \/>\n<meta property=\"og:locale\" content=\"nl_NL\" \/>\n<meta property=\"og:type\" content=\"article\" \/>\n<meta property=\"og:title\" content=\"Wettelijke kennisgeving - Camping du Vougot\" \/>\n<meta property=\"og:url\" content=\"https:\/\/www.campingduvougot.com\/nl\/juridische-kennisgevingen\/\" \/>\n<meta property=\"og:site_name\" content=\"Camping du Vougot\" \/>\n<meta property=\"article:modified_time\" content=\"2024-12-19T15:32:44+00:00\" \/>\n<meta name=\"twitter:card\" content=\"summary_large_image\" \/>\n<meta name=\"twitter:label1\" content=\"Geschatte leestijd\" \/>\n\t<meta name=\"twitter:data1\" content=\"2 minuten\" \/>\n<script type=\"application\/ld+json\" class=\"yoast-schema-graph\">{\"@context\":\"https:\/\/schema.org\",\"@graph\":[{\"@type\":\"WebPage\",\"@id\":\"https:\/\/www.campingduvougot.com\/nl\/juridische-kennisgevingen\/\",\"url\":\"https:\/\/www.campingduvougot.com\/nl\/juridische-kennisgevingen\/\",\"name\":\"Wettelijke kennisgeving - Camping du Vougot\",\"isPartOf\":{\"@id\":\"https:\/\/www.campingduvougot.com\/fr\/#website\"},\"datePublished\":\"2023-03-27T18:05:35+00:00\",\"dateModified\":\"2024-12-19T15:32:44+00:00\",\"breadcrumb\":{\"@id\":\"https:\/\/www.campingduvougot.com\/nl\/juridische-kennisgevingen\/#breadcrumb\"},\"inLanguage\":\"nl-NL\",\"potentialAction\":[{\"@type\":\"ReadAction\",\"target\":[\"https:\/\/www.campingduvougot.com\/nl\/juridische-kennisgevingen\/\"]}]},{\"@type\":\"BreadcrumbList\",\"@id\":\"https:\/\/www.campingduvougot.com\/nl\/juridische-kennisgevingen\/#breadcrumb\",\"itemListElement\":[{\"@type\":\"ListItem\",\"position\":1,\"name\":\"Camping Plouguerneau\",\"item\":\"https:\/\/www.campingduvougot.com\/nl\/\"},{\"@type\":\"ListItem\",\"position\":2,\"name\":\"Juridische informatie\"}]},{\"@type\":\"WebSite\",\"@id\":\"https:\/\/www.campingduvougot.com\/fr\/#website\",\"url\":\"https:\/\/www.campingduvougot.com\/fr\/\",\"name\":\"Camping du Vougot\",\"description\":\"\",\"publisher\":{\"@id\":\"https:\/\/www.campingduvougot.com\/fr\/#organization\"},\"potentialAction\":[{\"@type\":\"SearchAction\",\"target\":{\"@type\":\"EntryPoint\",\"urlTemplate\":\"https:\/\/www.campingduvougot.com\/fr\/?s={search_term_string}\"},\"query-input\":{\"@type\":\"PropertyValueSpecification\",\"valueRequired\":true,\"valueName\":\"search_term_string\"}}],\"inLanguage\":\"nl-NL\"},{\"@type\":\"Organization\",\"@id\":\"https:\/\/www.campingduvougot.com\/fr\/#organization\",\"name\":\"Camping du Vougot\",\"url\":\"https:\/\/www.campingduvougot.com\/fr\/\",\"logo\":{\"@type\":\"ImageObject\",\"inLanguage\":\"nl-NL\",\"@id\":\"https:\/\/www.campingduvougot.com\/fr\/#\/schema\/logo\/image\/\",\"url\":\"https:\/\/www.campingduvougot.com\/wp-content\/uploads\/2023\/02\/camping-du-vougot-logo-blanc-scaled.webp\",\"contentUrl\":\"https:\/\/www.campingduvougot.com\/wp-content\/uploads\/2023\/02\/camping-du-vougot-logo-blanc-scaled.webp\",\"width\":2560,\"height\":1565,\"caption\":\"Camping du Vougot\"},\"image\":{\"@id\":\"https:\/\/www.campingduvougot.com\/fr\/#\/schema\/logo\/image\/\"}}]}<\/script>\n<!-- \/ Yoast SEO plugin. -->","yoast_head_json":{"title":"Wettelijke kennisgeving - Camping du Vougot","robots":{"index":"noindex","follow":"nofollow"},"og_locale":"nl_NL","og_type":"article","og_title":"Wettelijke kennisgeving - Camping du Vougot","og_url":"https:\/\/www.campingduvougot.com\/nl\/juridische-kennisgevingen\/","og_site_name":"Camping du Vougot","article_modified_time":"2024-12-19T15:32:44+00:00","twitter_card":"summary_large_image","twitter_misc":{"Geschatte leestijd":"2 minuten"},"schema":{"@context":"https:\/\/schema.org","@graph":[{"@type":"WebPage","@id":"https:\/\/www.campingduvougot.com\/nl\/juridische-kennisgevingen\/","url":"https:\/\/www.campingduvougot.com\/nl\/juridische-kennisgevingen\/","name":"Wettelijke kennisgeving - Camping du Vougot","isPartOf":{"@id":"https:\/\/www.campingduvougot.com\/fr\/#website"},"datePublished":"2023-03-27T18:05:35+00:00","dateModified":"2024-12-19T15:32:44+00:00","breadcrumb":{"@id":"https:\/\/www.campingduvougot.com\/nl\/juridische-kennisgevingen\/#breadcrumb"},"inLanguage":"nl-NL","potentialAction":[{"@type":"ReadAction","target":["https:\/\/www.campingduvougot.com\/nl\/juridische-kennisgevingen\/"]}]},{"@type":"BreadcrumbList","@id":"https:\/\/www.campingduvougot.com\/nl\/juridische-kennisgevingen\/#breadcrumb","itemListElement":[{"@type":"ListItem","position":1,"name":"Camping Plouguerneau","item":"https:\/\/www.campingduvougot.com\/nl\/"},{"@type":"ListItem","position":2,"name":"Juridische informatie"}]},{"@type":"WebSite","@id":"https:\/\/www.campingduvougot.com\/fr\/#website","url":"https:\/\/www.campingduvougot.com\/fr\/","name":"Camping du Vougot","description":"","publisher":{"@id":"https:\/\/www.campingduvougot.com\/fr\/#organization"},"potentialAction":[{"@type":"SearchAction","target":{"@type":"EntryPoint","urlTemplate":"https:\/\/www.campingduvougot.com\/fr\/?s={search_term_string}"},"query-input":{"@type":"PropertyValueSpecification","valueRequired":true,"valueName":"search_term_string"}}],"inLanguage":"nl-NL"},{"@type":"Organization","@id":"https:\/\/www.campingduvougot.com\/fr\/#organization","name":"Camping du Vougot","url":"https:\/\/www.campingduvougot.com\/fr\/","logo":{"@type":"ImageObject","inLanguage":"nl-NL","@id":"https:\/\/www.campingduvougot.com\/fr\/#\/schema\/logo\/image\/","url":"https:\/\/www.campingduvougot.com\/wp-content\/uploads\/2023\/02\/camping-du-vougot-logo-blanc-scaled.webp","contentUrl":"https:\/\/www.campingduvougot.com\/wp-content\/uploads\/2023\/02\/camping-du-vougot-logo-blanc-scaled.webp","width":2560,"height":1565,"caption":"Camping du Vougot"},"image":{"@id":"https:\/\/www.campingduvougot.com\/fr\/#\/schema\/logo\/image\/"}}]}},"_links":{"self":[{"href":"https:\/\/www.campingduvougot.com\/nl\/wp-json\/wp\/v2\/pages\/1904","targetHints":{"allow":["GET"]}}],"collection":[{"href":"https:\/\/www.campingduvougot.com\/nl\/wp-json\/wp\/v2\/pages"}],"about":[{"href":"https:\/\/www.campingduvougot.com\/nl\/wp-json\/wp\/v2\/types\/page"}],"author":[{"embeddable":true,"href":"https:\/\/www.campingduvougot.com\/nl\/wp-json\/wp\/v2\/users\/1"}],"replies":[{"embeddable":true,"href":"https:\/\/www.campingduvougot.com\/nl\/wp-json\/wp\/v2\/comments?post=1904"}],"version-history":[{"count":3,"href":"https:\/\/www.campingduvougot.com\/nl\/wp-json\/wp\/v2\/pages\/1904\/revisions"}],"predecessor-version":[{"id":2628,"href":"https:\/\/www.campingduvougot.com\/nl\/wp-json\/wp\/v2\/pages\/1904\/revisions\/2628"}],"wp:attachment":[{"href":"https:\/\/www.campingduvougot.com\/nl\/wp-json\/wp\/v2\/media?parent=1904"}],"wp:term":[{"taxonomy":"sujet","embeddable":true,"href":"https:\/\/www.campingduvougot.com\/nl\/wp-json\/wp\/v2\/sujet?post=1904"}],"curies":[{"name":"wp","href":"https:\/\/api.w.org\/{rel}","templated":true}]}}