{"id":220,"date":"2023-02-15T11:04:05","date_gmt":"2023-02-15T10:04:05","guid":{"rendered":"https:\/\/www.campingduvougot.com\/?page_id=220"},"modified":"2023-03-30T10:48:09","modified_gmt":"2023-03-30T08:48:09","slug":"contact-acces","status":"publish","type":"page","link":"https:\/\/www.campingduvougot.com\/fr\/contact-acces\/","title":{"rendered":"Contact &#038; acc\u00e8s"},"content":{"rendered":"<section id=\"ls-section-block_7bf90e1e28f24aca43c545fd253da66f\" class=\"ls-section \" >\r\n        <div class=\"container \">\r\n        \n\n<h1 class=\"ls__heading wp-block-heading has-text-align-center vague\">Contact et acc\u00e8s<\/h1>\n\n\r\n    <\/div>\r\n<\/section>\n\n<section id=\"ls-section-block_6ca62a44f6665569feadd9394d33af1d\" class=\"ls-section  page-contact\" >\r\n        <div class=\"container container--wide\">\r\n        \n\n<div class=\"wp-block-columns is-layout-flex wp-container-core-columns-is-layout-9d6595d7 wp-block-columns-is-layout-flex\">\n<div class=\"wp-block-column is-layout-flow wp-block-column-is-layout-flow\">\n<h2 class=\"ls__heading wp-block-heading deco\">Contactez-nous<\/h2>\n\n\n\n<p class=\"ls-paragraph\"><strong>Adresse<\/strong> <\/p>\n\n\n\n<p class=\"ls-paragraph\">1037 Route de Prat Ledan<br>29880 PLOUGUERNEAU<br>BRETAGNE FINIST\u00c8RE <\/p>\n\n\n\n<p class=\"ls-paragraph\"><strong>Tel. <\/strong>: 07 63 52 55 44<\/p>\n\n\n\n<p class=\"ls-paragraph\"><strong>E-mail<\/strong> : contact[@]campingduvougot.com <\/p>\n<\/div>\n\n\n\n<div class=\"wp-block-column is-layout-flow wp-block-column-is-layout-flow\">\n<div class=\"wp-block-contact-form-7-contact-form-selector\">\n<div class=\"wpcf7 no-js\" id=\"wpcf7-f6-o1\" lang=\"fr-FR\" dir=\"ltr\" data-wpcf7-id=\"6\">\n<div class=\"screen-reader-response\"><p role=\"status\" aria-live=\"polite\" aria-atomic=\"true\"><\/p> <ul><\/ul><\/div>\n<form action=\"\/fr\/wp-json\/wp\/v2\/pages\/220#wpcf7-f6-o1\" method=\"post\" class=\"wpcf7-form init\" aria-label=\"Formulaire de contact\" novalidate=\"novalidate\" data-status=\"init\">\n<fieldset class=\"hidden-fields-container\"><input type=\"hidden\" name=\"_wpcf7\" value=\"6\" \/><input type=\"hidden\" name=\"_wpcf7_version\" value=\"6.1\" \/><input type=\"hidden\" name=\"_wpcf7_locale\" value=\"fr_FR\" \/><input type=\"hidden\" name=\"_wpcf7_unit_tag\" value=\"wpcf7-f6-o1\" \/><input type=\"hidden\" name=\"_wpcf7_container_post\" value=\"0\" \/><input type=\"hidden\" name=\"_wpcf7_posted_data_hash\" value=\"\" \/><input type=\"hidden\" name=\"_wpcf7_recaptcha_response\" value=\"\" \/>\n<\/fieldset>\n<p><label> Votre nom<br \/>\n<span class=\"wpcf7-form-control-wrap\" data-name=\"your-name\"><input size=\"40\" maxlength=\"400\" class=\"wpcf7-form-control wpcf7-text wpcf7-validates-as-required\" autocomplete=\"name\" aria-required=\"true\" aria-invalid=\"false\" value=\"\" type=\"text\" name=\"your-name\" \/><\/span> <\/label>\n<\/p>\n<p><label> Votre email<br \/>\n<span class=\"wpcf7-form-control-wrap\" data-name=\"your-email\"><input size=\"40\" maxlength=\"400\" class=\"wpcf7-form-control wpcf7-email wpcf7-validates-as-required wpcf7-text wpcf7-validates-as-email\" autocomplete=\"email\" aria-required=\"true\" aria-invalid=\"false\" value=\"\" type=\"email\" name=\"your-email\" \/><\/span> <\/label>\n<\/p>\n<p><label> Sujet<br \/>\n<span class=\"wpcf7-form-control-wrap\" data-name=\"your-subject\"><input size=\"40\" maxlength=\"400\" class=\"wpcf7-form-control wpcf7-text wpcf7-validates-as-required\" aria-required=\"true\" aria-invalid=\"false\" value=\"\" type=\"text\" name=\"your-subject\" \/><\/span> <\/label>\n<\/p>\n<p><label> Votre message<br \/>\n<span class=\"wpcf7-form-control-wrap\" data-name=\"your-message\"><textarea cols=\"40\" rows=\"10\" maxlength=\"2000\" class=\"wpcf7-form-control wpcf7-textarea\" aria-invalid=\"false\" name=\"your-message\"><\/textarea><\/span> <\/label>\n<\/p>\n<p><span class=\"wpcf7-form-control-wrap\" data-name=\"acceptance-553\"><span class=\"wpcf7-form-control wpcf7-acceptance\"><span class=\"wpcf7-list-item\"><label><input type=\"checkbox\" name=\"acceptance-553\" value=\"1\" aria-invalid=\"false\" \/><span class=\"wpcf7-list-item-label\">En cochant cette case, j'accepte la <a href=\"https:\/\/www.campingduvougot.com\/fr\/politique-de-confidentialite\/\" rel=\"nofollow\" target=\"_blank\" >Politique de confidentialit\u00e9<\/a> de ce site.<\/span><\/label><\/span><\/span><\/span><input class=\"wpcf7-form-control wpcf7-submit has-spinner\" type=\"submit\" value=\"Envoyer\" \/>\n<\/p><div class=\"wpcf7-response-output\" aria-hidden=\"true\"><\/div>\n<\/form>\n<\/div>\n<\/div>\n<\/div>\n<\/div>\n\n\n\n<div class=\"wp-block-columns is-layout-flex wp-container-core-columns-is-layout-9d6595d7 wp-block-columns-is-layout-flex\">\n<div class=\"wp-block-column is-layout-flow wp-block-column-is-layout-flow\">\n<iframe src=\"https:\/\/www.google.com\/maps\/embed?pb=!1m18!1m12!1m3!1d2636.8828820562926!2d-4.4518333843336455!3d48.631223179265916!2m3!1f0!2f0!3f0!3m2!1i1024!2i768!4f13.1!3m3!1m2!1s0x4816a7ffa643415b%3A0x157dce34e1782989!2sCamping%20du%20Vougot!5e0!3m2!1sfr!2sfr!4v1678271368341!5m2!1sfr!2sfr\" width=\"600\" height=\"450\" style=\"border:0;\" allowfullscreen=\"\" loading=\"lazy\" referrerpolicy=\"no-referrer-when-downgrade\"><\/iframe>\n<\/div>\n\n\n\n<div class=\"wp-block-column is-layout-flow wp-block-column-is-layout-flow\">\n<h2 class=\"ls__heading wp-block-heading deco\">Acc\u00e9dez au camping<\/h2>\n\n\n\n<p class=\"ls-paragraph\">Le <a href=\"https:\/\/www.campingduvougot.com\/fr\/\">camping du Vougot<\/a> est situ\u00e9 sur la commune de Plouguerneau mais limitrophe de la commune de Guiss\u00e9ny.<\/p>\n\n\n\n<p class=\"ls-paragraph\"><strong>Par la route<\/strong> :&nbsp;<\/p>\n\n\n\n<ul class=\"ls-list wp-block-list\">\n<li>depuis Brest, suivre Lannilis, Plouguerneau Guiss\u00e9ny<\/li>\n\n\n\n<li>depuis Saint Brieuc suivre Lesneven, Guiss\u00e9ny<\/li>\n<\/ul>\n\n\n\n<p class=\"ls-paragraph\"><strong>Par avion<\/strong> :&nbsp;<\/p>\n\n\n\n<ul class=\"ls-list wp-block-list\">\n<li>a\u00e9roport de Brest Guipavas puis par taxi<\/li>\n<\/ul>\n<\/div>\n<\/div>\n\n\r\n    <\/div>\r\n<\/section>","protected":false},"excerpt":{"rendered":"","protected":false},"author":1,"featured_media":1380,"parent":0,"menu_order":0,"comment_status":"closed","ping_status":"closed","template":"","meta":{"_acf_changed":false,"footnotes":""},"sujet":[],"class_list":["post-220","page","type-page","status-publish","has-post-thumbnail","hentry"],"acf":[],"yoast_head":"<!-- This site is optimized with the Yoast SEO plugin v23.4 - https:\/\/yoast.com\/wordpress\/plugins\/seo\/ -->\n<title>Contact pour le camping du Vougot \u00e0 Plouguerneau- Camping Finist\u00e8re avec piscine<\/title>\n<meta name=\"description\" content=\"Contactez le camping du Vougot 3 \u00e9toiles, camping en Finist\u00e8re avec piscine, situ\u00e9 pr\u00e8s de Brest, \u00e0 Plouguerneau (29), pour toute question sur nos h\u00e9bergements et emplacements.\" \/>\n<meta name=\"robots\" content=\"index, follow, max-snippet:-1, max-image-preview:large, max-video-preview:-1\" \/>\n<link rel=\"canonical\" href=\"https:\/\/www.campingduvougot.com\/fr\/contact-acces\/\" \/>\n<meta property=\"og:locale\" content=\"fr_FR\" \/>\n<meta property=\"og:type\" content=\"article\" \/>\n<meta property=\"og:title\" content=\"Contact pour le camping du Vougot \u00e0 Plouguerneau- Camping Finist\u00e8re avec piscine\" \/>\n<meta property=\"og:description\" content=\"Contactez le camping du Vougot 3 \u00e9toiles, camping en Finist\u00e8re avec piscine, situ\u00e9 pr\u00e8s de Brest, \u00e0 Plouguerneau (29), pour toute question sur nos h\u00e9bergements et emplacements.\" \/>\n<meta property=\"og:url\" content=\"https:\/\/www.campingduvougot.com\/fr\/contact-acces\/\" \/>\n<meta property=\"og:site_name\" content=\"Camping du Vougot\" \/>\n<meta property=\"article:modified_time\" content=\"2023-03-30T08:48:09+00:00\" \/>\n<meta property=\"og:image\" content=\"https:\/\/www.campingduvougot.com\/wp-content\/uploads\/2023\/03\/vacances-en-famille-camping-le-vougot.webp\" \/>\n\t<meta property=\"og:image:width\" content=\"1920\" \/>\n\t<meta property=\"og:image:height\" content=\"696\" \/>\n\t<meta property=\"og:image:type\" content=\"image\/webp\" \/>\n<meta name=\"twitter:card\" content=\"summary_large_image\" \/>\n<meta name=\"twitter:label1\" content=\"Dur\u00e9e de lecture estim\u00e9e\" \/>\n\t<meta name=\"twitter:data1\" content=\"1 minute\" \/>\n<script type=\"application\/ld+json\" class=\"yoast-schema-graph\">{\"@context\":\"https:\/\/schema.org\",\"@graph\":[{\"@type\":\"WebPage\",\"@id\":\"https:\/\/www.campingduvougot.com\/fr\/contact-acces\/\",\"url\":\"https:\/\/www.campingduvougot.com\/fr\/contact-acces\/\",\"name\":\"Contact pour le camping du Vougot \u00e0 Plouguerneau- Camping Finist\u00e8re avec piscine\",\"isPartOf\":{\"@id\":\"https:\/\/www.campingduvougot.com\/fr\/#website\"},\"primaryImageOfPage\":{\"@id\":\"https:\/\/www.campingduvougot.com\/fr\/contact-acces\/#primaryimage\"},\"image\":{\"@id\":\"https:\/\/www.campingduvougot.com\/fr\/contact-acces\/#primaryimage\"},\"thumbnailUrl\":\"https:\/\/www.campingduvougot.com\/wp-content\/uploads\/2023\/03\/vacances-en-famille-camping-le-vougot.webp\",\"datePublished\":\"2023-02-15T10:04:05+00:00\",\"dateModified\":\"2023-03-30T08:48:09+00:00\",\"description\":\"Contactez le camping du Vougot 3 \u00e9toiles, camping en Finist\u00e8re avec piscine, situ\u00e9 pr\u00e8s de Brest, \u00e0 Plouguerneau (29), pour toute question sur nos h\u00e9bergements et emplacements.\",\"breadcrumb\":{\"@id\":\"https:\/\/www.campingduvougot.com\/fr\/contact-acces\/#breadcrumb\"},\"inLanguage\":\"fr-FR\",\"potentialAction\":[{\"@type\":\"ReadAction\",\"target\":[\"https:\/\/www.campingduvougot.com\/fr\/contact-acces\/\"]}]},{\"@type\":\"ImageObject\",\"inLanguage\":\"fr-FR\",\"@id\":\"https:\/\/www.campingduvougot.com\/fr\/contact-acces\/#primaryimage\",\"url\":\"https:\/\/www.campingduvougot.com\/wp-content\/uploads\/2023\/03\/vacances-en-famille-camping-le-vougot.webp\",\"contentUrl\":\"https:\/\/www.campingduvougot.com\/wp-content\/uploads\/2023\/03\/vacances-en-famille-camping-le-vougot.webp\",\"width\":1920,\"height\":696,\"caption\":\"vacances en famille camping le vougot\"},{\"@type\":\"BreadcrumbList\",\"@id\":\"https:\/\/www.campingduvougot.com\/fr\/contact-acces\/#breadcrumb\",\"itemListElement\":[{\"@type\":\"ListItem\",\"position\":1,\"name\":\"Camping Plouguerneau\",\"item\":\"https:\/\/www.campingduvougot.com\/fr\/\"},{\"@type\":\"ListItem\",\"position\":2,\"name\":\"Contact et acc\u00e8s\"}]},{\"@type\":\"WebSite\",\"@id\":\"https:\/\/www.campingduvougot.com\/fr\/#website\",\"url\":\"https:\/\/www.campingduvougot.com\/fr\/\",\"name\":\"Camping du Vougot\",\"description\":\"\",\"publisher\":{\"@id\":\"https:\/\/www.campingduvougot.com\/fr\/#organization\"},\"potentialAction\":[{\"@type\":\"SearchAction\",\"target\":{\"@type\":\"EntryPoint\",\"urlTemplate\":\"https:\/\/www.campingduvougot.com\/fr\/?s={search_term_string}\"},\"query-input\":{\"@type\":\"PropertyValueSpecification\",\"valueRequired\":true,\"valueName\":\"search_term_string\"}}],\"inLanguage\":\"fr-FR\"},{\"@type\":\"Organization\",\"@id\":\"https:\/\/www.campingduvougot.com\/fr\/#organization\",\"name\":\"Camping du Vougot\",\"url\":\"https:\/\/www.campingduvougot.com\/fr\/\",\"logo\":{\"@type\":\"ImageObject\",\"inLanguage\":\"fr-FR\",\"@id\":\"https:\/\/www.campingduvougot.com\/fr\/#\/schema\/logo\/image\/\",\"url\":\"https:\/\/www.campingduvougot.com\/wp-content\/uploads\/2023\/02\/camping-du-vougot-logo-blanc-scaled.webp\",\"contentUrl\":\"https:\/\/www.campingduvougot.com\/wp-content\/uploads\/2023\/02\/camping-du-vougot-logo-blanc-scaled.webp\",\"width\":2560,\"height\":1565,\"caption\":\"Camping du Vougot\"},\"image\":{\"@id\":\"https:\/\/www.campingduvougot.com\/fr\/#\/schema\/logo\/image\/\"}}]}<\/script>\n<!-- \/ Yoast SEO plugin. -->","yoast_head_json":{"title":"Contact pour le camping du Vougot \u00e0 Plouguerneau- Camping Finist\u00e8re avec piscine","description":"Contactez le camping du Vougot 3 \u00e9toiles, camping en Finist\u00e8re avec piscine, situ\u00e9 pr\u00e8s de Brest, \u00e0 Plouguerneau (29), pour toute question sur nos h\u00e9bergements et emplacements.","robots":{"index":"index","follow":"follow","max-snippet":"max-snippet:-1","max-image-preview":"max-image-preview:large","max-video-preview":"max-video-preview:-1"},"canonical":"https:\/\/www.campingduvougot.com\/fr\/contact-acces\/","og_locale":"fr_FR","og_type":"article","og_title":"Contact pour le camping du Vougot \u00e0 Plouguerneau- Camping Finist\u00e8re avec piscine","og_description":"Contactez le camping du Vougot 3 \u00e9toiles, camping en Finist\u00e8re avec piscine, situ\u00e9 pr\u00e8s de Brest, \u00e0 Plouguerneau (29), pour toute question sur nos h\u00e9bergements et emplacements.","og_url":"https:\/\/www.campingduvougot.com\/fr\/contact-acces\/","og_site_name":"Camping du Vougot","article_modified_time":"2023-03-30T08:48:09+00:00","og_image":[{"width":1920,"height":696,"url":"https:\/\/www.campingduvougot.com\/wp-content\/uploads\/2023\/03\/vacances-en-famille-camping-le-vougot.webp","type":"image\/webp"}],"twitter_card":"summary_large_image","twitter_misc":{"Dur\u00e9e de lecture estim\u00e9e":"1 minute"},"schema":{"@context":"https:\/\/schema.org","@graph":[{"@type":"WebPage","@id":"https:\/\/www.campingduvougot.com\/fr\/contact-acces\/","url":"https:\/\/www.campingduvougot.com\/fr\/contact-acces\/","name":"Contact pour le camping du Vougot \u00e0 Plouguerneau- Camping Finist\u00e8re avec piscine","isPartOf":{"@id":"https:\/\/www.campingduvougot.com\/fr\/#website"},"primaryImageOfPage":{"@id":"https:\/\/www.campingduvougot.com\/fr\/contact-acces\/#primaryimage"},"image":{"@id":"https:\/\/www.campingduvougot.com\/fr\/contact-acces\/#primaryimage"},"thumbnailUrl":"https:\/\/www.campingduvougot.com\/wp-content\/uploads\/2023\/03\/vacances-en-famille-camping-le-vougot.webp","datePublished":"2023-02-15T10:04:05+00:00","dateModified":"2023-03-30T08:48:09+00:00","description":"Contactez le camping du Vougot 3 \u00e9toiles, camping en Finist\u00e8re avec piscine, situ\u00e9 pr\u00e8s de Brest, \u00e0 Plouguerneau (29), pour toute question sur nos h\u00e9bergements et emplacements.","breadcrumb":{"@id":"https:\/\/www.campingduvougot.com\/fr\/contact-acces\/#breadcrumb"},"inLanguage":"fr-FR","potentialAction":[{"@type":"ReadAction","target":["https:\/\/www.campingduvougot.com\/fr\/contact-acces\/"]}]},{"@type":"ImageObject","inLanguage":"fr-FR","@id":"https:\/\/www.campingduvougot.com\/fr\/contact-acces\/#primaryimage","url":"https:\/\/www.campingduvougot.com\/wp-content\/uploads\/2023\/03\/vacances-en-famille-camping-le-vougot.webp","contentUrl":"https:\/\/www.campingduvougot.com\/wp-content\/uploads\/2023\/03\/vacances-en-famille-camping-le-vougot.webp","width":1920,"height":696,"caption":"vacances en famille camping le vougot"},{"@type":"BreadcrumbList","@id":"https:\/\/www.campingduvougot.com\/fr\/contact-acces\/#breadcrumb","itemListElement":[{"@type":"ListItem","position":1,"name":"Camping Plouguerneau","item":"https:\/\/www.campingduvougot.com\/fr\/"},{"@type":"ListItem","position":2,"name":"Contact et acc\u00e8s"}]},{"@type":"WebSite","@id":"https:\/\/www.campingduvougot.com\/fr\/#website","url":"https:\/\/www.campingduvougot.com\/fr\/","name":"Camping du Vougot","description":"","publisher":{"@id":"https:\/\/www.campingduvougot.com\/fr\/#organization"},"potentialAction":[{"@type":"SearchAction","target":{"@type":"EntryPoint","urlTemplate":"https:\/\/www.campingduvougot.com\/fr\/?s={search_term_string}"},"query-input":{"@type":"PropertyValueSpecification","valueRequired":true,"valueName":"search_term_string"}}],"inLanguage":"fr-FR"},{"@type":"Organization","@id":"https:\/\/www.campingduvougot.com\/fr\/#organization","name":"Camping du Vougot","url":"https:\/\/www.campingduvougot.com\/fr\/","logo":{"@type":"ImageObject","inLanguage":"fr-FR","@id":"https:\/\/www.campingduvougot.com\/fr\/#\/schema\/logo\/image\/","url":"https:\/\/www.campingduvougot.com\/wp-content\/uploads\/2023\/02\/camping-du-vougot-logo-blanc-scaled.webp","contentUrl":"https:\/\/www.campingduvougot.com\/wp-content\/uploads\/2023\/02\/camping-du-vougot-logo-blanc-scaled.webp","width":2560,"height":1565,"caption":"Camping du Vougot"},"image":{"@id":"https:\/\/www.campingduvougot.com\/fr\/#\/schema\/logo\/image\/"}}]}},"_links":{"self":[{"href":"https:\/\/www.campingduvougot.com\/fr\/wp-json\/wp\/v2\/pages\/220","targetHints":{"allow":["GET"]}}],"collection":[{"href":"https:\/\/www.campingduvougot.com\/fr\/wp-json\/wp\/v2\/pages"}],"about":[{"href":"https:\/\/www.campingduvougot.com\/fr\/wp-json\/wp\/v2\/types\/page"}],"author":[{"embeddable":true,"href":"https:\/\/www.campingduvougot.com\/fr\/wp-json\/wp\/v2\/users\/1"}],"replies":[{"embeddable":true,"href":"https:\/\/www.campingduvougot.com\/fr\/wp-json\/wp\/v2\/comments?post=220"}],"version-history":[{"count":18,"href":"https:\/\/www.campingduvougot.com\/fr\/wp-json\/wp\/v2\/pages\/220\/revisions"}],"predecessor-version":[{"id":2327,"href":"https:\/\/www.campingduvougot.com\/fr\/wp-json\/wp\/v2\/pages\/220\/revisions\/2327"}],"wp:featuredmedia":[{"embeddable":true,"href":"https:\/\/www.campingduvougot.com\/fr\/wp-json\/wp\/v2\/media\/1380"}],"wp:attachment":[{"href":"https:\/\/www.campingduvougot.com\/fr\/wp-json\/wp\/v2\/media?parent=220"}],"wp:term":[{"taxonomy":"sujet","embeddable":true,"href":"https:\/\/www.campingduvougot.com\/fr\/wp-json\/wp\/v2\/sujet?post=220"}],"curies":[{"name":"wp","href":"https:\/\/api.w.org\/{rel}","templated":true}]}}