{"id":204,"date":"2023-02-15T10:59:23","date_gmt":"2023-02-15T09:59:23","guid":{"rendered":"https:\/\/www.campingduvougot.com\/?page_id=204"},"modified":"2023-03-31T09:45:05","modified_gmt":"2023-03-31T07:45:05","slug":"camping-pas-cher-plouguerneau","status":"publish","type":"page","link":"https:\/\/www.campingduvougot.com\/fr\/camping-pas-cher-plouguerneau\/","title":{"rendered":"Tarifs"},"content":{"rendered":"<section id=\"ls-section-block_6c611469470b636a3ce73e99f940e365\" class=\"ls-section  page-chapeau has-p-b p-b-0\" >\r\n        <div class=\"container \">\r\n        \n\n<h1 class=\"ls__heading wp-block-heading has-text-align-center vague\">Camping pas cher <br>en Finist\u00e8re nord<\/h1>\n\n\r\n    <\/div>\r\n<\/section>\n\n\n<p class=\"ls-paragraph has-text-align-center\">Pour voir toutes nos<strong> locations disponibles<\/strong> et leurs tarifs, s\u00e9lectionnez aussi les<strong> jours d&rsquo;arriv\u00e9es le dimanche et le mercredi <\/strong>pour juillet et ao\u00fbt. <\/p>\n\n\n\n<p class=\"ls-paragraph has-text-align-center\">Pour nos emplacements, les arriv\u00e9es se font tous les jours, sans restriction de dur\u00e9e.<\/p>\n\n\n<section id=\"ls-section-block_9b4ec8c1e949a557430bb8df678551f5\" class=\"ls-section  page-hebergement\" >\r\n        <div class=\"container \">\r\n        \n\n<script>\n    window.ctoutvert = {\n\t\tid: 5079, \n\t\tlang: 'auto', \n\t\turl: 'https:\/\/bookingpremium.secureholiday.net\/widgets\/'\n    };\n\n    (function (w, d, s, ctv, r, js, fjs) {\n        r=new XMLHttpRequest();r.open('GET',w[ctv].url+'js\/src.json');\n        r.responseType='json';r.json=true;r.send();\n        r.onload=function(){w[ctv].src=r.responseType=='json'?r.response:JSON.parse(r.response);\n        js.src=w[ctv].src[0];fjs.parentNode.insertBefore(js, fjs);}\n        js=d.createElement(s),fjs=d.getElementsByTagName(s)[0];\n        js.id='ctvwidget';js.async=1;\n    }(window, document, 'script', 'ctoutvert'));\n<\/script>\n<ctv-availability data-background-color=\"#FFFFFFFF\"><\/ctv-availability>\n\n\r\n    <\/div>\r\n<\/section>\n\n<section id=\"ls-section-block_3633e97736c428a32cb705b172478af1\" class=\"ls-section  page-hebergement-texte\" >\r\n        <div class=\"container container--wide\">\r\n        \n\n<div class=\"wp-block-columns is-layout-flex wp-container-core-columns-is-layout-9d6595d7 wp-block-columns-is-layout-flex\">\n<div class=\"wp-block-column is-vertically-aligned-center is-layout-flow wp-block-column-is-layout-flow\">\n<h2 class=\"ls__heading wp-block-heading deco\">Les h\u00e9bergements pas chers \u00e0 Plouguerneau<\/h2>\n\n\n\n<p class=\"ls-paragraph\">Envie de passer des vacances au bord de la mer dans le pays des Abers et sur la c\u00f4te des L\u00e9gendes, proches des sites incontournables du Finist\u00e8re Nord ? Le camping du Vougot vous propose ses <a href=\"https:\/\/www.campingduvougot.com\/fr\/location-mobil-home-plouguerneau\/\">mobil-homes confortables<\/a>, bien \u00e9quip\u00e9s, ses <a href=\"https:\/\/www.campingduvougot.com\/fr\/location-insolite-plouguerneau\/\">logements originaux<\/a> et ses <a href=\"https:\/\/www.campingduvougot.com\/fr\/location-emplacement-plouguerneau\/\">emplacements spacieux<\/a>.&nbsp;<\/p>\n\n\n\n<p class=\"ls-paragraph\">Pour un budget vacances ma\u00eetris\u00e9, nos bas tarifs des <strong>locations d\u2019h\u00e9bergements incluent l\u2019eau et l\u2019\u00e9lectricit\u00e9<\/strong> et les tarifs des emplacements incluent les douches (pas de jetons) et l\u2019utilisation de l\u2019aire de service.<\/p>\n\n\n\n<p class=\"ls-paragraph\">Nos tarifs \u00e0 bas prix ne comprennent pas :&nbsp;<\/p>\n\n\n\n<ul class=\"ls-list wp-block-list\">\n<li>la taxe de s\u00e9jour qui est de 0.50 \u20ac par personne de plus de 18 ans et par nuit\u00e9e<\/li>\n\n\n\n<li>l\u2019animal qui vous accompagne<\/li>\n\n\n\n<li>le m\u00e9nage en fin de s\u00e9jour<\/li>\n\n\n\n<li>la caution pour la location de l\u2019h\u00e9bergement, le m\u00e9nage et la barri\u00e8re levante<\/li>\n\n\n\n<li>les jetons pour le lave-linge et le s\u00e8che-linge<\/li>\n\n\n\n<li>les parures de draps et de serviettes (disponible \u00e0 la location pour les locatifs sur demande et selon disponibilit\u00e9<\/li>\n\n\n\n<li>le lit b\u00e9b\u00e9 et la chaise haute.<\/li>\n<\/ul>\n<\/div>\n\n\n\n<div class=\"wp-block-column is-vertically-aligned-center is-layout-flow wp-block-column-is-layout-flow\">\n<h2 class=\"ls__heading wp-block-heading deco\">Votre locatif au meilleur prix en Bretagne<\/h2>\n\n\n\n<p class=\"ls-paragraph\">Au camping du Vougot, vous profiterez en plus d\u2019une <a href=\"https:\/\/www.campingduvougot.com\/fr\/camping-piscine-chauffee-plouguerneau\/\">piscine couverte et chauff\u00e9e<\/a>, de <a href=\"https:\/\/www.campingduvougot.com\/fr\/camping-familial-plouguerneau\/\">services<\/a>, d\u2019<a href=\"https:\/\/www.campingduvougot.com\/fr\/camping-activites-plouguerneau\/\">animations<\/a> et d\u2019une ambiance reposante, tout cela \u00e0 petit prix adapt\u00e9 \u00e0 votre budget pour un <strong>s\u00e9jour inoubliable en Bretagne<\/strong>.<\/p>\n\n\n\n<p class=\"ls-paragraph\">Et bien s\u00fbr, le sourire et la bonne humeur sont gratuits ! <\/p>\n\n\n\n<h2 class=\"ls__heading wp-block-heading deco\">R\u00e9servez en direct sur notre site<\/h2>\n\n\n\n<p class=\"ls-paragraph\">Au <a href=\"https:\/\/www.campingduvougot.com\/fr\/\">camping du Vougot \u00e0 Plouguerneau<\/a>, pas de frais de r\u00e9servation : alors pour des vacances au meilleur prix, r\u00e9servez directement sur notre site ou par t\u00e9l\u00e9phone.&nbsp;<\/p>\n\n\n\n<p class=\"ls-paragraph\">Nous acceptons les moyens de paiements suivants : <\/p>\n\n\n\n<ul class=\"ls-list wp-block-list\">\n<li>carte bancaire, en ligne ou sur place<\/li>\n\n\n\n<li>ch\u00e8que bancaire<\/li>\n\n\n\n<li>esp\u00e8ces<\/li>\n\n\n\n<li>ch\u00e8ques vacances ANCV et ANCV connect.<\/li>\n<\/ul>\n<\/div>\n<\/div>\n\n\r\n    <\/div>\r\n<\/section>\n\n<section id=\"ls-section-block_2d0a4606aae9f14429bda2339d8ec18c\" class=\"ls-section  page-maillage-hebergement\" >\r\n        <div class=\"container container--wide\">\r\n        \n\n<div id=\"ls-heading ls-titre-div-block_3cb35070a50aad4f53ceadec1407925a\" class=\"ls-titre-div deco aligncenter h2-like\" >\n    D\u00e9couvrez nos h\u00e9bergements !<\/div>\n\n\n<div id=\"ls-maillage-block_5ea7a9bd8296450db7bec8e5efa3b95f\" class=\"ls-maillage cta-style-normal\" data-rows=\"3\">\n    <div class=\"wp-block-columns\"><div class=\"wp-block-column\">\n\n<a href=\"https:\/\/www.campingduvougot.com\/fr\/location-mobil-home-plouguerneau\/\" target=\"\" rel=\"noopener\" class=\"ls-cta__link\">\n\n\t<div class=\"ls-cta__image\"><img decoding=\"async\" src=\"https:\/\/www.campingduvougot.com\/wp-content\/uploads\/2023\/02\/location-mobil-home.jpg\" alt=\"location mobil home\"><\/div>\n\t<div class=\"ls-cta__title\">\n\t\tMobil-homes\t<\/div>\n\n\t\t\n<\/a><\/div><div class=\"wp-block-column\">\n\n<a href=\"https:\/\/www.campingduvougot.com\/fr\/location-insolite-plouguerneau\/\" target=\"\" rel=\"noopener\" class=\"ls-cta__link\">\n\n\t<div class=\"ls-cta__image\"><img decoding=\"async\" src=\"https:\/\/www.campingduvougot.com\/wp-content\/uploads\/2023\/02\/location-atypique.jpg\" alt=\"location atypique\"><\/div>\n\t<div class=\"ls-cta__title\">\n\t\tInsolites\t<\/div>\n\n\t\t\n<\/a><\/div><div class=\"wp-block-column\">\n\n<a href=\"https:\/\/www.campingduvougot.com\/fr\/location-emplacement-plouguerneau\/\" target=\"\" rel=\"noopener\" class=\"ls-cta__link\">\n\n\t<div class=\"ls-cta__image\"><img decoding=\"async\" src=\"https:\/\/www.campingduvougot.com\/wp-content\/uploads\/2023\/02\/emplacement-finistere-e1685460187653.jpg\" alt=\"emplacement finistere\"><\/div>\n\t<div class=\"ls-cta__title\">\n\t\tEmplacements\t<\/div>\n\n\t\t\n<\/a><\/div><\/div><\/div>\n\r\n    <\/div>\r\n<\/section>","protected":false},"excerpt":{"rendered":"<p>Pour voir toutes nos locations disponibles et leurs tarifs, s\u00e9lectionnez aussi les jours d&rsquo;arriv\u00e9es le dimanche et le mercredi pour juillet et ao\u00fbt. Pour nos emplacements, les arriv\u00e9es se font tous les jours, sans restriction de dur\u00e9e.<\/p>\n","protected":false},"author":1,"featured_media":1123,"parent":0,"menu_order":0,"comment_status":"closed","ping_status":"closed","template":"","meta":{"_acf_changed":false,"footnotes":""},"sujet":[],"class_list":["post-204","page","type-page","status-publish","has-post-thumbnail","hentry"],"acf":[],"yoast_head":"<!-- This site is optimized with the Yoast SEO plugin v23.4 - https:\/\/yoast.com\/wordpress\/plugins\/seo\/ -->\n<title>Camping pas cher dans le Finist\u00e8re | Camping \u00e0 petit prix Plouguerneau<\/title>\n<meta name=\"robots\" content=\"index, follow, max-snippet:-1, max-image-preview:large, max-video-preview:-1\" \/>\n<link rel=\"canonical\" href=\"https:\/\/www.campingduvougot.com\/fr\/camping-pas-cher-plouguerneau\/\" \/>\n<meta property=\"og:locale\" content=\"fr_FR\" \/>\n<meta property=\"og:type\" content=\"article\" \/>\n<meta property=\"og:title\" content=\"Camping pas cher dans le Finist\u00e8re | Camping \u00e0 petit prix Plouguerneau\" \/>\n<meta property=\"og:description\" content=\"Pour voir toutes nos locations disponibles et leurs tarifs, s\u00e9lectionnez aussi les jours d&rsquo;arriv\u00e9es le dimanche et le mercredi pour juillet et ao\u00fbt. Pour nos emplacements, les arriv\u00e9es se font tous les jours, sans restriction de dur\u00e9e.\" \/>\n<meta property=\"og:url\" content=\"https:\/\/www.campingduvougot.com\/fr\/camping-pas-cher-plouguerneau\/\" \/>\n<meta property=\"og:site_name\" content=\"Camping du Vougot\" \/>\n<meta property=\"article:modified_time\" content=\"2023-03-31T07:45:05+00:00\" \/>\n<meta property=\"og:image\" content=\"https:\/\/www.campingduvougot.com\/wp-content\/uploads\/2023\/03\/Sans-titre-11.jpg\" \/>\n\t<meta property=\"og:image:width\" content=\"1920\" \/>\n\t<meta property=\"og:image:height\" content=\"497\" \/>\n\t<meta property=\"og:image:type\" content=\"image\/jpeg\" \/>\n<meta name=\"twitter:card\" content=\"summary_large_image\" \/>\n<meta name=\"twitter:label1\" content=\"Dur\u00e9e de lecture estim\u00e9e\" \/>\n\t<meta name=\"twitter:data1\" content=\"2 minutes\" \/>\n<script type=\"application\/ld+json\" class=\"yoast-schema-graph\">{\"@context\":\"https:\/\/schema.org\",\"@graph\":[{\"@type\":\"WebPage\",\"@id\":\"https:\/\/www.campingduvougot.com\/fr\/camping-pas-cher-plouguerneau\/\",\"url\":\"https:\/\/www.campingduvougot.com\/fr\/camping-pas-cher-plouguerneau\/\",\"name\":\"Camping pas cher dans le Finist\u00e8re | Camping \u00e0 petit prix Plouguerneau\",\"isPartOf\":{\"@id\":\"https:\/\/www.campingduvougot.com\/fr\/#website\"},\"primaryImageOfPage\":{\"@id\":\"https:\/\/www.campingduvougot.com\/fr\/camping-pas-cher-plouguerneau\/#primaryimage\"},\"image\":{\"@id\":\"https:\/\/www.campingduvougot.com\/fr\/camping-pas-cher-plouguerneau\/#primaryimage\"},\"thumbnailUrl\":\"https:\/\/www.campingduvougot.com\/wp-content\/uploads\/2023\/03\/Sans-titre-11.jpg\",\"datePublished\":\"2023-02-15T09:59:23+00:00\",\"dateModified\":\"2023-03-31T07:45:05+00:00\",\"breadcrumb\":{\"@id\":\"https:\/\/www.campingduvougot.com\/fr\/camping-pas-cher-plouguerneau\/#breadcrumb\"},\"inLanguage\":\"fr-FR\",\"potentialAction\":[{\"@type\":\"ReadAction\",\"target\":[\"https:\/\/www.campingduvougot.com\/fr\/camping-pas-cher-plouguerneau\/\"]}]},{\"@type\":\"ImageObject\",\"inLanguage\":\"fr-FR\",\"@id\":\"https:\/\/www.campingduvougot.com\/fr\/camping-pas-cher-plouguerneau\/#primaryimage\",\"url\":\"https:\/\/www.campingduvougot.com\/wp-content\/uploads\/2023\/03\/Sans-titre-11.jpg\",\"contentUrl\":\"https:\/\/www.campingduvougot.com\/wp-content\/uploads\/2023\/03\/Sans-titre-11.jpg\",\"width\":1920,\"height\":497,\"caption\":\"camping a prix raisonnable finistere nord\"},{\"@type\":\"BreadcrumbList\",\"@id\":\"https:\/\/www.campingduvougot.com\/fr\/camping-pas-cher-plouguerneau\/#breadcrumb\",\"itemListElement\":[{\"@type\":\"ListItem\",\"position\":1,\"name\":\"Camping Plouguerneau\",\"item\":\"https:\/\/www.campingduvougot.com\/fr\/\"},{\"@type\":\"ListItem\",\"position\":2,\"name\":\"Camping \u00e0 petit prix Plouguerneau\"}]},{\"@type\":\"WebSite\",\"@id\":\"https:\/\/www.campingduvougot.com\/fr\/#website\",\"url\":\"https:\/\/www.campingduvougot.com\/fr\/\",\"name\":\"Camping du Vougot\",\"description\":\"\",\"publisher\":{\"@id\":\"https:\/\/www.campingduvougot.com\/fr\/#organization\"},\"potentialAction\":[{\"@type\":\"SearchAction\",\"target\":{\"@type\":\"EntryPoint\",\"urlTemplate\":\"https:\/\/www.campingduvougot.com\/fr\/?s={search_term_string}\"},\"query-input\":{\"@type\":\"PropertyValueSpecification\",\"valueRequired\":true,\"valueName\":\"search_term_string\"}}],\"inLanguage\":\"fr-FR\"},{\"@type\":\"Organization\",\"@id\":\"https:\/\/www.campingduvougot.com\/fr\/#organization\",\"name\":\"Camping du Vougot\",\"url\":\"https:\/\/www.campingduvougot.com\/fr\/\",\"logo\":{\"@type\":\"ImageObject\",\"inLanguage\":\"fr-FR\",\"@id\":\"https:\/\/www.campingduvougot.com\/fr\/#\/schema\/logo\/image\/\",\"url\":\"https:\/\/www.campingduvougot.com\/wp-content\/uploads\/2023\/02\/camping-du-vougot-logo-blanc-scaled.webp\",\"contentUrl\":\"https:\/\/www.campingduvougot.com\/wp-content\/uploads\/2023\/02\/camping-du-vougot-logo-blanc-scaled.webp\",\"width\":2560,\"height\":1565,\"caption\":\"Camping du Vougot\"},\"image\":{\"@id\":\"https:\/\/www.campingduvougot.com\/fr\/#\/schema\/logo\/image\/\"}}]}<\/script>\n<!-- \/ Yoast SEO plugin. -->","yoast_head_json":{"title":"Camping pas cher dans le Finist\u00e8re | Camping \u00e0 petit prix Plouguerneau","robots":{"index":"index","follow":"follow","max-snippet":"max-snippet:-1","max-image-preview":"max-image-preview:large","max-video-preview":"max-video-preview:-1"},"canonical":"https:\/\/www.campingduvougot.com\/fr\/camping-pas-cher-plouguerneau\/","og_locale":"fr_FR","og_type":"article","og_title":"Camping pas cher dans le Finist\u00e8re | Camping \u00e0 petit prix Plouguerneau","og_description":"Pour voir toutes nos locations disponibles et leurs tarifs, s\u00e9lectionnez aussi les jours d&rsquo;arriv\u00e9es le dimanche et le mercredi pour juillet et ao\u00fbt. Pour nos emplacements, les arriv\u00e9es se font tous les jours, sans restriction de dur\u00e9e.","og_url":"https:\/\/www.campingduvougot.com\/fr\/camping-pas-cher-plouguerneau\/","og_site_name":"Camping du Vougot","article_modified_time":"2023-03-31T07:45:05+00:00","og_image":[{"width":1920,"height":497,"url":"https:\/\/www.campingduvougot.com\/wp-content\/uploads\/2023\/03\/Sans-titre-11.jpg","type":"image\/jpeg"}],"twitter_card":"summary_large_image","twitter_misc":{"Dur\u00e9e de lecture estim\u00e9e":"2 minutes"},"schema":{"@context":"https:\/\/schema.org","@graph":[{"@type":"WebPage","@id":"https:\/\/www.campingduvougot.com\/fr\/camping-pas-cher-plouguerneau\/","url":"https:\/\/www.campingduvougot.com\/fr\/camping-pas-cher-plouguerneau\/","name":"Camping pas cher dans le Finist\u00e8re | Camping \u00e0 petit prix Plouguerneau","isPartOf":{"@id":"https:\/\/www.campingduvougot.com\/fr\/#website"},"primaryImageOfPage":{"@id":"https:\/\/www.campingduvougot.com\/fr\/camping-pas-cher-plouguerneau\/#primaryimage"},"image":{"@id":"https:\/\/www.campingduvougot.com\/fr\/camping-pas-cher-plouguerneau\/#primaryimage"},"thumbnailUrl":"https:\/\/www.campingduvougot.com\/wp-content\/uploads\/2023\/03\/Sans-titre-11.jpg","datePublished":"2023-02-15T09:59:23+00:00","dateModified":"2023-03-31T07:45:05+00:00","breadcrumb":{"@id":"https:\/\/www.campingduvougot.com\/fr\/camping-pas-cher-plouguerneau\/#breadcrumb"},"inLanguage":"fr-FR","potentialAction":[{"@type":"ReadAction","target":["https:\/\/www.campingduvougot.com\/fr\/camping-pas-cher-plouguerneau\/"]}]},{"@type":"ImageObject","inLanguage":"fr-FR","@id":"https:\/\/www.campingduvougot.com\/fr\/camping-pas-cher-plouguerneau\/#primaryimage","url":"https:\/\/www.campingduvougot.com\/wp-content\/uploads\/2023\/03\/Sans-titre-11.jpg","contentUrl":"https:\/\/www.campingduvougot.com\/wp-content\/uploads\/2023\/03\/Sans-titre-11.jpg","width":1920,"height":497,"caption":"camping a prix raisonnable finistere nord"},{"@type":"BreadcrumbList","@id":"https:\/\/www.campingduvougot.com\/fr\/camping-pas-cher-plouguerneau\/#breadcrumb","itemListElement":[{"@type":"ListItem","position":1,"name":"Camping Plouguerneau","item":"https:\/\/www.campingduvougot.com\/fr\/"},{"@type":"ListItem","position":2,"name":"Camping \u00e0 petit prix Plouguerneau"}]},{"@type":"WebSite","@id":"https:\/\/www.campingduvougot.com\/fr\/#website","url":"https:\/\/www.campingduvougot.com\/fr\/","name":"Camping du Vougot","description":"","publisher":{"@id":"https:\/\/www.campingduvougot.com\/fr\/#organization"},"potentialAction":[{"@type":"SearchAction","target":{"@type":"EntryPoint","urlTemplate":"https:\/\/www.campingduvougot.com\/fr\/?s={search_term_string}"},"query-input":{"@type":"PropertyValueSpecification","valueRequired":true,"valueName":"search_term_string"}}],"inLanguage":"fr-FR"},{"@type":"Organization","@id":"https:\/\/www.campingduvougot.com\/fr\/#organization","name":"Camping du Vougot","url":"https:\/\/www.campingduvougot.com\/fr\/","logo":{"@type":"ImageObject","inLanguage":"fr-FR","@id":"https:\/\/www.campingduvougot.com\/fr\/#\/schema\/logo\/image\/","url":"https:\/\/www.campingduvougot.com\/wp-content\/uploads\/2023\/02\/camping-du-vougot-logo-blanc-scaled.webp","contentUrl":"https:\/\/www.campingduvougot.com\/wp-content\/uploads\/2023\/02\/camping-du-vougot-logo-blanc-scaled.webp","width":2560,"height":1565,"caption":"Camping du Vougot"},"image":{"@id":"https:\/\/www.campingduvougot.com\/fr\/#\/schema\/logo\/image\/"}}]}},"_links":{"self":[{"href":"https:\/\/www.campingduvougot.com\/fr\/wp-json\/wp\/v2\/pages\/204","targetHints":{"allow":["GET"]}}],"collection":[{"href":"https:\/\/www.campingduvougot.com\/fr\/wp-json\/wp\/v2\/pages"}],"about":[{"href":"https:\/\/www.campingduvougot.com\/fr\/wp-json\/wp\/v2\/types\/page"}],"author":[{"embeddable":true,"href":"https:\/\/www.campingduvougot.com\/fr\/wp-json\/wp\/v2\/users\/1"}],"replies":[{"embeddable":true,"href":"https:\/\/www.campingduvougot.com\/fr\/wp-json\/wp\/v2\/comments?post=204"}],"version-history":[{"count":29,"href":"https:\/\/www.campingduvougot.com\/fr\/wp-json\/wp\/v2\/pages\/204\/revisions"}],"predecessor-version":[{"id":2336,"href":"https:\/\/www.campingduvougot.com\/fr\/wp-json\/wp\/v2\/pages\/204\/revisions\/2336"}],"wp:featuredmedia":[{"embeddable":true,"href":"https:\/\/www.campingduvougot.com\/fr\/wp-json\/wp\/v2\/media\/1123"}],"wp:attachment":[{"href":"https:\/\/www.campingduvougot.com\/fr\/wp-json\/wp\/v2\/media?parent=204"}],"wp:term":[{"taxonomy":"sujet","embeddable":true,"href":"https:\/\/www.campingduvougot.com\/fr\/wp-json\/wp\/v2\/sujet?post=204"}],"curies":[{"name":"wp","href":"https:\/\/api.w.org\/{rel}","templated":true}]}}