{"id":202,"date":"2023-02-15T10:59:12","date_gmt":"2023-02-15T09:59:12","guid":{"rendered":"https:\/\/www.campingduvougot.com\/?page_id=202"},"modified":"2023-03-30T10:13:27","modified_gmt":"2023-03-30T08:13:27","slug":"location-emplacement-plouguerneau","status":"publish","type":"page","link":"https:\/\/www.campingduvougot.com\/fr\/location-emplacement-plouguerneau\/","title":{"rendered":"Emplacements"},"content":{"rendered":"<section id=\"ls-section-block_4f7c32ef4e5f7ed9dc3bf72d4762abd6\" class=\"ls-section  page-chapeau has-p-b p-b-0\" >\r\n        <div class=\"container \">\r\n        \n\n<h1 class=\"ls__heading wp-block-heading has-text-align-center vague\">Camping caravaning dans le Finist\u00e8re<\/h1>\n\n\r\n    <\/div>\r\n<\/section>\n\n<section id=\"ls-section-block_0f7142d6f764b0d95aad0d0507f1c841\" class=\"ls-section  page-hebergement\" >\r\n        <div class=\"container \">\r\n        \n\n<script>\n    window.ctoutvert = {\n\t\tid: 5079, \n\t\tlang: 'auto', \n\t\turl: 'https:\/\/bookingpremium.secureholiday.net\/widgets\/'\n    };\n\n    (function (w, d, s, ctv, r, js, fjs) {\n        r=new XMLHttpRequest();r.open('GET',w[ctv].url+'js\/src.json');\n        r.responseType='json';r.json=true;r.send();\n        r.onload=function(){w[ctv].src=r.responseType=='json'?r.response:JSON.parse(r.response);\n        js.src=w[ctv].src[0];fjs.parentNode.insertBefore(js, fjs);}\n        js=d.createElement(s),fjs=d.getElementsByTagName(s)[0];\n        js.id='ctvwidget';js.async=1;\n    }(window, document, 'script', 'ctoutvert'));\n<\/script>\n<ctv-availability data-product-type=\"pitch\" data-background-color=\"#FFFFFFFF\"><\/ctv-availability>\n\n\r\n    <\/div>\r\n<\/section>\n\n<section id=\"ls-section-block_0095539a2b210d46143768e1a8284449\" class=\"ls-section  page-hebergement-texte\" >\r\n        <div class=\"container container--wide\">\r\n        \n\n<div class=\"wp-block-columns is-layout-flex wp-container-core-columns-is-layout-9d6595d7 wp-block-columns-is-layout-flex\">\n<div class=\"wp-block-column is-vertically-aligned-center is-layout-flow wp-block-column-is-layout-flow\">\n<h2 class=\"ls__heading wp-block-heading deco\">Louer un emplAcement \u00e0 Plouguerneau<\/h2>\n\n\n\n<p class=\"ls-paragraph\">Le camping du Vougot se situe \u00e0 250 m\u00e8tres de la plage du Vougot en Bretagne Finist\u00e8re. <\/p>\n\n\n\n<p class=\"ls-paragraph\">Pour une nuit, un week-end ou une semaine, <a href=\"https:\/\/www.campingduvougot.com\/fr\/location-mobil-home-plouguerneau\/\">louez un mobil-home<\/a> ou plantez votre tente dans le cadre exceptionnel du Pays des Abers et de la C\u00f4tes des L\u00e9gendes dans notre <a href=\"https:\/\/www.campingduvougot.com\/fr\/\">camping en Bretagne Finist\u00e8re nord<\/a>.<\/p>\n\n\n\n<p class=\"ls-paragraph\">Le camping du Vougot*** vous propose la location d&#8217;emplacements de camping \u00e0 Plouguerneau pr\u00e8s de Lannilis, entre Brest et Roscoff, <strong>pour tente, caravane ou camping-car<\/strong>, \u00e0 250 m de la plage de sable fin du Vougot. <br>Sur un terrain de 2,5 hectares au c\u0153ur du <a href=\"https:\/\/www.campingduvougot.com\/fr\/tourisme-natura-2000-guisseny-finistere\/\">site Natura 2000 de Guiss\u00e9ny<\/a>, vous b\u00e9n\u00e9ficiez d&rsquo;espaces privatifs spacieux, de 90 \u00e0 250 m\u00b2, <strong>d\u00e9limit\u00e9s par des haies fleuries et abrit\u00e9s du vent, o\u00f9 l&rsquo;intimit\u00e9 est pr\u00e9serv\u00e9e<\/strong>. En famille ou entre amis, vous appr\u00e9cierez particuli\u00e8rement l&rsquo;accueil chaleureux, l&rsquo;ambiance conviviale et les nombreux services de qualit\u00e9 du camping. <\/p>\n\n\n\n<p class=\"ls-paragraph\">\u00c0 votre disposition :<\/p>\n\n\n\n<ul class=\"ls-list wp-block-list\">\n<li>50 emplacements nus avec ou sans \u00e9lectricit\u00e9 10A (arriv\u00e9e \u00e0 partir de 14h et d\u00e9part avant 12h)<\/li>\n\n\n\n<li>Sanitaires avec cabines lavabo, cabines b\u00e9b\u00e9, cabines adapt\u00e9es PMR, WC pour enfant<\/li>\n\n\n\n<li>Points d&rsquo;eau r\u00e9partis sur le camping<\/li>\n\n\n\n<li>Espace vaisselle-lavoir<\/li>\n\n\n\n<li>Vidange pour camping-car et vidoir<\/li>\n\n\n\n<li>Barbecues collectifs<\/li>\n\n\n\n<li>Lave-linge (5\u20ac) \/ S\u00e8che-linge (4\u20ac)<\/li>\n<\/ul>\n<\/div>\n\n\n\n<div class=\"wp-block-column is-vertically-aligned-center is-layout-flow wp-block-column-is-layout-flow\">\n<p class=\"ls-paragraph\">Le tarif Emplacement comprend :<\/p>\n\n\n\n<ul class=\"ls-list wp-block-list\">\n<li>La location de l&#8217;emplacement<\/li>\n\n\n\n<li>Votre mat\u00e9riel (tente ou caravane + v\u00e9hicule ou camping-car)<\/li>\n\n\n\n<li>Le tarif \u00ab\u00a0Personne\u00a0\u00bb comprend la douche sans suppl\u00e9ment.<\/li>\n<\/ul>\n\n\n\n<h2 class=\"ls__heading wp-block-heading deco\">Nos \u00e9quipements en suppl\u00e9ment<\/h2>\n\n\n\n<p class=\"ls-paragraph\">Pour votre confort et pour voyager l\u00e9ger, nous vous proposons de <strong>louer des r\u00e9frig\u00e9rateurs<\/strong> pour la dur\u00e9e de votre s\u00e9jour :&nbsp;<\/p>\n\n\n\n<ul class=\"ls-list wp-block-list\">\n<li>2 tailles disponibles<\/li>\n\n\n\n<li>tarifs : 6 \u20ac par jour pour les petits, 8 \u20ac par jour pour les grands<\/li>\n\n\n\n<li>dur\u00e9e minimale de la location : 4 jours<\/li>\n\n\n\n<li>sous r\u00e9serve de disponibilit\u00e9<\/li>\n<\/ul>\n\n\n\n<h2 class=\"ls__heading wp-block-heading deco\">Nos sanitaires de qualit\u00e9<\/h2>\n\n\n\n<p class=\"ls-paragraph\">Pour votre s\u00e9jour en emplacement ou en <a href=\"https:\/\/www.campingduvougot.com\/fr\/location-insolite-plouguerneau\/\">logement atypique dans le Finist\u00e8re<\/a>, vous profiterez de <strong>sanitaires fonctionnels et propres<\/strong> : douches chaudes spacieuses, lavabos, WC r\u00e9nov\u00e9s en 2022, bacs \u00e0 vaisselle et linge, WC enfant, cabine pour b\u00e9b\u00e9, cabine PMR pour personnes \u00e0 mobilit\u00e9 r\u00e9duite, lave-linge et s\u00e8che-linge.<\/p>\n\n\n\n<p class=\"ls-paragraph\">Pour des <strong>vacances \u00e9co-responsables<\/strong>, nous avons \u00e9quip\u00e9 les sanitaires d\u2019\u00e9clairages LED, avec d\u00e9tecteurs de pr\u00e9sence, plus \u00e9conomes en \u00e9lectricit\u00e9, de robinetteries moins consommatrices en eau, d\u2019un composteur pour r\u00e9duire les d\u00e9chets.<\/p>\n<\/div>\n<\/div>\n\n\r\n    <\/div>\r\n<\/section>\n\n<section id=\"ls-section-block_94d35784ab803c24b0bda23ac86aad5f\" class=\"ls-section \" >\r\n        <div class=\"container container--wide\">\r\n        \n\n<div id=\"ls-heading ls-titre-div-block_3647e350cb1cd8cb801896f96136e336\" class=\"ls-titre-div deco alignleft h2-like\" >\n    Que pensent nos clients de nos emplacements ?<\/div>\n\n\n\n<p class=\"ls-paragraph\"><div class=\"avis-container-pages\"><div class=\"avis\"><div class=\"avis-user\"><div class=\"avis-note\">\n                <span><i class=\"vougot-star\"><\/i><\/span><span><i class=\"vougot-star\"><\/i><\/span><span><i class=\"vougot-star\"><\/i><\/span><span><i class=\"vougot-star\"><\/i><\/span><span><i class=\"vougot-star\"><\/i><\/span>\n                <\/div><div class=\"avis-name\">Stephane R.<\/div><div class=\"avis-content\"><p>Super s\u00e9jour pour le weekend de l&rsquo;ascension Merci pour l acceuil Le camping est tr\u00e8s agr\u00e9able, parfaitement entretenu avec des sanitaires nickel ( toute la journ\u00e9e) Emplacement du camping id\u00e9alement situ\u00e9 \u00e0 2 pas de la plage L endroit est vraiment magnifique Nous vous recommandons vivement ce camping familial qui est \u00e9galement tr\u00e8s calme. <strong>Les emplacements sont spacieux et bien organis\u00e9s<\/strong> Pr\u00e9cipitez vous, vous ne serez pas d\u00e9\u00e7u<\/p>\n<\/div><\/div><\/div><div class=\"avis\"><div class=\"avis-user\"><div class=\"avis-note\">\n                <span><i class=\"vougot-star\"><\/i><\/span><span><i class=\"vougot-star\"><\/i><\/span><span><i class=\"vougot-star\"><\/i><\/span><span><i class=\"vougot-star\"><\/i><\/span><span><i class=\"vougot-star\"><\/i><\/span>\n                <\/div><div class=\"avis-name\">Fran\u00e7ois T.<\/div><div class=\"avis-content\"><p>Bel accueil professionnel et sympathique, <strong>emplacement gigantesque<\/strong> qui permet une tranquillit\u00e9. Proche de la plage. Sanitaires extr\u00eamement propres. Merci aux g\u00e9rants et \u00e0 bient\u00f4t<\/p>\n<\/div><\/div><\/div><div class=\"avis\"><div class=\"avis-user\"><div class=\"avis-note\">\n                <span><i class=\"vougot-star\"><\/i><\/span><span><i class=\"vougot-star\"><\/i><\/span><span><i class=\"vougot-star\"><\/i><\/span><span><i class=\"vougot-star\"><\/i><\/span><span><i class=\"vougot-star\"><\/i><\/span>\n                <\/div><div class=\"avis-name\">Lydia R.<\/div><div class=\"avis-content\"><p>Camping calme et tr\u00e8s bien plac\u00e9 pour faire de belles balades. Un accueil tr\u00e8s sympathique de la part des propri\u00e9taires. Nous y avons s\u00e9journ\u00e9 5 jours en camping car, l&rsquo;<b>emplacement<\/b> \u00e9tait tr\u00e8s spacieux. Nous y reviendrons !<\/p>\n<\/div><\/div><\/div><div class=\"avis\"><div class=\"avis-user\"><div class=\"avis-note\">\n                <span><i class=\"vougot-star\"><\/i><\/span><span><i class=\"vougot-star\"><\/i><\/span><span><i class=\"vougot-star\"><\/i><\/span><span><i class=\"vougot-star\"><\/i><\/span><span><i class=\"vougot-star\"><\/i><\/span>\n                <\/div><div class=\"avis-name\">Pascal C.<\/div><div class=\"avis-content\"><p>Super tr\u00e8s propre <b>emplacement<\/b> tr\u00e8s spacieux piscine bien chauff\u00e9e propri\u00e9taire sympathique la plage est incroyablement belle sable blanc un paradis<\/p>\n<\/div><\/div><\/div><\/div><\/p>\n\n\r\n    <\/div>\r\n<\/section>\n\n<section id=\"ls-section-block_ea99f4f934a1d316519cc463b269f34b\" class=\"ls-section  page-maillage-hebergement\" >\r\n        <div class=\"container container--wide\">\r\n        \n\n<div id=\"ls-heading ls-titre-div-block_9288d5d8a967bf4abc0524cf1fc85dc5\" class=\"ls-titre-div deco aligncenter h2-like\" >\n    D\u00e9couvrez nos h\u00e9bergements et nos tarifs !<\/div>\n\n\n<div id=\"ls-maillage-block_8484b609908d7db6cd95d503b716da61\" class=\"ls-maillage cta-style-normal\" data-rows=\"3\">\n    <div class=\"wp-block-columns\"><div class=\"wp-block-column\">\n\n<a href=\"https:\/\/www.campingduvougot.com\/fr\/location-mobil-home-plouguerneau\/\" target=\"\" rel=\"noopener\" class=\"ls-cta__link\">\n\n\t<div class=\"ls-cta__image\"><img decoding=\"async\" src=\"https:\/\/www.campingduvougot.com\/wp-content\/uploads\/2023\/02\/location-mobil-home.jpg\" alt=\"location mobil home\"><\/div>\n\t<div class=\"ls-cta__title\">\n\t\tMobil-homes\t<\/div>\n\n\t\t\n<\/a><\/div><div class=\"wp-block-column\">\n\n<a href=\"https:\/\/www.campingduvougot.com\/fr\/location-insolite-plouguerneau\/\" target=\"\" rel=\"noopener\" class=\"ls-cta__link\">\n\n\t<div class=\"ls-cta__image\"><img decoding=\"async\" src=\"https:\/\/www.campingduvougot.com\/wp-content\/uploads\/2023\/02\/location-atypique.jpg\" alt=\"location atypique\"><\/div>\n\t<div class=\"ls-cta__title\">\n\t\tInsolites\t<\/div>\n\n\t\t\n<\/a><\/div><div class=\"wp-block-column\">\n\n<a href=\"https:\/\/www.campingduvougot.com\/fr\/camping-pas-cher-plouguerneau\/\" target=\"\" rel=\"noopener\" class=\"ls-cta__link\">\n\n\t<div class=\"ls-cta__image\"><img decoding=\"async\" src=\"https:\/\/www.campingduvougot.com\/wp-content\/uploads\/2023\/03\/Sans-titre-12.jpg\" alt=\"camping du vougot \u00e0 petit prix\"><\/div>\n\t<div class=\"ls-cta__title\">\n\t\tTarifs\t<\/div>\n\n\t\t\n<\/a><\/div><\/div><\/div>\n\r\n    <\/div>\r\n<\/section>","protected":false},"excerpt":{"rendered":"","protected":false},"author":1,"featured_media":1087,"parent":0,"menu_order":0,"comment_status":"closed","ping_status":"closed","template":"","meta":{"_acf_changed":false,"footnotes":""},"sujet":[],"class_list":["post-202","page","type-page","status-publish","has-post-thumbnail","hentry"],"acf":[],"yoast_head":"<!-- This site is optimized with the Yoast SEO plugin v23.4 - https:\/\/yoast.com\/wordpress\/plugins\/seo\/ -->\n<title>Louer emplacement Plouguerneau | Camping caravaning Finist\u00e8re<\/title>\n<meta name=\"robots\" content=\"index, follow, max-snippet:-1, max-image-preview:large, max-video-preview:-1\" \/>\n<link rel=\"canonical\" href=\"https:\/\/www.campingduvougot.com\/fr\/location-emplacement-plouguerneau\/\" \/>\n<meta property=\"og:locale\" content=\"fr_FR\" \/>\n<meta property=\"og:type\" content=\"article\" \/>\n<meta property=\"og:title\" content=\"Louer emplacement Plouguerneau | Camping caravaning Finist\u00e8re\" \/>\n<meta property=\"og:url\" content=\"https:\/\/www.campingduvougot.com\/fr\/location-emplacement-plouguerneau\/\" \/>\n<meta property=\"og:site_name\" content=\"Camping du Vougot\" \/>\n<meta property=\"article:modified_time\" content=\"2023-03-30T08:13:27+00:00\" \/>\n<meta property=\"og:image\" content=\"https:\/\/www.campingduvougot.com\/wp-content\/uploads\/2023\/03\/Sans-titre-10.jpg\" \/>\n\t<meta property=\"og:image:width\" content=\"1920\" \/>\n\t<meta property=\"og:image:height\" content=\"497\" \/>\n\t<meta property=\"og:image:type\" content=\"image\/jpeg\" \/>\n<meta name=\"twitter:card\" content=\"summary_large_image\" \/>\n<meta name=\"twitter:label1\" content=\"Dur\u00e9e de lecture estim\u00e9e\" \/>\n\t<meta name=\"twitter:data1\" content=\"3 minutes\" \/>\n<script type=\"application\/ld+json\" class=\"yoast-schema-graph\">{\"@context\":\"https:\/\/schema.org\",\"@graph\":[{\"@type\":\"WebPage\",\"@id\":\"https:\/\/www.campingduvougot.com\/fr\/location-emplacement-plouguerneau\/\",\"url\":\"https:\/\/www.campingduvougot.com\/fr\/location-emplacement-plouguerneau\/\",\"name\":\"Louer emplacement Plouguerneau | Camping caravaning Finist\u00e8re\",\"isPartOf\":{\"@id\":\"https:\/\/www.campingduvougot.com\/fr\/#website\"},\"primaryImageOfPage\":{\"@id\":\"https:\/\/www.campingduvougot.com\/fr\/location-emplacement-plouguerneau\/#primaryimage\"},\"image\":{\"@id\":\"https:\/\/www.campingduvougot.com\/fr\/location-emplacement-plouguerneau\/#primaryimage\"},\"thumbnailUrl\":\"https:\/\/www.campingduvougot.com\/wp-content\/uploads\/2023\/03\/Sans-titre-10.jpg\",\"datePublished\":\"2023-02-15T09:59:12+00:00\",\"dateModified\":\"2023-03-30T08:13:27+00:00\",\"breadcrumb\":{\"@id\":\"https:\/\/www.campingduvougot.com\/fr\/location-emplacement-plouguerneau\/#breadcrumb\"},\"inLanguage\":\"fr-FR\",\"potentialAction\":[{\"@type\":\"ReadAction\",\"target\":[\"https:\/\/www.campingduvougot.com\/fr\/location-emplacement-plouguerneau\/\"]}]},{\"@type\":\"ImageObject\",\"inLanguage\":\"fr-FR\",\"@id\":\"https:\/\/www.campingduvougot.com\/fr\/location-emplacement-plouguerneau\/#primaryimage\",\"url\":\"https:\/\/www.campingduvougot.com\/wp-content\/uploads\/2023\/03\/Sans-titre-10.jpg\",\"contentUrl\":\"https:\/\/www.campingduvougot.com\/wp-content\/uploads\/2023\/03\/Sans-titre-10.jpg\",\"width\":1920,\"height\":497,\"caption\":\"Camping caravaning du vougot dans le finisere\"},{\"@type\":\"BreadcrumbList\",\"@id\":\"https:\/\/www.campingduvougot.com\/fr\/location-emplacement-plouguerneau\/#breadcrumb\",\"itemListElement\":[{\"@type\":\"ListItem\",\"position\":1,\"name\":\"Camping Plouguerneau\",\"item\":\"https:\/\/www.campingduvougot.com\/fr\/\"},{\"@type\":\"ListItem\",\"position\":2,\"name\":\"Louer un emplacement \u00e0 Plouguerneau\"}]},{\"@type\":\"WebSite\",\"@id\":\"https:\/\/www.campingduvougot.com\/fr\/#website\",\"url\":\"https:\/\/www.campingduvougot.com\/fr\/\",\"name\":\"Camping du Vougot\",\"description\":\"\",\"publisher\":{\"@id\":\"https:\/\/www.campingduvougot.com\/fr\/#organization\"},\"potentialAction\":[{\"@type\":\"SearchAction\",\"target\":{\"@type\":\"EntryPoint\",\"urlTemplate\":\"https:\/\/www.campingduvougot.com\/fr\/?s={search_term_string}\"},\"query-input\":{\"@type\":\"PropertyValueSpecification\",\"valueRequired\":true,\"valueName\":\"search_term_string\"}}],\"inLanguage\":\"fr-FR\"},{\"@type\":\"Organization\",\"@id\":\"https:\/\/www.campingduvougot.com\/fr\/#organization\",\"name\":\"Camping du Vougot\",\"url\":\"https:\/\/www.campingduvougot.com\/fr\/\",\"logo\":{\"@type\":\"ImageObject\",\"inLanguage\":\"fr-FR\",\"@id\":\"https:\/\/www.campingduvougot.com\/fr\/#\/schema\/logo\/image\/\",\"url\":\"https:\/\/www.campingduvougot.com\/wp-content\/uploads\/2023\/02\/camping-du-vougot-logo-blanc-scaled.webp\",\"contentUrl\":\"https:\/\/www.campingduvougot.com\/wp-content\/uploads\/2023\/02\/camping-du-vougot-logo-blanc-scaled.webp\",\"width\":2560,\"height\":1565,\"caption\":\"Camping du Vougot\"},\"image\":{\"@id\":\"https:\/\/www.campingduvougot.com\/fr\/#\/schema\/logo\/image\/\"}}]}<\/script>\n<!-- \/ Yoast SEO plugin. -->","yoast_head_json":{"title":"Louer emplacement Plouguerneau | Camping caravaning Finist\u00e8re","robots":{"index":"index","follow":"follow","max-snippet":"max-snippet:-1","max-image-preview":"max-image-preview:large","max-video-preview":"max-video-preview:-1"},"canonical":"https:\/\/www.campingduvougot.com\/fr\/location-emplacement-plouguerneau\/","og_locale":"fr_FR","og_type":"article","og_title":"Louer emplacement Plouguerneau | Camping caravaning Finist\u00e8re","og_url":"https:\/\/www.campingduvougot.com\/fr\/location-emplacement-plouguerneau\/","og_site_name":"Camping du Vougot","article_modified_time":"2023-03-30T08:13:27+00:00","og_image":[{"width":1920,"height":497,"url":"https:\/\/www.campingduvougot.com\/wp-content\/uploads\/2023\/03\/Sans-titre-10.jpg","type":"image\/jpeg"}],"twitter_card":"summary_large_image","twitter_misc":{"Dur\u00e9e de lecture estim\u00e9e":"3 minutes"},"schema":{"@context":"https:\/\/schema.org","@graph":[{"@type":"WebPage","@id":"https:\/\/www.campingduvougot.com\/fr\/location-emplacement-plouguerneau\/","url":"https:\/\/www.campingduvougot.com\/fr\/location-emplacement-plouguerneau\/","name":"Louer emplacement Plouguerneau | Camping caravaning Finist\u00e8re","isPartOf":{"@id":"https:\/\/www.campingduvougot.com\/fr\/#website"},"primaryImageOfPage":{"@id":"https:\/\/www.campingduvougot.com\/fr\/location-emplacement-plouguerneau\/#primaryimage"},"image":{"@id":"https:\/\/www.campingduvougot.com\/fr\/location-emplacement-plouguerneau\/#primaryimage"},"thumbnailUrl":"https:\/\/www.campingduvougot.com\/wp-content\/uploads\/2023\/03\/Sans-titre-10.jpg","datePublished":"2023-02-15T09:59:12+00:00","dateModified":"2023-03-30T08:13:27+00:00","breadcrumb":{"@id":"https:\/\/www.campingduvougot.com\/fr\/location-emplacement-plouguerneau\/#breadcrumb"},"inLanguage":"fr-FR","potentialAction":[{"@type":"ReadAction","target":["https:\/\/www.campingduvougot.com\/fr\/location-emplacement-plouguerneau\/"]}]},{"@type":"ImageObject","inLanguage":"fr-FR","@id":"https:\/\/www.campingduvougot.com\/fr\/location-emplacement-plouguerneau\/#primaryimage","url":"https:\/\/www.campingduvougot.com\/wp-content\/uploads\/2023\/03\/Sans-titre-10.jpg","contentUrl":"https:\/\/www.campingduvougot.com\/wp-content\/uploads\/2023\/03\/Sans-titre-10.jpg","width":1920,"height":497,"caption":"Camping caravaning du vougot dans le finisere"},{"@type":"BreadcrumbList","@id":"https:\/\/www.campingduvougot.com\/fr\/location-emplacement-plouguerneau\/#breadcrumb","itemListElement":[{"@type":"ListItem","position":1,"name":"Camping Plouguerneau","item":"https:\/\/www.campingduvougot.com\/fr\/"},{"@type":"ListItem","position":2,"name":"Louer un emplacement \u00e0 Plouguerneau"}]},{"@type":"WebSite","@id":"https:\/\/www.campingduvougot.com\/fr\/#website","url":"https:\/\/www.campingduvougot.com\/fr\/","name":"Camping du Vougot","description":"","publisher":{"@id":"https:\/\/www.campingduvougot.com\/fr\/#organization"},"potentialAction":[{"@type":"SearchAction","target":{"@type":"EntryPoint","urlTemplate":"https:\/\/www.campingduvougot.com\/fr\/?s={search_term_string}"},"query-input":{"@type":"PropertyValueSpecification","valueRequired":true,"valueName":"search_term_string"}}],"inLanguage":"fr-FR"},{"@type":"Organization","@id":"https:\/\/www.campingduvougot.com\/fr\/#organization","name":"Camping du Vougot","url":"https:\/\/www.campingduvougot.com\/fr\/","logo":{"@type":"ImageObject","inLanguage":"fr-FR","@id":"https:\/\/www.campingduvougot.com\/fr\/#\/schema\/logo\/image\/","url":"https:\/\/www.campingduvougot.com\/wp-content\/uploads\/2023\/02\/camping-du-vougot-logo-blanc-scaled.webp","contentUrl":"https:\/\/www.campingduvougot.com\/wp-content\/uploads\/2023\/02\/camping-du-vougot-logo-blanc-scaled.webp","width":2560,"height":1565,"caption":"Camping du Vougot"},"image":{"@id":"https:\/\/www.campingduvougot.com\/fr\/#\/schema\/logo\/image\/"}}]}},"_links":{"self":[{"href":"https:\/\/www.campingduvougot.com\/fr\/wp-json\/wp\/v2\/pages\/202","targetHints":{"allow":["GET"]}}],"collection":[{"href":"https:\/\/www.campingduvougot.com\/fr\/wp-json\/wp\/v2\/pages"}],"about":[{"href":"https:\/\/www.campingduvougot.com\/fr\/wp-json\/wp\/v2\/types\/page"}],"author":[{"embeddable":true,"href":"https:\/\/www.campingduvougot.com\/fr\/wp-json\/wp\/v2\/users\/1"}],"replies":[{"embeddable":true,"href":"https:\/\/www.campingduvougot.com\/fr\/wp-json\/wp\/v2\/comments?post=202"}],"version-history":[{"count":36,"href":"https:\/\/www.campingduvougot.com\/fr\/wp-json\/wp\/v2\/pages\/202\/revisions"}],"predecessor-version":[{"id":2311,"href":"https:\/\/www.campingduvougot.com\/fr\/wp-json\/wp\/v2\/pages\/202\/revisions\/2311"}],"wp:featuredmedia":[{"embeddable":true,"href":"https:\/\/www.campingduvougot.com\/fr\/wp-json\/wp\/v2\/media\/1087"}],"wp:attachment":[{"href":"https:\/\/www.campingduvougot.com\/fr\/wp-json\/wp\/v2\/media?parent=202"}],"wp:term":[{"taxonomy":"sujet","embeddable":true,"href":"https:\/\/www.campingduvougot.com\/fr\/wp-json\/wp\/v2\/sujet?post=202"}],"curies":[{"name":"wp","href":"https:\/\/api.w.org\/{rel}","templated":true}]}}