{"id":200,"date":"2023-02-15T10:59:00","date_gmt":"2023-02-15T09:59:00","guid":{"rendered":"https:\/\/www.campingduvougot.com\/?page_id=200"},"modified":"2023-03-30T10:12:35","modified_gmt":"2023-03-30T08:12:35","slug":"location-insolite-plouguerneau","status":"publish","type":"page","link":"https:\/\/www.campingduvougot.com\/fr\/location-insolite-plouguerneau\/","title":{"rendered":"Logements atypiques"},"content":{"rendered":"<section id=\"ls-section-block_2e40d37433325737b494641f8f9f9bad\" class=\"ls-section  page-chapeau has-p-b p-b-0\" >\r\n        <div class=\"container \">\r\n        \n\n<h1 class=\"ls__heading wp-block-heading has-text-align-center vague\">S\u00e9jour atypique <br>\u00e0 Plouguerneau<\/h1>\n\n\r\n    <\/div>\r\n<\/section>\n\n<section id=\"ls-section-block_7f403a0acd40a08d6928910f3a49de65\" class=\"ls-section  page-hebergement\" >\r\n        <div class=\"container container--wide\">\r\n        \n\n<div id=\"ls-hebergements-block_3d17281a222a7a01be0a7519c41be09b\" class=\"ls-hebergements\" >\n    \n    <div class=\"ls-customizer\">\n\n    <div class=\"ls-customizer__filters\">\n        <div class=\"ls-customizer__filters__close\">\n            <i class=\"fas fa-times\"><\/i>\n        <\/div>\n\n        <div class=\"ls-customizer__filters__title\">\n            <b>Filtres<\/b>\n            <span class=\"ls-customizer__filters__clear\"><i class=\"fas fa-times\"><\/i> Effacer les filtres<\/span>\n        <\/div>\n\n        <!-- Filtre gammes -->\n        <div class=\"filter\" id=\"filter-type\">\n            <div class=\"filter__title\">Gammes d&rsquo;h\u00e9bergement<i class=\"fas fa-angle-down\"><\/i><\/div>\n            <fieldset data-filter=\"type\" class=\"input\" data-operator=\"*=\">\n\n                <div><input id=\"checkbox-type-all\" type=\"radio\" name=\"type\" class=\"checkbox\"><label for='checkbox-type-all'>Tous<\/label><\/div><div><input id=\"checkbox-type-5-insolites\" type=\"radio\" name=\"type\" value=\"5-insolites\" class=\"checkbox\"><label for='checkbox-type-5-insolites'>5 &#8211; Insolites<\/label><\/div>            <\/fieldset>\n            <input type=\"hidden\" name=\"types_to_show\" id=\"types_to_show\" value='[23]'>\n        <\/div>\n\n        <!-- Filtres ACF fields -->\n        \n                                <!-- Filtre nombre_de_personnes -->\n                        <div class=\"filter\" id=\"filter-nombre_de_personnes\">\n                <div class=\"filter__title\">Capacit\u00e9 maximale<i class=\"fas fa-angle-down\"><\/i><\/div>\n                <fieldset data-filter=\"nombre_de_personnes\" data-operator=\"<=\" class=\"input\">\n                    \n                    <div><input type=\"radio\" name=\"nombre_de_personnes\" id=\"nombre_de_personnes-all\"  class=\"checkbox\" \/><label for='nombre_de_personnes-all'>Tous<\/label><\/div><div><input type=\"radio\" name=\"nombre_de_personnes\" id=\"nombre_de_personnes-2\" value=\"2\" class=\"checkbox\"  \/><label for='nombre_de_personnes-2'>Jusqu&rsquo;\u00e0 2 pers.<\/label><\/div><div><input type=\"radio\" name=\"nombre_de_personnes\" id=\"nombre_de_personnes-4\" value=\"4\" class=\"checkbox\"  \/><label for='nombre_de_personnes-4'>Jusqu&rsquo;\u00e0 4 pers.<\/label><\/div><div><input type=\"radio\" name=\"nombre_de_personnes\" id=\"nombre_de_personnes-6\" value=\"6\" class=\"checkbox\"  \/><label for='nombre_de_personnes-6'>Jusqu&rsquo;\u00e0 6 pers.<\/label><\/div>                <\/fieldset>\n            <\/div>\n                                <!-- Filtre options-hebergements -->\n                        <div class=\"filter\" id=\"filter-options-hebergements\">\n                <div class=\"filter__title\">Terrasse<i class=\"fas fa-angle-down\"><\/i><\/div>\n                <fieldset data-filter=\"options-hebergements\" data-operator=\"==\" class=\"input\">\n                    \n                    <div><input type=\"checkbox\" name=\"options-hebergements\" id=\"options-hebergements-all\"  class=\"checkbox\" \/><label for='options-hebergements-all'>Tous<\/label><\/div><div><input type=\"checkbox\" name=\"options-hebergements\" id=\"options-hebergements-terrasse-couverte-ou-semi-couverte\" value=\"terrasse-couverte-ou-semi-couverte\" class=\"checkbox\"  \/><label for='options-hebergements-terrasse-couverte-ou-semi-couverte'>Terrasse couverte ou semi-couverte<\/label><\/div><div><input type=\"checkbox\" name=\"options-hebergements\" id=\"options-hebergements-terrasse-non-couverte\" value=\"terrasse-non-couverte\" class=\"checkbox\"  \/><label for='options-hebergements-terrasse-non-couverte'>Terrasse non couverte<\/label><\/div>                <\/fieldset>\n            <\/div>\n        \n        <div id=\"validate-filters\" class=\"ls-button\">Valider la s\u00e9lection<\/div>\n\n        \n    <\/div>\n\n\n<\/div><div class=\"ls-hebergements__results\" data-row=\"3\" data-campings=\"false\" data-types=\"[23]\"><div class=\"ls-hebergement\" data-postid='1235' data-id-reservation='66558' data-id-site='' data-id1='' data-nombre_de_personnes='2' data-nombre_de_chambres='' data-last-update='' data-type='5-insolites'>\n\t<div class=\"ls-hebergement__thumb\">\n\t\t<img decoding=\"async\" width=\"564\" height=\"423\" src=\"https:\/\/www.campingduvougot.com\/wp-content\/uploads\/2023\/03\/cabane.jpg\" class=\"attachment-full size-full wp-post-image\" alt=\"cabane\" srcset=\"https:\/\/www.campingduvougot.com\/wp-content\/uploads\/2023\/03\/cabane.jpg 564w, https:\/\/www.campingduvougot.com\/wp-content\/uploads\/2023\/03\/cabane-300x225.jpg 300w\" sizes=\"(max-width: 564px) 100vw, 564px\" \/>\t<\/div>\n\t<div class=\"ls-hebergement__content\">\n\t\t<div class=\"ls-hebergement__title\">\n\t\t\tCabane\t\t<\/div>\n\n\t\t<div class=\"ls-hebergement__subtitle\">5-insolites-<\/div>\n\t\t<div class=\"ls-hebergement__details\">\n\n\t\t<div class=\"ls-hebergement__infos\">\n\t\t\t\t\t\t\t\t\t<span class=\"ls-hebergement__detail\">\n\t\t\t\t\t\t12m\u00b2\n\t\t\t\t\t<\/span>\n\t\t\t\t\t\t\t<\/div>\n\n\t\t\t<div class=\"ls-hebergement__icons\">\n\t\t\t\t\t\t\t\t<span class=\"ls-hebergement__icon\">\n\t\t\t\t\t<i class=\"vougot-famille\"><\/i>\n\t\t\t\t\t2\t\t\t\t<\/span>\n\t\t\t\t\n\t\t\t\t\n\t\t\t\t\n\t\t\t\t\n\t\t\t\t\t\t\t\n\t\t\t<\/div>\n\t\t<\/div>\n\t<\/div>\n<\/div><div class=\"ls-hebergement\" data-postid='1234' data-id-reservation='49320' data-id-site='' data-id1='' data-nombre_de_personnes='4' data-nombre_de_chambres='2' data-last-update='' data-type='5-insolites'>\n\t<div class=\"ls-hebergement__thumb\">\n\t\t<img decoding=\"async\" width=\"564\" height=\"423\" src=\"https:\/\/www.campingduvougot.com\/wp-content\/uploads\/2023\/03\/tente-lodge.jpg\" class=\"attachment-full size-full wp-post-image\" alt=\"tente lodge\" srcset=\"https:\/\/www.campingduvougot.com\/wp-content\/uploads\/2023\/03\/tente-lodge.jpg 564w, https:\/\/www.campingduvougot.com\/wp-content\/uploads\/2023\/03\/tente-lodge-300x225.jpg 300w\" sizes=\"(max-width: 564px) 100vw, 564px\" \/>\t<\/div>\n\t<div class=\"ls-hebergement__content\">\n\t\t<div class=\"ls-hebergement__title\">\n\t\t\tTente Lodge\t\t<\/div>\n\n\t\t<div class=\"ls-hebergement__subtitle\">5-insolites-<\/div>\n\t\t<div class=\"ls-hebergement__details\">\n\n\t\t<div class=\"ls-hebergement__infos\">\n\t\t\t\t\t\t\t\t\t<span class=\"ls-hebergement__detail\">\n\t\t\t\t\t\t20m\u00b2\n\t\t\t\t\t<\/span>\n\t\t\t\t\t\t\t<\/div>\n\n\t\t\t<div class=\"ls-hebergement__icons\">\n\t\t\t\t\t\t\t\t<span class=\"ls-hebergement__icon\">\n\t\t\t\t\t<i class=\"vougot-famille\"><\/i>\n\t\t\t\t\t4\t\t\t\t<\/span>\n\t\t\t\t\n\t\t\t\t\n\t\t\t\t\t\t\t\t<span class=\"ls-hebergement__icon chambres\">\n\t\t\t\t\t<i class=\"vougot-bed\"><\/i>\n\t\t\t\t\t\t\t\t\t\t\t2 ch.\t\t\t\t\t\t\t\t\t<\/span>\n\t\t\t\t\n\t\t\t\t\n\t\t\t\t\t\t\t\n\t\t\t<\/div>\n\t\t<\/div>\n\t<\/div>\n<\/div><div class=\"ls-hebergement\" data-postid='1233' data-id-reservation='84372' data-id-site='' data-id1='' data-nombre_de_personnes='4' data-nombre_de_chambres='2' data-last-update='' data-type='5-insolites'>\n\t<div class=\"ls-hebergement__thumb\">\n\t\t<img decoding=\"async\" width=\"564\" height=\"423\" src=\"https:\/\/www.campingduvougot.com\/wp-content\/uploads\/2023\/03\/tithome.jpg\" class=\"attachment-full size-full wp-post-image\" alt=\"tithome\" srcset=\"https:\/\/www.campingduvougot.com\/wp-content\/uploads\/2023\/03\/tithome.jpg 564w, https:\/\/www.campingduvougot.com\/wp-content\/uploads\/2023\/03\/tithome-300x225.jpg 300w\" sizes=\"(max-width: 564px) 100vw, 564px\" \/>\t<\/div>\n\t<div class=\"ls-hebergement__content\">\n\t\t<div class=\"ls-hebergement__title\">\n\t\t\tTithome\t\t<\/div>\n\n\t\t<div class=\"ls-hebergement__subtitle\">5-insolites-<\/div>\n\t\t<div class=\"ls-hebergement__details\">\n\n\t\t<div class=\"ls-hebergement__infos\">\n\t\t\t\t\t\t\t\t\t<span class=\"ls-hebergement__detail\">\n\t\t\t\t\t\t20m\u00b2\n\t\t\t\t\t<\/span>\n\t\t\t\t\t\t\t<\/div>\n\n\t\t\t<div class=\"ls-hebergement__icons\">\n\t\t\t\t\t\t\t\t<span class=\"ls-hebergement__icon\">\n\t\t\t\t\t<i class=\"vougot-famille\"><\/i>\n\t\t\t\t\t4\t\t\t\t<\/span>\n\t\t\t\t\n\t\t\t\t\n\t\t\t\t\t\t\t\t<span class=\"ls-hebergement__icon chambres\">\n\t\t\t\t\t<i class=\"vougot-bed\"><\/i>\n\t\t\t\t\t\t\t\t\t\t\t2 ch.\t\t\t\t\t\t\t\t\t<\/span>\n\t\t\t\t\n\t\t\t\t\t\t\t\t<span class=\"ls-hebergement__icon wc\">\n\t\t\t\t\t<i class=\"vougot-wc\"><\/i>\n\t\t\t\t<\/span>\n\t\t\t\t\n\t\t\t\t\t\t\t\n\t\t\t<\/div>\n\t\t<\/div>\n\t<\/div>\n<\/div><\/div><\/div>\n\r\n    <\/div>\r\n<\/section>\n\n<section id=\"ls-section-block_40314b24227bdaeaa8c04b7d6904faae\" class=\"ls-section  page-hebergement-texte\" >\r\n        <div class=\"container container--wide\">\r\n        \n\n<div class=\"wp-block-columns is-layout-flex wp-container-core-columns-is-layout-9d6595d7 wp-block-columns-is-layout-flex\">\n<div class=\"wp-block-column is-vertically-aligned-center is-layout-flow wp-block-column-is-layout-flow\">\n<h2 class=\"ls__heading wp-block-heading deco\">Nos h\u00e9bergements atypiques \u00e0 louer dans le Finist\u00e8re<\/h2>\n\n\n\n<p class=\"ls-paragraph\">Envie de vacances diff\u00e9rentes dans le Finist\u00e8re Nord \u00e0 Plouguerneau ? Le camping du Vougot vous <strong>propose une alternative aux mobil-homes<\/strong> en profitant de nos h\u00e9bergements atypiques.<\/p>\n\n\n\n<p class=\"ls-paragraph\">N\u2019h\u00e9sitez pas \u00e0 nous contacter pour des renseignements compl\u00e9mentaires ! <\/p>\n\n\n\n<h2 class=\"ls__heading wp-block-heading deco\">Nos gammes de logements insolites \u00e0 Plouguerneau<\/h2>\n\n\n\n<h3 class=\"ls__heading wp-block-heading\">Le Tithome<\/h3>\n\n\n\n<p class=\"ls-paragraph\">Il s\u2019agit d\u2019une alternative au mobil-home traditionnel. La partie nuit est semblable \u00e0 un mobil-home avec 2 chambres dont 1 parentale avec un lit double et une chambre avec 2 lits simples superpos\u00e9s.<\/p>\n\n\n\n<p class=\"ls-paragraph\">La partie vie est en bois avec de quoi cuisiner.<\/p>\n\n\n\n<p class=\"ls-paragraph\">Attention car dans ce logement, il n\u2019y a <strong>pas de salle de bain ni de point d\u2019eau<\/strong> ! Vous disposerez tout de m\u00eame de toilette dans ce type de logement<\/p>\n<\/div>\n\n\n\n<div class=\"wp-block-column is-vertically-aligned-center is-layout-flow wp-block-column-is-layout-flow\">\n<h3 class=\"ls__heading wp-block-heading\">La tente lodge sur pilotis<\/h3>\n\n\n\n<p class=\"ls-paragraph\">Il s\u2019agit d\u2019un <strong>logement sur pilotis avec une structure en bois et une couverture en toile<\/strong> qui vous offre 2 chambres soit 1 chambre parentale avec un lit double et une seconde chambre avec 2 lits simples.&nbsp;La partie vie vous permet de manger et de cuisiner . Ce logement ne dispose <strong>pas de salle de bain ni de toilettes<\/strong>, il faut aller dans les sanitaires communs.<\/p>\n\n\n\n<h3 class=\"ls__heading wp-block-heading\">La cabane<\/h3>\n\n\n\n<p class=\"ls-paragraph\">Ce <strong>logement glamping<\/strong> est disponible \u00e0 la nuit\u00e9e pendant toute la saison !<\/p>\n\n\n\n<p class=\"ls-paragraph\">Il vous offre une pi\u00e8ce unique avec un lit double et un espace vie avec une table et 2 chaises ainsi que la vaisselle pour 2 personnes. Vous pourrez utiliser le micro-ondes pour r\u00e9chauffer votre repas et le d\u00e9guster sur votre terrasse.<\/p>\n\n\n\n<p class=\"ls-paragraph\"><strong>Pas de salle de bain ni toilettes <\/strong>donc il vous faudra vous rendre aux sanitaires communs !<\/p>\n\n\n\n<h2 class=\"ls__heading wp-block-heading deco\">Vacances atypiques dans le Finist\u00e8re<\/h2>\n\n\n\n<p class=\"ls-paragraph\">Le <a href=\"https:\/\/www.campingduvougot.com\/fr\/\">camping du Vougot \u00e0 Plouguerneau<\/a> met tout en \u0153uvre pour que vous passiez des vacances inoubliables dans le Nord Finist\u00e8re. Les amoureux des espaces verts et qui recherchent des vacances \u201cdiff\u00e9rentes\u201d pourront choisir l\u2019un de nos logements atypiques avec au choix le Tithome, la <strong>tente lodge sur pilotis<\/strong> ou la cabane. Nous proposons \u00e9galement \u00e0 la location des <a href=\"https:\/\/www.campingduvougot.com\/fr\/location-mobil-home-plouguerneau\/\">mobil-homes<\/a> ainsi que des <a href=\"https:\/\/www.campingduvougot.com\/fr\/location-emplacement-plouguerneau\/\">emplacements pour tente ou caravane<\/a>.<\/p>\n<\/div>\n<\/div>\n\n\r\n    <\/div>\r\n<\/section>\n\n<section id=\"ls-section-block_9bdc6b323f1ad4c82c38b15b7bf00be5\" class=\"ls-section  page-maillage-hebergement\" >\r\n        <div class=\"container container--wide\">\r\n        \n\n<div id=\"ls-heading ls-titre-div-block_0559cfafd7f531300df421e83bb66be7\" class=\"ls-titre-div deco aligncenter h2-like\" >\n    D\u00e9couvrez nos h\u00e9bergements et nos tarifs !<\/div>\n\n\n<div id=\"ls-maillage-block_45571edb317f7a3f802ce1fc18564f92\" class=\"ls-maillage cta-style-normal\" data-rows=\"3\">\n    <div class=\"wp-block-columns\"><div class=\"wp-block-column\">\n\n<a href=\"https:\/\/www.campingduvougot.com\/fr\/location-mobil-home-plouguerneau\/\" target=\"\" rel=\"noopener\" class=\"ls-cta__link\">\n\n\t<div class=\"ls-cta__image\"><img decoding=\"async\" src=\"https:\/\/www.campingduvougot.com\/wp-content\/uploads\/2023\/02\/location-mobil-home.jpg\" alt=\"location mobil home\"><\/div>\n\t<div class=\"ls-cta__title\">\n\t\tMobil-homes\t<\/div>\n\n\t\t\n<\/a><\/div><div class=\"wp-block-column\">\n\n<a href=\"https:\/\/www.campingduvougot.com\/fr\/location-emplacement-plouguerneau\/\" target=\"\" rel=\"noopener\" class=\"ls-cta__link\">\n\n\t<div class=\"ls-cta__image\"><img decoding=\"async\" src=\"https:\/\/www.campingduvougot.com\/wp-content\/uploads\/2023\/02\/emplacement-finistere-e1685460187653.jpg\" alt=\"emplacement finistere\"><\/div>\n\t<div class=\"ls-cta__title\">\n\t\tEmplacements\t<\/div>\n\n\t\t\n<\/a><\/div><div class=\"wp-block-column\">\n\n<a href=\"https:\/\/www.campingduvougot.com\/fr\/camping-pas-cher-plouguerneau\/\" target=\"\" rel=\"noopener\" class=\"ls-cta__link\">\n\n\t<div class=\"ls-cta__image\"><img decoding=\"async\" src=\"https:\/\/www.campingduvougot.com\/wp-content\/uploads\/2023\/03\/Sans-titre-12.jpg\" alt=\"camping du vougot \u00e0 petit prix\"><\/div>\n\t<div class=\"ls-cta__title\">\n\t\tTarifs\t<\/div>\n\n\t\t\n<\/a><\/div><\/div><\/div>\n\r\n    <\/div>\r\n<\/section>","protected":false},"excerpt":{"rendered":"","protected":false},"author":1,"featured_media":1435,"parent":0,"menu_order":0,"comment_status":"closed","ping_status":"closed","template":"template-hebergements.php","meta":{"_acf_changed":false,"footnotes":""},"sujet":[],"class_list":["post-200","page","type-page","status-publish","has-post-thumbnail","hentry"],"acf":[],"yoast_head":"<!-- This site is optimized with the Yoast SEO plugin v23.4 - https:\/\/yoast.com\/wordpress\/plugins\/seo\/ -->\n<title>Glamping dans le Finist\u00e8re | Louer h\u00e9bergement atypique Plouguerneau<\/title>\n<meta name=\"robots\" content=\"index, follow, max-snippet:-1, max-image-preview:large, max-video-preview:-1\" \/>\n<link rel=\"canonical\" href=\"https:\/\/www.campingduvougot.com\/fr\/location-insolite-plouguerneau\/\" \/>\n<meta property=\"og:locale\" content=\"fr_FR\" \/>\n<meta property=\"og:type\" content=\"article\" \/>\n<meta property=\"og:title\" content=\"Glamping dans le Finist\u00e8re | Louer h\u00e9bergement atypique Plouguerneau\" \/>\n<meta property=\"og:url\" content=\"https:\/\/www.campingduvougot.com\/fr\/location-insolite-plouguerneau\/\" \/>\n<meta property=\"og:site_name\" content=\"Camping du Vougot\" \/>\n<meta property=\"article:modified_time\" content=\"2023-03-30T08:12:35+00:00\" \/>\n<meta property=\"og:image\" content=\"https:\/\/www.campingduvougot.com\/wp-content\/uploads\/2023\/03\/camping-du-vougot-dans-le-finistere-1-scaled.webp\" \/>\n\t<meta property=\"og:image:width\" content=\"2560\" \/>\n\t<meta property=\"og:image:height\" content=\"427\" \/>\n\t<meta property=\"og:image:type\" content=\"image\/webp\" \/>\n<meta name=\"twitter:card\" content=\"summary_large_image\" \/>\n<meta name=\"twitter:label1\" content=\"Dur\u00e9e de lecture estim\u00e9e\" \/>\n\t<meta name=\"twitter:data1\" content=\"2 minutes\" \/>\n<script type=\"application\/ld+json\" class=\"yoast-schema-graph\">{\"@context\":\"https:\/\/schema.org\",\"@graph\":[{\"@type\":\"WebPage\",\"@id\":\"https:\/\/www.campingduvougot.com\/fr\/location-insolite-plouguerneau\/\",\"url\":\"https:\/\/www.campingduvougot.com\/fr\/location-insolite-plouguerneau\/\",\"name\":\"Glamping dans le Finist\u00e8re | Louer h\u00e9bergement atypique Plouguerneau\",\"isPartOf\":{\"@id\":\"https:\/\/www.campingduvougot.com\/fr\/#website\"},\"primaryImageOfPage\":{\"@id\":\"https:\/\/www.campingduvougot.com\/fr\/location-insolite-plouguerneau\/#primaryimage\"},\"image\":{\"@id\":\"https:\/\/www.campingduvougot.com\/fr\/location-insolite-plouguerneau\/#primaryimage\"},\"thumbnailUrl\":\"https:\/\/www.campingduvougot.com\/wp-content\/uploads\/2023\/03\/camping-du-vougot-dans-le-finistere-1-scaled.webp\",\"datePublished\":\"2023-02-15T09:59:00+00:00\",\"dateModified\":\"2023-03-30T08:12:35+00:00\",\"breadcrumb\":{\"@id\":\"https:\/\/www.campingduvougot.com\/fr\/location-insolite-plouguerneau\/#breadcrumb\"},\"inLanguage\":\"fr-FR\",\"potentialAction\":[{\"@type\":\"ReadAction\",\"target\":[\"https:\/\/www.campingduvougot.com\/fr\/location-insolite-plouguerneau\/\"]}]},{\"@type\":\"ImageObject\",\"inLanguage\":\"fr-FR\",\"@id\":\"https:\/\/www.campingduvougot.com\/fr\/location-insolite-plouguerneau\/#primaryimage\",\"url\":\"https:\/\/www.campingduvougot.com\/wp-content\/uploads\/2023\/03\/camping-du-vougot-dans-le-finistere-1-scaled.webp\",\"contentUrl\":\"https:\/\/www.campingduvougot.com\/wp-content\/uploads\/2023\/03\/camping-du-vougot-dans-le-finistere-1-scaled.webp\",\"width\":2560,\"height\":427,\"caption\":\"location mobil home finistere sud\"},{\"@type\":\"BreadcrumbList\",\"@id\":\"https:\/\/www.campingduvougot.com\/fr\/location-insolite-plouguerneau\/#breadcrumb\",\"itemListElement\":[{\"@type\":\"ListItem\",\"position\":1,\"name\":\"Camping Plouguerneau\",\"item\":\"https:\/\/www.campingduvougot.com\/fr\/\"},{\"@type\":\"ListItem\",\"position\":2,\"name\":\"Glamping dans le Finist\u00e8re\"}]},{\"@type\":\"WebSite\",\"@id\":\"https:\/\/www.campingduvougot.com\/fr\/#website\",\"url\":\"https:\/\/www.campingduvougot.com\/fr\/\",\"name\":\"Camping du Vougot\",\"description\":\"\",\"publisher\":{\"@id\":\"https:\/\/www.campingduvougot.com\/fr\/#organization\"},\"potentialAction\":[{\"@type\":\"SearchAction\",\"target\":{\"@type\":\"EntryPoint\",\"urlTemplate\":\"https:\/\/www.campingduvougot.com\/fr\/?s={search_term_string}\"},\"query-input\":{\"@type\":\"PropertyValueSpecification\",\"valueRequired\":true,\"valueName\":\"search_term_string\"}}],\"inLanguage\":\"fr-FR\"},{\"@type\":\"Organization\",\"@id\":\"https:\/\/www.campingduvougot.com\/fr\/#organization\",\"name\":\"Camping du Vougot\",\"url\":\"https:\/\/www.campingduvougot.com\/fr\/\",\"logo\":{\"@type\":\"ImageObject\",\"inLanguage\":\"fr-FR\",\"@id\":\"https:\/\/www.campingduvougot.com\/fr\/#\/schema\/logo\/image\/\",\"url\":\"https:\/\/www.campingduvougot.com\/wp-content\/uploads\/2023\/02\/camping-du-vougot-logo-blanc-scaled.webp\",\"contentUrl\":\"https:\/\/www.campingduvougot.com\/wp-content\/uploads\/2023\/02\/camping-du-vougot-logo-blanc-scaled.webp\",\"width\":2560,\"height\":1565,\"caption\":\"Camping du Vougot\"},\"image\":{\"@id\":\"https:\/\/www.campingduvougot.com\/fr\/#\/schema\/logo\/image\/\"}}]}<\/script>\n<!-- \/ Yoast SEO plugin. -->","yoast_head_json":{"title":"Glamping dans le Finist\u00e8re | Louer h\u00e9bergement atypique Plouguerneau","robots":{"index":"index","follow":"follow","max-snippet":"max-snippet:-1","max-image-preview":"max-image-preview:large","max-video-preview":"max-video-preview:-1"},"canonical":"https:\/\/www.campingduvougot.com\/fr\/location-insolite-plouguerneau\/","og_locale":"fr_FR","og_type":"article","og_title":"Glamping dans le Finist\u00e8re | Louer h\u00e9bergement atypique Plouguerneau","og_url":"https:\/\/www.campingduvougot.com\/fr\/location-insolite-plouguerneau\/","og_site_name":"Camping du Vougot","article_modified_time":"2023-03-30T08:12:35+00:00","og_image":[{"width":2560,"height":427,"url":"https:\/\/www.campingduvougot.com\/wp-content\/uploads\/2023\/03\/camping-du-vougot-dans-le-finistere-1-scaled.webp","type":"image\/webp"}],"twitter_card":"summary_large_image","twitter_misc":{"Dur\u00e9e de lecture estim\u00e9e":"2 minutes"},"schema":{"@context":"https:\/\/schema.org","@graph":[{"@type":"WebPage","@id":"https:\/\/www.campingduvougot.com\/fr\/location-insolite-plouguerneau\/","url":"https:\/\/www.campingduvougot.com\/fr\/location-insolite-plouguerneau\/","name":"Glamping dans le Finist\u00e8re | Louer h\u00e9bergement atypique Plouguerneau","isPartOf":{"@id":"https:\/\/www.campingduvougot.com\/fr\/#website"},"primaryImageOfPage":{"@id":"https:\/\/www.campingduvougot.com\/fr\/location-insolite-plouguerneau\/#primaryimage"},"image":{"@id":"https:\/\/www.campingduvougot.com\/fr\/location-insolite-plouguerneau\/#primaryimage"},"thumbnailUrl":"https:\/\/www.campingduvougot.com\/wp-content\/uploads\/2023\/03\/camping-du-vougot-dans-le-finistere-1-scaled.webp","datePublished":"2023-02-15T09:59:00+00:00","dateModified":"2023-03-30T08:12:35+00:00","breadcrumb":{"@id":"https:\/\/www.campingduvougot.com\/fr\/location-insolite-plouguerneau\/#breadcrumb"},"inLanguage":"fr-FR","potentialAction":[{"@type":"ReadAction","target":["https:\/\/www.campingduvougot.com\/fr\/location-insolite-plouguerneau\/"]}]},{"@type":"ImageObject","inLanguage":"fr-FR","@id":"https:\/\/www.campingduvougot.com\/fr\/location-insolite-plouguerneau\/#primaryimage","url":"https:\/\/www.campingduvougot.com\/wp-content\/uploads\/2023\/03\/camping-du-vougot-dans-le-finistere-1-scaled.webp","contentUrl":"https:\/\/www.campingduvougot.com\/wp-content\/uploads\/2023\/03\/camping-du-vougot-dans-le-finistere-1-scaled.webp","width":2560,"height":427,"caption":"location mobil home finistere sud"},{"@type":"BreadcrumbList","@id":"https:\/\/www.campingduvougot.com\/fr\/location-insolite-plouguerneau\/#breadcrumb","itemListElement":[{"@type":"ListItem","position":1,"name":"Camping Plouguerneau","item":"https:\/\/www.campingduvougot.com\/fr\/"},{"@type":"ListItem","position":2,"name":"Glamping dans le Finist\u00e8re"}]},{"@type":"WebSite","@id":"https:\/\/www.campingduvougot.com\/fr\/#website","url":"https:\/\/www.campingduvougot.com\/fr\/","name":"Camping du Vougot","description":"","publisher":{"@id":"https:\/\/www.campingduvougot.com\/fr\/#organization"},"potentialAction":[{"@type":"SearchAction","target":{"@type":"EntryPoint","urlTemplate":"https:\/\/www.campingduvougot.com\/fr\/?s={search_term_string}"},"query-input":{"@type":"PropertyValueSpecification","valueRequired":true,"valueName":"search_term_string"}}],"inLanguage":"fr-FR"},{"@type":"Organization","@id":"https:\/\/www.campingduvougot.com\/fr\/#organization","name":"Camping du Vougot","url":"https:\/\/www.campingduvougot.com\/fr\/","logo":{"@type":"ImageObject","inLanguage":"fr-FR","@id":"https:\/\/www.campingduvougot.com\/fr\/#\/schema\/logo\/image\/","url":"https:\/\/www.campingduvougot.com\/wp-content\/uploads\/2023\/02\/camping-du-vougot-logo-blanc-scaled.webp","contentUrl":"https:\/\/www.campingduvougot.com\/wp-content\/uploads\/2023\/02\/camping-du-vougot-logo-blanc-scaled.webp","width":2560,"height":1565,"caption":"Camping du Vougot"},"image":{"@id":"https:\/\/www.campingduvougot.com\/fr\/#\/schema\/logo\/image\/"}}]}},"_links":{"self":[{"href":"https:\/\/www.campingduvougot.com\/fr\/wp-json\/wp\/v2\/pages\/200","targetHints":{"allow":["GET"]}}],"collection":[{"href":"https:\/\/www.campingduvougot.com\/fr\/wp-json\/wp\/v2\/pages"}],"about":[{"href":"https:\/\/www.campingduvougot.com\/fr\/wp-json\/wp\/v2\/types\/page"}],"author":[{"embeddable":true,"href":"https:\/\/www.campingduvougot.com\/fr\/wp-json\/wp\/v2\/users\/1"}],"replies":[{"embeddable":true,"href":"https:\/\/www.campingduvougot.com\/fr\/wp-json\/wp\/v2\/comments?post=200"}],"version-history":[{"count":27,"href":"https:\/\/www.campingduvougot.com\/fr\/wp-json\/wp\/v2\/pages\/200\/revisions"}],"predecessor-version":[{"id":2310,"href":"https:\/\/www.campingduvougot.com\/fr\/wp-json\/wp\/v2\/pages\/200\/revisions\/2310"}],"wp:featuredmedia":[{"embeddable":true,"href":"https:\/\/www.campingduvougot.com\/fr\/wp-json\/wp\/v2\/media\/1435"}],"wp:attachment":[{"href":"https:\/\/www.campingduvougot.com\/fr\/wp-json\/wp\/v2\/media?parent=200"}],"wp:term":[{"taxonomy":"sujet","embeddable":true,"href":"https:\/\/www.campingduvougot.com\/fr\/wp-json\/wp\/v2\/sujet?post=200"}],"curies":[{"name":"wp","href":"https:\/\/api.w.org\/{rel}","templated":true}]}}