{"id":196,"date":"2023-02-15T10:58:30","date_gmt":"2023-02-15T09:58:30","guid":{"rendered":"https:\/\/www.campingduvougot.com\/?page_id=196"},"modified":"2023-03-28T11:18:52","modified_gmt":"2023-03-28T09:18:52","slug":"camping-bord-de-plage-plouguerneau","status":"publish","type":"page","link":"https:\/\/www.campingduvougot.com\/fr\/camping-bord-de-plage-plouguerneau\/","title":{"rendered":"Camping en bord de plage"},"content":{"rendered":"<section id=\"ls-section-block_2254a2442e739ab68d5dd28de8bb209b\" class=\"ls-section  page-chapeau has-p-b p-b-0\" >\r\n        <div class=\"container \">\r\n        \n\n<h1 class=\"ls__heading has-text-align-center vague wp-block-heading\">S\u00e9journez au camping en bord de mer dans le Finist\u00e8re<\/h1>\n\n\r\n    <\/div>\r\n<\/section>\n\n<section id=\"ls-section-block_8eb00408d7b107556d571ea079fa86cc\" class=\"ls-section  page-one has-p-b p-b-14\" >\r\n        <div class=\"container container--wide\">\r\n        \n\n<div class=\"wp-block-columns is-layout-flex wp-container-core-columns-is-layout-9d6595d7 wp-block-columns-is-layout-flex\">\n<div class=\"wp-block-column is-vertically-aligned-center left is-layout-flow wp-block-column-is-layout-flow\" style=\"flex-basis:66.66%\">\n<figure class=\"wp-block-image size-full animated fadeIn delay-100ms slow\"><a href=\"https:\/\/www.campingduvougot.com\/wp-content\/uploads\/2023\/03\/Sans-titre_resultat.webp\"><img decoding=\"async\" width=\"866\" height=\"578\" src=\"https:\/\/www.campingduvougot.com\/wp-content\/uploads\/2023\/03\/Sans-titre_resultat.webp\" alt=\"camping en bord de plage finistrere\" class=\"wp-image-1048\" srcset=\"https:\/\/www.campingduvougot.com\/wp-content\/uploads\/2023\/03\/Sans-titre_resultat.webp 866w, https:\/\/www.campingduvougot.com\/wp-content\/uploads\/2023\/03\/Sans-titre_resultat-300x200.webp 300w, https:\/\/www.campingduvougot.com\/wp-content\/uploads\/2023\/03\/Sans-titre_resultat-768x513.webp 768w\" sizes=\"(max-width: 866px) 100vw, 866px\" \/><\/a><\/figure>\n<\/div>\n\n\n\n<div class=\"wp-block-column is-vertically-aligned-center right is-layout-flow wp-block-column-is-layout-flow\" style=\"flex-basis:33.33%\">\n<h2 class=\"ls__heading deco wp-block-heading\">Votre locatif proche de la plage \u00e0 Plouguerneau<\/h2>\n\n\n\n<p class=\"ls-paragraph\">Le <a href=\"https:\/\/www.campingduvougot.com\/fr\/\">camping du Vougot<\/a> est un petit camping familial de 75 emplacements proche de la plage du Vougot. Que vous louiez un <a href=\"https:\/\/www.campingduvougot.com\/fr\/location-mobil-home-plouguerneau\/\">mobil-home<\/a>, un <a href=\"https:\/\/www.campingduvougot.com\/fr\/location-insolite-plouguerneau\/\">logement atypique<\/a> ou un <a href=\"https:\/\/www.campingduvougot.com\/fr\/location-emplacement-plouguerneau\/\">emplacement<\/a> pour le camping traditionnel, vous pourrez profiter \u00e0 tout moment des d\u00e9lices de la baignade en mer, dans un air iod\u00e9, berc\u00e9 par le bruit des vagues. <\/p>\n\n\n\n<h2 class=\"ls__heading deco wp-block-heading\">Camping \u00e0 250 m. de la mer<\/h2>\n\n\n\n<p class=\"ls-paragraph\">La plage du Vougot est accessible \u00e0 pied depuis le camping en 5 mn seulement. Ici, l\u2019eau prend une couleur qui n\u2019a rien \u00e0 envier aux plages carib\u00e9ennes. Elle est d\u2019une <strong>transparence extraordinaire et sa qualit\u00e9 excellente<\/strong> (contr\u00f4les sanitaires affich\u00e9s sur l\u2019acc\u00e8s \u00e0 la plage) vous garantit une baignade des plus agr\u00e9able\u2026 et vivifiante.<\/p>\n<\/div>\n<\/div>\n\n\r\n    <\/div>\r\n<\/section>\n\n<section id=\"ls-section-block_9a623f979367a0beec2ac1c3c5455f7c\" class=\"ls-section  home-image has-background-image has-parallax\" >\r\n    <div class=\"ls-section__background-image opacity-100\"><img decoding=\"async\" src=\"https:\/\/www.campingduvougot.com\/wp-content\/uploads\/2023\/03\/vacances-en-famille-en-bord-de-plage.jpg\" alt=\"vacances en famille en bord de plage\"><\/div>    <div class=\"container \">\r\n        \n\n<p class=\"ls-paragraph\"><\/p>\n\n\r\n    <\/div>\r\n<\/section>\n\n<section id=\"ls-section-block_a5bc814b1b6c8a0db9cbbd7b05264b42\" class=\"ls-section  page-two\" >\r\n        <div class=\"container container--wide\">\r\n        \n\n<div class=\"wp-block-columns is-layout-flex wp-container-core-columns-is-layout-9d6595d7 wp-block-columns-is-layout-flex\">\n<div class=\"wp-block-column is-vertically-aligned-center left right animated fadeInUp slow has-color-white-background-color has-background is-layout-flow wp-block-column-is-layout-flow\">\n<h2 class=\"ls__heading deco wp-block-heading\">Profitez des activit\u00e9s qu&rsquo;offrent les plages de Bretagne<\/h2>\n\n\n\n<p class=\"ls-paragraph\">Avec plus d\u20191 km de long, <strong>la plage du Vougot offre beaucoup de possibilit\u00e9s de divertissement<\/strong>. Le 1er, le farniente \u00e0 distance de ses voisins de serviette, mais aussi tous les jeux de plage n\u00e9cessitant de la place : ici pas de probl\u00e8me d\u2019empi\u00e8tement sur les autres.<\/p>\n\n\n\n<p class=\"ls-paragraph\">La plage du Vougot a aussi ses <strong>adeptes de sports aquatiques<\/strong> : kite surf et longe c\u00f4te principalement mais aussi des activit\u00e9s encadr\u00e9es telles que le surf, la planche \u00e0 voile, le paddle et l\u2019optimist.<\/p>\n<\/div>\n\n\n\n<div class=\"wp-block-column is-vertically-aligned-top right animated fadeInUp slow has-color-white-background-color has-background is-layout-flow wp-block-column-is-layout-flow\">\n<p class=\"ls-paragraph\">Enfin, pour les amoureux de sport nature, vous pourrez vous adonner \u00e0 la p\u00eache depuis le bord, randonner sur l\u2019estran ou profiter d\u2019une balade \u00e0 cheval pour d\u00e9couvrir cet endroit autrement.<\/p>\n\n\n\n<p class=\"ls-paragraph\">Mais la plage ne se r\u00e9sume pas \u00e0 la baignade : il suffit de se poser sur le sable le soir venu pour <strong>admirer le coucher de soleil<\/strong> et tenter, comme les nombreux photographes amateurs, de ramener le clich\u00e9 inoubliable des vacances avec le phare de l\u2019\u00eele vierge en arri\u00e8re plan.<\/p>\n\n\n\n<p class=\"ls-paragraph\">Et pourquoi ne pas se divertir au bord de la plage du Vougot ? <\/p>\n\n\n\n<p class=\"ls-paragraph\">Tous les vendredis soirs, en juillet et ao\u00fbt, vous pourrez profiter des <strong>soir\u00e9es concerts \u00e0 la station de la SNSM<\/strong> ainsi que des quelques f\u00eates de quartier.<\/p>\n<\/div>\n<\/div>\n\n\r\n    <\/div>\r\n<\/section>\n\n<section id=\"ls-section-block_b1eb69dcdc61b2e66cdfd003344d2419\" class=\"ls-section  page-maillage has-p-b p-b-14\" >\r\n        <div class=\"container container--wide\">\r\n        \n\n<div id=\"ls-heading ls-titre-div-block_79abdd25d41e9f86b6996a9dede54a39\" class=\"ls-titre-div deco aligncenter h2-like\" >\n    D\u00e9couvrez nos activit\u00e9s, notre piscine et nos services !<\/div>\n\n\n<div id=\"ls-maillage-block_5e78e146a034a9d0ae5ab0b9010284a9\" class=\"ls-maillage cta-style-normal\" data-rows=\"3\">\n    <div class=\"wp-block-columns\"><div class=\"wp-block-column\">\n\n<a href=\"https:\/\/www.campingduvougot.com\/fr\/camping-activites-plouguerneau\/\" target=\"\" rel=\"noopener\" class=\"ls-cta__link\">\n\n\t<div class=\"ls-cta__image\"><img decoding=\"async\" src=\"https:\/\/www.campingduvougot.com\/wp-content\/uploads\/2025\/03\/camping-vougot-plouguerneau-structure-aire-jeux-1000px-768x1024.webp\" alt=\"camping vougot plouguerneau structure aire jeux\"><\/div>\n\t<div class=\"ls-cta__title\">\n\t\tActivit\u00e9s &#038; animations\t<\/div>\n\n\t\t\n<\/a><\/div><div class=\"wp-block-column\">\n\n<a href=\"https:\/\/www.campingduvougot.com\/fr\/camping-piscine-chauffee-plouguerneau\/\" target=\"\" rel=\"noopener\" class=\"ls-cta__link\">\n\n\t<div class=\"ls-cta__image\"><img decoding=\"async\" src=\"https:\/\/www.campingduvougot.com\/wp-content\/uploads\/2023\/02\/camping-du-vougot-avec-piscine-chauffee-dans-le-finistere-en-bretagne-768x432.webp\" alt=\"camping piscine chauffee fiinistere\"><\/div>\n\t<div class=\"ls-cta__title\">\n\t\tPiscine\t<\/div>\n\n\t\t\n<\/a><\/div><div class=\"wp-block-column\">\n\n<a href=\"https:\/\/www.campingduvougot.com\/fr\/camping-familial-plouguerneau\/\" target=\"\" rel=\"noopener\" class=\"ls-cta__link\">\n\n\t<div class=\"ls-cta__image\"><img decoding=\"async\" src=\"https:\/\/www.campingduvougot.com\/wp-content\/uploads\/2023\/03\/les-services-du-camping-le-vougot-en-bretagne.jpg\" alt=\"les services du camping le vougot en bretagne\"><\/div>\n\t<div class=\"ls-cta__title\">\n\t\tServices\t<\/div>\n\n\t\t\n<\/a><\/div><\/div><\/div>\n\r\n    <\/div>\r\n<\/section>","protected":false},"excerpt":{"rendered":"","protected":false},"author":1,"featured_media":1068,"parent":0,"menu_order":0,"comment_status":"closed","ping_status":"closed","template":"","meta":{"_acf_changed":false,"footnotes":""},"sujet":[],"class_list":["post-196","page","type-page","status-publish","has-post-thumbnail","hentry"],"acf":[],"yoast_head":"<!-- This site is optimized with the Yoast SEO plugin v23.4 - https:\/\/yoast.com\/wordpress\/plugins\/seo\/ -->\n<title>Camping en bord de mer Finist\u00e8re | Camping pr\u00e8s des plages Plouguerneau<\/title>\n<meta name=\"robots\" content=\"index, follow, max-snippet:-1, max-image-preview:large, max-video-preview:-1\" \/>\n<link rel=\"canonical\" href=\"https:\/\/www.campingduvougot.com\/fr\/camping-bord-de-plage-plouguerneau\/\" \/>\n<meta property=\"og:locale\" content=\"fr_FR\" \/>\n<meta property=\"og:type\" content=\"article\" \/>\n<meta property=\"og:title\" content=\"Camping en bord de mer Finist\u00e8re | Camping pr\u00e8s des plages Plouguerneau\" \/>\n<meta property=\"og:url\" content=\"https:\/\/www.campingduvougot.com\/fr\/camping-bord-de-plage-plouguerneau\/\" \/>\n<meta property=\"og:site_name\" content=\"Camping du Vougot\" \/>\n<meta property=\"article:modified_time\" content=\"2023-03-28T09:18:52+00:00\" \/>\n<meta property=\"og:image\" content=\"https:\/\/www.campingduvougot.com\/wp-content\/uploads\/2023\/03\/Sans-titre-5.jpg\" \/>\n\t<meta property=\"og:image:width\" content=\"1920\" \/>\n\t<meta property=\"og:image:height\" content=\"497\" \/>\n\t<meta property=\"og:image:type\" content=\"image\/jpeg\" \/>\n<meta name=\"twitter:card\" content=\"summary_large_image\" \/>\n<meta name=\"twitter:label1\" content=\"Dur\u00e9e de lecture estim\u00e9e\" \/>\n\t<meta name=\"twitter:data1\" content=\"2 minutes\" \/>\n<script type=\"application\/ld+json\" class=\"yoast-schema-graph\">{\"@context\":\"https:\/\/schema.org\",\"@graph\":[{\"@type\":\"WebPage\",\"@id\":\"https:\/\/www.campingduvougot.com\/fr\/camping-bord-de-plage-plouguerneau\/\",\"url\":\"https:\/\/www.campingduvougot.com\/fr\/camping-bord-de-plage-plouguerneau\/\",\"name\":\"Camping en bord de mer Finist\u00e8re | Camping pr\u00e8s des plages Plouguerneau\",\"isPartOf\":{\"@id\":\"https:\/\/www.campingduvougot.com\/fr\/#website\"},\"primaryImageOfPage\":{\"@id\":\"https:\/\/www.campingduvougot.com\/fr\/camping-bord-de-plage-plouguerneau\/#primaryimage\"},\"image\":{\"@id\":\"https:\/\/www.campingduvougot.com\/fr\/camping-bord-de-plage-plouguerneau\/#primaryimage\"},\"thumbnailUrl\":\"https:\/\/www.campingduvougot.com\/wp-content\/uploads\/2023\/03\/Sans-titre-5.jpg\",\"datePublished\":\"2023-02-15T09:58:30+00:00\",\"dateModified\":\"2023-03-28T09:18:52+00:00\",\"breadcrumb\":{\"@id\":\"https:\/\/www.campingduvougot.com\/fr\/camping-bord-de-plage-plouguerneau\/#breadcrumb\"},\"inLanguage\":\"fr-FR\",\"potentialAction\":[{\"@type\":\"ReadAction\",\"target\":[\"https:\/\/www.campingduvougot.com\/fr\/camping-bord-de-plage-plouguerneau\/\"]}]},{\"@type\":\"ImageObject\",\"inLanguage\":\"fr-FR\",\"@id\":\"https:\/\/www.campingduvougot.com\/fr\/camping-bord-de-plage-plouguerneau\/#primaryimage\",\"url\":\"https:\/\/www.campingduvougot.com\/wp-content\/uploads\/2023\/03\/Sans-titre-5.jpg\",\"contentUrl\":\"https:\/\/www.campingduvougot.com\/wp-content\/uploads\/2023\/03\/Sans-titre-5.jpg\",\"width\":1920,\"height\":497,\"caption\":\"vacances en bretagne proche des plages\"},{\"@type\":\"BreadcrumbList\",\"@id\":\"https:\/\/www.campingduvougot.com\/fr\/camping-bord-de-plage-plouguerneau\/#breadcrumb\",\"itemListElement\":[{\"@type\":\"ListItem\",\"position\":1,\"name\":\"Camping Plouguerneau\",\"item\":\"https:\/\/www.campingduvougot.com\/fr\/\"},{\"@type\":\"ListItem\",\"position\":2,\"name\":\"Camping pr\u00e8s des plages Plouguerneau\"}]},{\"@type\":\"WebSite\",\"@id\":\"https:\/\/www.campingduvougot.com\/fr\/#website\",\"url\":\"https:\/\/www.campingduvougot.com\/fr\/\",\"name\":\"Camping du Vougot\",\"description\":\"\",\"publisher\":{\"@id\":\"https:\/\/www.campingduvougot.com\/fr\/#organization\"},\"potentialAction\":[{\"@type\":\"SearchAction\",\"target\":{\"@type\":\"EntryPoint\",\"urlTemplate\":\"https:\/\/www.campingduvougot.com\/fr\/?s={search_term_string}\"},\"query-input\":{\"@type\":\"PropertyValueSpecification\",\"valueRequired\":true,\"valueName\":\"search_term_string\"}}],\"inLanguage\":\"fr-FR\"},{\"@type\":\"Organization\",\"@id\":\"https:\/\/www.campingduvougot.com\/fr\/#organization\",\"name\":\"Camping du Vougot\",\"url\":\"https:\/\/www.campingduvougot.com\/fr\/\",\"logo\":{\"@type\":\"ImageObject\",\"inLanguage\":\"fr-FR\",\"@id\":\"https:\/\/www.campingduvougot.com\/fr\/#\/schema\/logo\/image\/\",\"url\":\"https:\/\/www.campingduvougot.com\/wp-content\/uploads\/2023\/02\/camping-du-vougot-logo-blanc-scaled.webp\",\"contentUrl\":\"https:\/\/www.campingduvougot.com\/wp-content\/uploads\/2023\/02\/camping-du-vougot-logo-blanc-scaled.webp\",\"width\":2560,\"height\":1565,\"caption\":\"Camping du Vougot\"},\"image\":{\"@id\":\"https:\/\/www.campingduvougot.com\/fr\/#\/schema\/logo\/image\/\"}}]}<\/script>\n<!-- \/ Yoast SEO plugin. -->","yoast_head_json":{"title":"Camping en bord de mer Finist\u00e8re | Camping pr\u00e8s des plages Plouguerneau","robots":{"index":"index","follow":"follow","max-snippet":"max-snippet:-1","max-image-preview":"max-image-preview:large","max-video-preview":"max-video-preview:-1"},"canonical":"https:\/\/www.campingduvougot.com\/fr\/camping-bord-de-plage-plouguerneau\/","og_locale":"fr_FR","og_type":"article","og_title":"Camping en bord de mer Finist\u00e8re | Camping pr\u00e8s des plages Plouguerneau","og_url":"https:\/\/www.campingduvougot.com\/fr\/camping-bord-de-plage-plouguerneau\/","og_site_name":"Camping du Vougot","article_modified_time":"2023-03-28T09:18:52+00:00","og_image":[{"width":1920,"height":497,"url":"https:\/\/www.campingduvougot.com\/wp-content\/uploads\/2023\/03\/Sans-titre-5.jpg","type":"image\/jpeg"}],"twitter_card":"summary_large_image","twitter_misc":{"Dur\u00e9e de lecture estim\u00e9e":"2 minutes"},"schema":{"@context":"https:\/\/schema.org","@graph":[{"@type":"WebPage","@id":"https:\/\/www.campingduvougot.com\/fr\/camping-bord-de-plage-plouguerneau\/","url":"https:\/\/www.campingduvougot.com\/fr\/camping-bord-de-plage-plouguerneau\/","name":"Camping en bord de mer Finist\u00e8re | Camping pr\u00e8s des plages Plouguerneau","isPartOf":{"@id":"https:\/\/www.campingduvougot.com\/fr\/#website"},"primaryImageOfPage":{"@id":"https:\/\/www.campingduvougot.com\/fr\/camping-bord-de-plage-plouguerneau\/#primaryimage"},"image":{"@id":"https:\/\/www.campingduvougot.com\/fr\/camping-bord-de-plage-plouguerneau\/#primaryimage"},"thumbnailUrl":"https:\/\/www.campingduvougot.com\/wp-content\/uploads\/2023\/03\/Sans-titre-5.jpg","datePublished":"2023-02-15T09:58:30+00:00","dateModified":"2023-03-28T09:18:52+00:00","breadcrumb":{"@id":"https:\/\/www.campingduvougot.com\/fr\/camping-bord-de-plage-plouguerneau\/#breadcrumb"},"inLanguage":"fr-FR","potentialAction":[{"@type":"ReadAction","target":["https:\/\/www.campingduvougot.com\/fr\/camping-bord-de-plage-plouguerneau\/"]}]},{"@type":"ImageObject","inLanguage":"fr-FR","@id":"https:\/\/www.campingduvougot.com\/fr\/camping-bord-de-plage-plouguerneau\/#primaryimage","url":"https:\/\/www.campingduvougot.com\/wp-content\/uploads\/2023\/03\/Sans-titre-5.jpg","contentUrl":"https:\/\/www.campingduvougot.com\/wp-content\/uploads\/2023\/03\/Sans-titre-5.jpg","width":1920,"height":497,"caption":"vacances en bretagne proche des plages"},{"@type":"BreadcrumbList","@id":"https:\/\/www.campingduvougot.com\/fr\/camping-bord-de-plage-plouguerneau\/#breadcrumb","itemListElement":[{"@type":"ListItem","position":1,"name":"Camping Plouguerneau","item":"https:\/\/www.campingduvougot.com\/fr\/"},{"@type":"ListItem","position":2,"name":"Camping pr\u00e8s des plages Plouguerneau"}]},{"@type":"WebSite","@id":"https:\/\/www.campingduvougot.com\/fr\/#website","url":"https:\/\/www.campingduvougot.com\/fr\/","name":"Camping du Vougot","description":"","publisher":{"@id":"https:\/\/www.campingduvougot.com\/fr\/#organization"},"potentialAction":[{"@type":"SearchAction","target":{"@type":"EntryPoint","urlTemplate":"https:\/\/www.campingduvougot.com\/fr\/?s={search_term_string}"},"query-input":{"@type":"PropertyValueSpecification","valueRequired":true,"valueName":"search_term_string"}}],"inLanguage":"fr-FR"},{"@type":"Organization","@id":"https:\/\/www.campingduvougot.com\/fr\/#organization","name":"Camping du Vougot","url":"https:\/\/www.campingduvougot.com\/fr\/","logo":{"@type":"ImageObject","inLanguage":"fr-FR","@id":"https:\/\/www.campingduvougot.com\/fr\/#\/schema\/logo\/image\/","url":"https:\/\/www.campingduvougot.com\/wp-content\/uploads\/2023\/02\/camping-du-vougot-logo-blanc-scaled.webp","contentUrl":"https:\/\/www.campingduvougot.com\/wp-content\/uploads\/2023\/02\/camping-du-vougot-logo-blanc-scaled.webp","width":2560,"height":1565,"caption":"Camping du Vougot"},"image":{"@id":"https:\/\/www.campingduvougot.com\/fr\/#\/schema\/logo\/image\/"}}]}},"_links":{"self":[{"href":"https:\/\/www.campingduvougot.com\/fr\/wp-json\/wp\/v2\/pages\/196","targetHints":{"allow":["GET"]}}],"collection":[{"href":"https:\/\/www.campingduvougot.com\/fr\/wp-json\/wp\/v2\/pages"}],"about":[{"href":"https:\/\/www.campingduvougot.com\/fr\/wp-json\/wp\/v2\/types\/page"}],"author":[{"embeddable":true,"href":"https:\/\/www.campingduvougot.com\/fr\/wp-json\/wp\/v2\/users\/1"}],"replies":[{"embeddable":true,"href":"https:\/\/www.campingduvougot.com\/fr\/wp-json\/wp\/v2\/comments?post=196"}],"version-history":[{"count":21,"href":"https:\/\/www.campingduvougot.com\/fr\/wp-json\/wp\/v2\/pages\/196\/revisions"}],"predecessor-version":[{"id":1982,"href":"https:\/\/www.campingduvougot.com\/fr\/wp-json\/wp\/v2\/pages\/196\/revisions\/1982"}],"wp:featuredmedia":[{"embeddable":true,"href":"https:\/\/www.campingduvougot.com\/fr\/wp-json\/wp\/v2\/media\/1068"}],"wp:attachment":[{"href":"https:\/\/www.campingduvougot.com\/fr\/wp-json\/wp\/v2\/media?parent=196"}],"wp:term":[{"taxonomy":"sujet","embeddable":true,"href":"https:\/\/www.campingduvougot.com\/fr\/wp-json\/wp\/v2\/sujet?post=196"}],"curies":[{"name":"wp","href":"https:\/\/api.w.org\/{rel}","templated":true}]}}