{"id":2042,"date":"2023-03-28T12:21:05","date_gmt":"2023-03-28T10:21:05","guid":{"rendered":"https:\/\/www.campingduvougot.com\/tourism-natura-2000-guisseny-finistere\/"},"modified":"2023-03-28T12:21:05","modified_gmt":"2023-03-28T10:21:05","slug":"tourism-natura-2000-guisseny-finistere","status":"publish","type":"page","link":"https:\/\/www.campingduvougot.com\/en\/tourism-natura-2000-guisseny-finistere\/","title":{"rendered":"Natura 2000 zone of the curnic"},"content":{"rendered":"<section id=\"ls-section-block_ce68f713eff82f2761f6cc1a4251ddd9\" class=\"ls-section  page-chapeau has-p-b p-b-0\" >\r\n        <div class=\"container \">\r\n        \n\n<h1 class=\"ls__heading has-text-align-center vague wp-block-heading\">Visit the Natura 2000 website<\/h1>\n\n\r\n    <\/div>\r\n<\/section><section id=\"ls-section-block_e395dc766490120baccc8dce675ea08f\" class=\"ls-section  page-one has-p-b p-b-14\" >\r\n        <div class=\"container container--wide\">\r\n        \n\n<div class=\"wp-block-columns is-layout-flex wp-container-core-columns-is-layout-9d6595d7 wp-block-columns-is-layout-flex\">\n<div class=\"wp-block-column is-vertically-aligned-center left is-layout-flow wp-block-column-is-layout-flow\" style=\"flex-basis:66.66%\">\n<figure class=\"wp-block-embed is-type-video is-provider-youtube wp-block-embed-youtube wp-embed-aspect-16-9 wp-has-aspect-ratio\"><div class=\"wp-block-embed__wrapper\">\n<iframe title=\"Guiss\u00e9ny, \u00e9tang du Curnic. Promenade nature\" width=\"500\" height=\"281\" src=\"https:\/\/www.youtube.com\/embed\/s6LRF38BeFM?feature=oembed\" frameborder=\"0\" allow=\"accelerometer; autoplay; clipboard-write; encrypted-media; gyroscope; picture-in-picture; web-share\" referrerpolicy=\"strict-origin-when-cross-origin\" allowfullscreen><\/iframe>\n<\/div><\/figure>\n<\/div>\n\n\n\n<div class=\"wp-block-column right is-layout-flow wp-block-column-is-layout-flow\" style=\"flex-basis:33.33%\">\n<h2 class=\"ls__heading deco wp-block-heading\">Discover the Curnic marsh, a committed site in Brittany<\/h2>\n\n\n\n<p class=\"ls-paragraph\">The <a href=\"https:\/\/www.campingduvougot.com\/en\/\">Vougot campsite<\/a>, although located in the commune of Plouguerneau, is in the heart of the <a href=\"https:\/\/guisseny.n2000.fr\/\" target=\"_blank\" rel=\"noreferrer noopener nofollow\">Natura 2000 zone of Guiss\u00e9ny.<\/a> This exceptional 12-hectare site offers nature lovers a playground to indulge their passion: hiking, horseback riding, wildlife photography, but also swimming and fishing. Indeed, this large perimeter includes the polder, the pond and a maritime strip from the beach of Vougot to the cove of Tresseny.<\/p>\n\n\n\n<p class=\"ls-paragraph\">Since 2022, this remarkable site has been the subject of a project to classify it as a <strong>Regional Nature Reserve<\/strong>, proof of the exceptional character of the environment in which the Vougot campsite is located.<\/p>\n<\/div>\n<\/div>\n\n\r\n    <\/div>\r\n<\/section><section id=\"ls-section-block_ee8d9b4365554403bd48af2b15f82203\" class=\"ls-section  page-three has-background has-color-1-background-color has-p-t p-t-14 has-p-b p-b-14\" >\r\n        <div class=\"container container--wide\">\r\n        \n\n<div class=\"wp-block-columns first is-layout-flex wp-container-core-columns-is-layout-9d6595d7 wp-block-columns-is-layout-flex\">\n<div class=\"wp-block-column is-vertically-aligned-center left is-layout-flow wp-block-column-is-layout-flow\">\n<h2 class=\"ls__heading deco wp-block-heading\">Protected species<\/h2>\n\n\n\n<p class=\"ls-paragraph\">The Natura 2000 area of Guiss\u00e9ny <strong>includes many animal and plant species.<\/strong> Depending on the season, you can admire : <\/p>\n\n\n\n<ul class=\"ls-list wp-block-list\">\n<li>11 species of orchids, 2 of which are rare: the Orchis and the Loesel&#8217;s liparis<\/li>\n\n\n\n<li>the drosera, insectivorous plant<\/li>\n\n\n\n<li>17 species of dragonflies including the Agrion de Mercure<\/li>\n\n\n\n<li>a butterfly, the Damier de la Succise<\/li>\n\n\n\n<li>150 species of birds<\/li>\n<\/ul>\n<\/div>\n\n\n\n<div class=\"wp-block-column right is-layout-flow wp-block-column-is-layout-flow\">\n<figure class=\"wp-block-image size-full animated fadeInRight delay-100ms slow\"><a href=\"https:\/\/www.campingduvougot.com\/wp-content\/uploads\/2023\/03\/decouvrir-la-faune-du-marais-natura-2000.jpg\"><img decoding=\"async\" width=\"866\" height=\"578\" src=\"https:\/\/www.campingduvougot.com\/wp-content\/uploads\/2023\/03\/decouvrir-la-faune-du-marais-natura-2000.jpg\" alt=\"discover the fauna of the natura 2000 marsh\" class=\"wp-image-1153\" srcset=\"https:\/\/www.campingduvougot.com\/wp-content\/uploads\/2023\/03\/decouvrir-la-faune-du-marais-natura-2000.jpg 866w, https:\/\/www.campingduvougot.com\/wp-content\/uploads\/2023\/03\/decouvrir-la-faune-du-marais-natura-2000-300x200.jpg 300w, https:\/\/www.campingduvougot.com\/wp-content\/uploads\/2023\/03\/decouvrir-la-faune-du-marais-natura-2000-768x513.jpg 768w\" sizes=\"(max-width: 866px) 100vw, 866px\" \/><\/a><\/figure>\n<\/div>\n<\/div>\n\n\n\n<div class=\"wp-block-columns second is-layout-flex wp-container-core-columns-is-layout-9d6595d7 wp-block-columns-is-layout-flex\">\n<div class=\"wp-block-column left is-layout-flow wp-block-column-is-layout-flow\">\n<figure class=\"wp-block-image size-full animated fadeInLeft delay-200ms slow\"><a href=\"https:\/\/www.campingduvougot.com\/wp-content\/uploads\/2023\/03\/reserve-natuelle-natura-2000-finistere.webp\"><img decoding=\"async\" width=\"866\" height=\"578\" src=\"https:\/\/www.campingduvougot.com\/wp-content\/uploads\/2023\/03\/reserve-natuelle-natura-2000-finistere.webp\" alt=\"natural reserve natura 2000 finistere\" class=\"wp-image-1377\" srcset=\"https:\/\/www.campingduvougot.com\/wp-content\/uploads\/2023\/03\/reserve-natuelle-natura-2000-finistere.webp 866w, https:\/\/www.campingduvougot.com\/wp-content\/uploads\/2023\/03\/reserve-natuelle-natura-2000-finistere-300x200.webp 300w, https:\/\/www.campingduvougot.com\/wp-content\/uploads\/2023\/03\/reserve-natuelle-natura-2000-finistere-768x513.webp 768w\" sizes=\"(max-width: 866px) 100vw, 866px\" \/><\/a><\/figure>\n<\/div>\n\n\n\n<div class=\"wp-block-column is-vertically-aligned-center right is-layout-flow wp-block-column-is-layout-flow\">\n<h2 class=\"ls__heading deco wp-block-heading\">A unique walk on the marsh<\/h2>\n\n\n\n<p class=\"ls-paragraph\">This site was formed relatively recently by the construction of a dike in the 19th century, resulting in the formation of <strong>a polder, a marsh and a pond.<\/strong><\/p>\n\n\n\n<p class=\"ls-paragraph\">From the Vougot campsite, discover the Curnic marsh by taking the hiking, trail or bike paths available at the reception. We also suggest a loop allowing you to go to the town of Guiss\u00e9ny through the marsh and the coastal path to discover the cove of Tresseny, where the protected area extends.<\/p>\n\n\n\n<p class=\"ls-paragraph\">Participate also in the animations organized by the local actors to better understand this area, its formation and observe the fauna and flora.<\/p>\n\n\n\n<p class=\"ls-paragraph addReadMore showlesscontent\">For photo enthusiasts, e<strong>njoy the views from the top of the dike<\/strong> or opt for the shelter of the reed bed to discreetly observe the birds on the pond and take some great shots.<\/p>\n<\/div>\n<\/div>\n\n\r\n    <\/div>\r\n<\/section><section id=\"ls-section-block_c6af52e1f7db5f9404631ece93de2967\" class=\"ls-section  page-maillage has-p-b p-b-14\" >\r\n        <div class=\"container container--wide\">\r\n        \n\n<div id=\"ls-heading ls-titre-div-block_7da5a2f1d2383c47466504cd8d03eebd\" class=\"ls-titre-div deco aligncenter h2-like\" >\n    Discover the surroundings!<\/div>\n\n\n<div id=\"ls-maillage-block_b6708ae8d458cefc9eb62bc5f7196e0d\" class=\"ls-maillage cta-style-normal\" data-rows=\"3\">\n    <div class=\"wp-block-columns\"><div class=\"wp-block-column\">\n\n<a href=\"https:\/\/www.campingduvougot.com\/en\/tourism-finistere\/\" target=\"\" rel=\"noopener\" class=\"ls-cta__link\">\n\n\t<div class=\"ls-cta__image\"><img decoding=\"async\" src=\"https:\/\/www.campingduvougot.com\/wp-content\/uploads\/2023\/02\/plage-finistere.jpg\" alt=\"finistere beach\"><\/div>\n\t<div class=\"ls-cta__title\">\n\t\tTo visit in Finist\u00e8re\t<\/div>\n\n\t\t\n<\/a><\/div><div class=\"wp-block-column\">\n\n<a href=\"https:\/\/www.campingduvougot.com\/en\/camping-by-the-beach-plouguerneau\/\" target=\"\" rel=\"noopener\" class=\"ls-cta__link\">\n\n\t<div class=\"ls-cta__image\"><img decoding=\"async\" src=\"https:\/\/www.campingduvougot.com\/wp-content\/uploads\/2023\/02\/camping-bord-plage-finistere-768x264.jpg\" alt=\"camping bord plage finistere\"><\/div>\n\t<div class=\"ls-cta__title\">\n\t\tBeachfront\t<\/div>\n\n\t\t\n<\/a><\/div><div class=\"wp-block-column\">\n\n<a href=\"https:\/\/www.campingduvougot.com\/en\/sports-activities-finistere\/\" target=\"\" rel=\"noopener\" class=\"ls-cta__link\">\n\n\t<div class=\"ls-cta__image\"><img decoding=\"async\" src=\"https:\/\/www.campingduvougot.com\/wp-content\/uploads\/2023\/03\/plongee-finistere-768x253.webp\" alt=\"diving finistere\"><\/div>\n\t<div class=\"ls-cta__title\">\n\t\tActivities in Finist\u00e8re\t<\/div>\n\n\t\t\n<\/a><\/div><\/div><\/div>\n\r\n    <\/div>\r\n<\/section>","protected":false},"excerpt":{"rendered":"","protected":false},"author":1,"featured_media":679,"parent":0,"menu_order":0,"comment_status":"closed","ping_status":"closed","template":"","meta":{"_acf_changed":false,"footnotes":""},"sujet":[],"class_list":["post-2042","page","type-page","status-publish","has-post-thumbnail","hentry"],"acf":[],"yoast_head":"<!-- This site is optimized with the Yoast SEO plugin v23.4 - https:\/\/yoast.com\/wordpress\/plugins\/seo\/ -->\n<title>Discover Guiss\u00e9ny marsh | Visit Natura 2000 site Guiss\u00e9ny<\/title>\n<meta name=\"description\" content=\"Discover the Natura 2000 area at the Marais du Curnic in Guiss\u00e9ny - Plouguerneau in Finist\u00e8re, a few steps from the magnificent Vougo beach\" \/>\n<meta name=\"robots\" content=\"index, follow, max-snippet:-1, max-image-preview:large, max-video-preview:-1\" \/>\n<link rel=\"canonical\" href=\"https:\/\/www.campingduvougot.com\/en\/tourism-natura-2000-guisseny-finistere\/\" \/>\n<meta property=\"og:locale\" content=\"en_US\" \/>\n<meta property=\"og:type\" content=\"article\" \/>\n<meta property=\"og:title\" content=\"Discover Guiss\u00e9ny marsh | Visit Natura 2000 site Guiss\u00e9ny\" \/>\n<meta property=\"og:description\" content=\"Discover the Natura 2000 area at the Marais du Curnic in Guiss\u00e9ny - Plouguerneau in Finist\u00e8re, a few steps from the magnificent Vougo beach\" \/>\n<meta property=\"og:url\" content=\"https:\/\/www.campingduvougot.com\/en\/tourism-natura-2000-guisseny-finistere\/\" \/>\n<meta property=\"og:site_name\" content=\"Camping du Vougot\" \/>\n<meta property=\"og:image\" content=\"https:\/\/www.campingduvougot.com\/wp-content\/uploads\/2023\/02\/visiter-zone-curnic.jpg\" \/>\n\t<meta property=\"og:image:width\" content=\"1903\" \/>\n\t<meta property=\"og:image:height\" content=\"627\" \/>\n\t<meta property=\"og:image:type\" content=\"image\/jpeg\" \/>\n<meta name=\"twitter:card\" content=\"summary_large_image\" \/>\n<meta name=\"twitter:label1\" content=\"Est. reading time\" \/>\n\t<meta name=\"twitter:data1\" content=\"2 minutes\" \/>\n<script type=\"application\/ld+json\" class=\"yoast-schema-graph\">{\"@context\":\"https:\/\/schema.org\",\"@graph\":[{\"@type\":\"WebPage\",\"@id\":\"https:\/\/www.campingduvougot.com\/en\/tourism-natura-2000-guisseny-finistere\/\",\"url\":\"https:\/\/www.campingduvougot.com\/en\/tourism-natura-2000-guisseny-finistere\/\",\"name\":\"Discover Guiss\u00e9ny marsh | Visit Natura 2000 site Guiss\u00e9ny\",\"isPartOf\":{\"@id\":\"https:\/\/www.campingduvougot.com\/fr\/#website\"},\"primaryImageOfPage\":{\"@id\":\"https:\/\/www.campingduvougot.com\/en\/tourism-natura-2000-guisseny-finistere\/#primaryimage\"},\"image\":{\"@id\":\"https:\/\/www.campingduvougot.com\/en\/tourism-natura-2000-guisseny-finistere\/#primaryimage\"},\"thumbnailUrl\":\"https:\/\/www.campingduvougot.com\/wp-content\/uploads\/2023\/02\/visiter-zone-curnic.jpg\",\"datePublished\":\"2023-03-28T10:21:05+00:00\",\"dateModified\":\"2023-03-28T10:21:05+00:00\",\"description\":\"Discover the Natura 2000 area at the Marais du Curnic in Guiss\u00e9ny - Plouguerneau in Finist\u00e8re, a few steps from the magnificent Vougo beach\",\"breadcrumb\":{\"@id\":\"https:\/\/www.campingduvougot.com\/en\/tourism-natura-2000-guisseny-finistere\/#breadcrumb\"},\"inLanguage\":\"en-US\",\"potentialAction\":[{\"@type\":\"ReadAction\",\"target\":[\"https:\/\/www.campingduvougot.com\/en\/tourism-natura-2000-guisseny-finistere\/\"]}]},{\"@type\":\"ImageObject\",\"inLanguage\":\"en-US\",\"@id\":\"https:\/\/www.campingduvougot.com\/en\/tourism-natura-2000-guisseny-finistere\/#primaryimage\",\"url\":\"https:\/\/www.campingduvougot.com\/wp-content\/uploads\/2023\/02\/visiter-zone-curnic.jpg\",\"contentUrl\":\"https:\/\/www.campingduvougot.com\/wp-content\/uploads\/2023\/02\/visiter-zone-curnic.jpg\",\"width\":1903,\"height\":627,\"caption\":\"visit zone curnic\"},{\"@type\":\"BreadcrumbList\",\"@id\":\"https:\/\/www.campingduvougot.com\/en\/tourism-natura-2000-guisseny-finistere\/#breadcrumb\",\"itemListElement\":[{\"@type\":\"ListItem\",\"position\":1,\"name\":\"Camping Plouguerneau\",\"item\":\"https:\/\/www.campingduvougot.com\/en\/\"},{\"@type\":\"ListItem\",\"position\":2,\"name\":\"Visit Natura 200 site\"}]},{\"@type\":\"WebSite\",\"@id\":\"https:\/\/www.campingduvougot.com\/fr\/#website\",\"url\":\"https:\/\/www.campingduvougot.com\/fr\/\",\"name\":\"Camping du Vougot\",\"description\":\"\",\"publisher\":{\"@id\":\"https:\/\/www.campingduvougot.com\/fr\/#organization\"},\"potentialAction\":[{\"@type\":\"SearchAction\",\"target\":{\"@type\":\"EntryPoint\",\"urlTemplate\":\"https:\/\/www.campingduvougot.com\/fr\/?s={search_term_string}\"},\"query-input\":{\"@type\":\"PropertyValueSpecification\",\"valueRequired\":true,\"valueName\":\"search_term_string\"}}],\"inLanguage\":\"en-US\"},{\"@type\":\"Organization\",\"@id\":\"https:\/\/www.campingduvougot.com\/fr\/#organization\",\"name\":\"Camping du Vougot\",\"url\":\"https:\/\/www.campingduvougot.com\/fr\/\",\"logo\":{\"@type\":\"ImageObject\",\"inLanguage\":\"en-US\",\"@id\":\"https:\/\/www.campingduvougot.com\/fr\/#\/schema\/logo\/image\/\",\"url\":\"https:\/\/www.campingduvougot.com\/wp-content\/uploads\/2023\/02\/camping-du-vougot-logo-blanc-scaled.webp\",\"contentUrl\":\"https:\/\/www.campingduvougot.com\/wp-content\/uploads\/2023\/02\/camping-du-vougot-logo-blanc-scaled.webp\",\"width\":2560,\"height\":1565,\"caption\":\"Camping du Vougot\"},\"image\":{\"@id\":\"https:\/\/www.campingduvougot.com\/fr\/#\/schema\/logo\/image\/\"}}]}<\/script>\n<!-- \/ Yoast SEO plugin. -->","yoast_head_json":{"title":"Discover Guiss\u00e9ny marsh | Visit Natura 2000 site Guiss\u00e9ny","description":"Discover the Natura 2000 area at the Marais du Curnic in Guiss\u00e9ny - Plouguerneau in Finist\u00e8re, a few steps from the magnificent Vougo beach","robots":{"index":"index","follow":"follow","max-snippet":"max-snippet:-1","max-image-preview":"max-image-preview:large","max-video-preview":"max-video-preview:-1"},"canonical":"https:\/\/www.campingduvougot.com\/en\/tourism-natura-2000-guisseny-finistere\/","og_locale":"en_US","og_type":"article","og_title":"Discover Guiss\u00e9ny marsh | Visit Natura 2000 site Guiss\u00e9ny","og_description":"Discover the Natura 2000 area at the Marais du Curnic in Guiss\u00e9ny - Plouguerneau in Finist\u00e8re, a few steps from the magnificent Vougo beach","og_url":"https:\/\/www.campingduvougot.com\/en\/tourism-natura-2000-guisseny-finistere\/","og_site_name":"Camping du Vougot","og_image":[{"width":1903,"height":627,"url":"https:\/\/www.campingduvougot.com\/wp-content\/uploads\/2023\/02\/visiter-zone-curnic.jpg","type":"image\/jpeg"}],"twitter_card":"summary_large_image","twitter_misc":{"Est. reading time":"2 minutes"},"schema":{"@context":"https:\/\/schema.org","@graph":[{"@type":"WebPage","@id":"https:\/\/www.campingduvougot.com\/en\/tourism-natura-2000-guisseny-finistere\/","url":"https:\/\/www.campingduvougot.com\/en\/tourism-natura-2000-guisseny-finistere\/","name":"Discover Guiss\u00e9ny marsh | Visit Natura 2000 site Guiss\u00e9ny","isPartOf":{"@id":"https:\/\/www.campingduvougot.com\/fr\/#website"},"primaryImageOfPage":{"@id":"https:\/\/www.campingduvougot.com\/en\/tourism-natura-2000-guisseny-finistere\/#primaryimage"},"image":{"@id":"https:\/\/www.campingduvougot.com\/en\/tourism-natura-2000-guisseny-finistere\/#primaryimage"},"thumbnailUrl":"https:\/\/www.campingduvougot.com\/wp-content\/uploads\/2023\/02\/visiter-zone-curnic.jpg","datePublished":"2023-03-28T10:21:05+00:00","dateModified":"2023-03-28T10:21:05+00:00","description":"Discover the Natura 2000 area at the Marais du Curnic in Guiss\u00e9ny - Plouguerneau in Finist\u00e8re, a few steps from the magnificent Vougo beach","breadcrumb":{"@id":"https:\/\/www.campingduvougot.com\/en\/tourism-natura-2000-guisseny-finistere\/#breadcrumb"},"inLanguage":"en-US","potentialAction":[{"@type":"ReadAction","target":["https:\/\/www.campingduvougot.com\/en\/tourism-natura-2000-guisseny-finistere\/"]}]},{"@type":"ImageObject","inLanguage":"en-US","@id":"https:\/\/www.campingduvougot.com\/en\/tourism-natura-2000-guisseny-finistere\/#primaryimage","url":"https:\/\/www.campingduvougot.com\/wp-content\/uploads\/2023\/02\/visiter-zone-curnic.jpg","contentUrl":"https:\/\/www.campingduvougot.com\/wp-content\/uploads\/2023\/02\/visiter-zone-curnic.jpg","width":1903,"height":627,"caption":"visit zone curnic"},{"@type":"BreadcrumbList","@id":"https:\/\/www.campingduvougot.com\/en\/tourism-natura-2000-guisseny-finistere\/#breadcrumb","itemListElement":[{"@type":"ListItem","position":1,"name":"Camping Plouguerneau","item":"https:\/\/www.campingduvougot.com\/en\/"},{"@type":"ListItem","position":2,"name":"Visit Natura 200 site"}]},{"@type":"WebSite","@id":"https:\/\/www.campingduvougot.com\/fr\/#website","url":"https:\/\/www.campingduvougot.com\/fr\/","name":"Camping du Vougot","description":"","publisher":{"@id":"https:\/\/www.campingduvougot.com\/fr\/#organization"},"potentialAction":[{"@type":"SearchAction","target":{"@type":"EntryPoint","urlTemplate":"https:\/\/www.campingduvougot.com\/fr\/?s={search_term_string}"},"query-input":{"@type":"PropertyValueSpecification","valueRequired":true,"valueName":"search_term_string"}}],"inLanguage":"en-US"},{"@type":"Organization","@id":"https:\/\/www.campingduvougot.com\/fr\/#organization","name":"Camping du Vougot","url":"https:\/\/www.campingduvougot.com\/fr\/","logo":{"@type":"ImageObject","inLanguage":"en-US","@id":"https:\/\/www.campingduvougot.com\/fr\/#\/schema\/logo\/image\/","url":"https:\/\/www.campingduvougot.com\/wp-content\/uploads\/2023\/02\/camping-du-vougot-logo-blanc-scaled.webp","contentUrl":"https:\/\/www.campingduvougot.com\/wp-content\/uploads\/2023\/02\/camping-du-vougot-logo-blanc-scaled.webp","width":2560,"height":1565,"caption":"Camping du Vougot"},"image":{"@id":"https:\/\/www.campingduvougot.com\/fr\/#\/schema\/logo\/image\/"}}]}},"_links":{"self":[{"href":"https:\/\/www.campingduvougot.com\/en\/wp-json\/wp\/v2\/pages\/2042","targetHints":{"allow":["GET"]}}],"collection":[{"href":"https:\/\/www.campingduvougot.com\/en\/wp-json\/wp\/v2\/pages"}],"about":[{"href":"https:\/\/www.campingduvougot.com\/en\/wp-json\/wp\/v2\/types\/page"}],"author":[{"embeddable":true,"href":"https:\/\/www.campingduvougot.com\/en\/wp-json\/wp\/v2\/users\/1"}],"replies":[{"embeddable":true,"href":"https:\/\/www.campingduvougot.com\/en\/wp-json\/wp\/v2\/comments?post=2042"}],"version-history":[{"count":1,"href":"https:\/\/www.campingduvougot.com\/en\/wp-json\/wp\/v2\/pages\/2042\/revisions"}],"predecessor-version":[{"id":2043,"href":"https:\/\/www.campingduvougot.com\/en\/wp-json\/wp\/v2\/pages\/2042\/revisions\/2043"}],"wp:featuredmedia":[{"embeddable":true,"href":"https:\/\/www.campingduvougot.com\/en\/wp-json\/wp\/v2\/media\/679"}],"wp:attachment":[{"href":"https:\/\/www.campingduvougot.com\/en\/wp-json\/wp\/v2\/media?parent=2042"}],"wp:term":[{"taxonomy":"sujet","embeddable":true,"href":"https:\/\/www.campingduvougot.com\/en\/wp-json\/wp\/v2\/sujet?post=2042"}],"curies":[{"name":"wp","href":"https:\/\/api.w.org\/{rel}","templated":true}]}}