{"id":2044,"date":"2023-03-28T12:25:12","date_gmt":"2023-03-28T10:25:12","guid":{"rendered":"https:\/\/www.campingduvougot.com\/tourismus-natura-2000-guisseny-finistere\/"},"modified":"2023-03-28T12:25:13","modified_gmt":"2023-03-28T10:25:13","slug":"tourismus-natura-2000-guisseny-finistere","status":"publish","type":"page","link":"https:\/\/www.campingduvougot.com\/de\/tourismus-natura-2000-guisseny-finistere\/","title":{"rendered":"Natura 2000-Gebiet Curnic"},"content":{"rendered":"<section id=\"ls-section-block_b556b4bb6c99985cbafb0170e4ea2cc8\" class=\"ls-section  page-chapeau has-p-b p-b-0\" >\r\n        <div class=\"container \">\r\n        \n\n<h1 class=\"ls__heading has-text-align-center vague wp-block-heading\">Besuchen Sie die Natura 2000-Website<\/h1>\n\n\r\n    <\/div>\r\n<\/section><section id=\"ls-section-block_bde097be4782f9f130f555a40a545180\" class=\"ls-section  page-one has-p-b p-b-14\" >\r\n        <div class=\"container container--wide\">\r\n        \n\n<div class=\"wp-block-columns is-layout-flex wp-container-core-columns-is-layout-9d6595d7 wp-block-columns-is-layout-flex\">\n<div class=\"wp-block-column is-vertically-aligned-center left is-layout-flow wp-block-column-is-layout-flow\" style=\"flex-basis:66.66%\">\n<figure class=\"wp-block-embed is-type-video is-provider-youtube wp-block-embed-youtube wp-embed-aspect-16-9 wp-has-aspect-ratio\"><div class=\"wp-block-embed__wrapper\">\n<iframe title=\"Guiss\u00e9ny, \u00e9tang du Curnic. Promenade nature\" width=\"500\" height=\"281\" src=\"https:\/\/www.youtube.com\/embed\/s6LRF38BeFM?feature=oembed\" frameborder=\"0\" allow=\"accelerometer; autoplay; clipboard-write; encrypted-media; gyroscope; picture-in-picture; web-share\" referrerpolicy=\"strict-origin-when-cross-origin\" allowfullscreen><\/iframe>\n<\/div><\/figure>\n<\/div>\n\n\n\n<div class=\"wp-block-column right is-layout-flow wp-block-column-is-layout-flow\" style=\"flex-basis:33.33%\">\n<h2 class=\"ls__heading deco wp-block-heading\">Entdecken Sie das Curnic-Sumpfgebiet, ein engagierter Ort in der Bretagne<\/h2>\n\n\n\n<p class=\"ls-paragraph\">Der <a href=\"https:\/\/www.campingduvougot.com\/de\/\">Campingplatz Le Vougot<\/a> liegt zwar in der Gemeinde Plouguerneau, befindet sich aber im Herzen des <a href=\"https:\/\/guisseny.n2000.fr\/\" target=\"_blank\" rel=\"noreferrer noopener nofollow\">Natura-2000-Gebiets Guiss\u00e9ny.<\/a> Dieser au\u00dfergew\u00f6hnliche, 12 Hektar gro\u00dfe Ort bietet Naturliebhabern einen Spielplatz, auf dem sie ihrer Leidenschaft nachgehen k\u00f6nnen: Wandern, Reiten, Fotografieren von Fauna und Flora, aber auch Baden und Angeln. Tats\u00e4chlich umfasst dieses gro\u00dfe Gebiet den Polder, den Teich und einen Meeresstreifen vom Strand von Vougot bis zum Anse de Tresseny.<\/p>\n\n\n\n<p class=\"ls-paragraph\">Dieser bemerkenswerte Ort ist seit 2022 Gegenstand eines <strong>Projekts zur Einstufung als regionales Naturreservat<\/strong>, ein Beweis f\u00fcr den au\u00dfergew\u00f6hnlichen Charakter der Umgebung, in der sich der Campingplatz von Vougot befindet.<\/p>\n<\/div>\n<\/div>\n\n\r\n    <\/div>\r\n<\/section><section id=\"ls-section-block_40c815c91d157a3535292ecc7e669c9d\" class=\"ls-section  page-three has-background has-color-1-background-color has-p-t p-t-14 has-p-b p-b-14\" >\r\n        <div class=\"container container--wide\">\r\n        \n\n<div class=\"wp-block-columns first is-layout-flex wp-container-core-columns-is-layout-9d6595d7 wp-block-columns-is-layout-flex\">\n<div class=\"wp-block-column is-vertically-aligned-center left is-layout-flow wp-block-column-is-layout-flow\">\n<h2 class=\"ls__heading deco wp-block-heading\">Gesch\u00fctzte Arten<\/h2>\n\n\n\n<p class=\"ls-paragraph\">Im Natura-2000-Gebiet von Guiss\u00e9ny <strong>gibt es zahlreiche Tier- und Pflanzenarten.<\/strong> Je nach Jahreszeit k\u00f6nnen Sie bewundern : <\/p>\n\n\n\n<ul class=\"ls-list wp-block-list\">\n<li>11 Orchideenarten, darunter 2 \u00e4u\u00dferst seltene: das Orchis und die Loesel&#8217;sche Liparis<\/li>\n\n\n\n<li>die Drosera, eine insektenfressende Pflanze<\/li>\n\n\n\n<li>17 Libellenarten, darunter die Merkur-Azurjungfer<\/li>\n\n\n\n<li>ein Schmetterling, der Sukkuss-Damier<\/li>\n\n\n\n<li>150 Vogelarten<\/li>\n<\/ul>\n<\/div>\n\n\n\n<div class=\"wp-block-column right is-layout-flow wp-block-column-is-layout-flow\">\n<figure class=\"wp-block-image size-full animated fadeInRight delay-100ms slow\"><a href=\"https:\/\/www.campingduvougot.com\/wp-content\/uploads\/2023\/03\/decouvrir-la-faune-du-marais-natura-2000.jpg\"><img decoding=\"async\" width=\"866\" height=\"578\" src=\"https:\/\/www.campingduvougot.com\/wp-content\/uploads\/2023\/03\/decouvrir-la-faune-du-marais-natura-2000.jpg\" alt=\"die fauna des natura 2000-sumpfes entdecken\" class=\"wp-image-1153\" srcset=\"https:\/\/www.campingduvougot.com\/wp-content\/uploads\/2023\/03\/decouvrir-la-faune-du-marais-natura-2000.jpg 866w, https:\/\/www.campingduvougot.com\/wp-content\/uploads\/2023\/03\/decouvrir-la-faune-du-marais-natura-2000-300x200.jpg 300w, https:\/\/www.campingduvougot.com\/wp-content\/uploads\/2023\/03\/decouvrir-la-faune-du-marais-natura-2000-768x513.jpg 768w\" sizes=\"(max-width: 866px) 100vw, 866px\" \/><\/a><\/figure>\n<\/div>\n<\/div>\n\n\n\n<div class=\"wp-block-columns second is-layout-flex wp-container-core-columns-is-layout-9d6595d7 wp-block-columns-is-layout-flex\">\n<div class=\"wp-block-column left is-layout-flow wp-block-column-is-layout-flow\">\n<figure class=\"wp-block-image size-full animated fadeInLeft delay-200ms slow\"><a href=\"https:\/\/www.campingduvougot.com\/wp-content\/uploads\/2023\/03\/reserve-natuelle-natura-2000-finistere.webp\"><img decoding=\"async\" width=\"866\" height=\"578\" src=\"https:\/\/www.campingduvougot.com\/wp-content\/uploads\/2023\/03\/reserve-natuelle-natura-2000-finistere.webp\" alt=\"natura 2000 naturreservat finistere\" class=\"wp-image-1377\" srcset=\"https:\/\/www.campingduvougot.com\/wp-content\/uploads\/2023\/03\/reserve-natuelle-natura-2000-finistere.webp 866w, https:\/\/www.campingduvougot.com\/wp-content\/uploads\/2023\/03\/reserve-natuelle-natura-2000-finistere-300x200.webp 300w, https:\/\/www.campingduvougot.com\/wp-content\/uploads\/2023\/03\/reserve-natuelle-natura-2000-finistere-768x513.webp 768w\" sizes=\"(max-width: 866px) 100vw, 866px\" \/><\/a><\/figure>\n<\/div>\n\n\n\n<div class=\"wp-block-column is-vertically-aligned-center right is-layout-flow wp-block-column-is-layout-flow\">\n<h2 class=\"ls__heading deco wp-block-heading\">Ein einzigartiger Spaziergang \u00fcber den Sumpf<\/h2>\n\n\n\n<p class=\"ls-paragraph\">Dieses Gebiet entstand erst vor relativ kurzer Zeit durch den Bau eines Deiches im 19. Jahrhundert, was zur Folge hatte, dass sich ein Polder, ein <strong>Sumpf und ein Teich bildeten.<\/strong><\/p>\n\n\n\n<p class=\"ls-paragraph\">Vom Campingplatz Le Vougot aus k\u00f6nnen Sie das Marais du Curnic auf den an der Rezeption verf\u00fcgbaren Wander-, Trail- oder Fahrradwegen erkunden. Wir schlagen auch eine Schleife vor, die es Ihnen erm\u00f6glicht, durch das Sumpfgebiet und \u00fcber den K\u00fcstenpfad bis zur Stadt Guiss\u00e9ny zu gehen, um die Bucht von Tresseny zu entdecken, bis zu der sich das gesch\u00fctzte Gebiet erstreckt.<\/p>\n\n\n\n<p class=\"ls-paragraph\">Nehmen Sie auch an den von den lokalen Akteuren organisierten Veranstaltungen teil, um dieses Gebiet und seine Entstehung besser zu verstehen und die Tier- und Pflanzenwelt zu beobachten.<\/p>\n\n\n\n<p class=\"ls-paragraph addReadMore showlesscontent\">F\u00fcr Fotobegeisterte: <strong>Genie\u00dfen Sie die Aussicht von der Deichkrone<\/strong> oder entscheiden Sie sich f\u00fcr den Schutz, den der Schilfg\u00fcrtel bietet, um unauff\u00e4llig die V\u00f6gel auf dem Teich zu beobachten und herrliche Aufnahmen zu machen.<\/p>\n<\/div>\n<\/div>\n\n\r\n    <\/div>\r\n<\/section><section id=\"ls-section-block_061f2e8c8352d4585473ab648296f43f\" class=\"ls-section  page-maillage has-p-b p-b-14\" >\r\n        <div class=\"container container--wide\">\r\n        \n\n<div id=\"ls-heading ls-titre-div-block_a03dc2a1bfccbf8162948cb150abc9b2\" class=\"ls-titre-div deco aligncenter h2-like\" >\n    Entdecken Sie die Umgebung!<\/div>\n\n\n<div id=\"ls-maillage-block_b7c566052850c9cda627ad3572039eda\" class=\"ls-maillage cta-style-normal\" data-rows=\"3\">\n    <div class=\"wp-block-columns\"><div class=\"wp-block-column\">\n\n<a href=\"https:\/\/www.campingduvougot.com\/de\/tourismus-finistere\/\" target=\"\" rel=\"noopener\" class=\"ls-cta__link\">\n\n\t<div class=\"ls-cta__image\"><img decoding=\"async\" src=\"https:\/\/www.campingduvougot.com\/wp-content\/uploads\/2023\/02\/plage-finistere.jpg\" alt=\"strand finistere\"><\/div>\n\t<div class=\"ls-cta__title\">\n\t\tSehenswertes in Finist\u00e8re\t<\/div>\n\n\t\t\n<\/a><\/div><div class=\"wp-block-column\">\n\n<a href=\"https:\/\/www.campingduvougot.com\/de\/campingplatz-strand-plouguerneau\/\" target=\"\" rel=\"noopener\" class=\"ls-cta__link\">\n\n\t<div class=\"ls-cta__image\"><img decoding=\"async\" src=\"https:\/\/www.campingduvougot.com\/wp-content\/uploads\/2023\/02\/camping-bord-plage-finistere-768x264.jpg\" alt=\"campinplatz am strand finistere\"><\/div>\n\t<div class=\"ls-cta__title\">\n\t\tStrandrand\t<\/div>\n\n\t\t\n<\/a><\/div><div class=\"wp-block-column\">\n\n<a href=\"https:\/\/www.campingduvougot.com\/de\/sportliche-aktivitaten-finistere\/\" target=\"\" rel=\"noopener\" class=\"ls-cta__link\">\n\n\t<div class=\"ls-cta__image\"><img decoding=\"async\" src=\"https:\/\/www.campingduvougot.com\/wp-content\/uploads\/2023\/03\/plongee-finistere-768x253.webp\" alt=\"tauchen finistere\"><\/div>\n\t<div class=\"ls-cta__title\">\n\t\tAktivit\u00e4ten in Finist\u00e8re\t<\/div>\n\n\t\t\n<\/a><\/div><\/div><\/div>\n\r\n    <\/div>\r\n<\/section>","protected":false},"excerpt":{"rendered":"","protected":false},"author":1,"featured_media":1551,"parent":0,"menu_order":0,"comment_status":"closed","ping_status":"closed","template":"","meta":{"_acf_changed":false,"footnotes":""},"sujet":[],"class_list":["post-2044","page","type-page","status-publish","has-post-thumbnail","hentry"],"acf":[],"yoast_head":"<!-- This site is optimized with the Yoast SEO plugin v23.4 - https:\/\/yoast.com\/wordpress\/plugins\/seo\/ -->\n<title>Entdecken Sie die S\u00fcmpfe von Guiss\u00e9ny | Besuchen Sie die Natura 2000 Website Guiss\u00e9ny<\/title>\n<meta name=\"description\" content=\"Entdecken Sie das Natura 2000-Gebiet im Marais du Curnic in Guiss\u00e9ny - Plouguerneau im Finist\u00e8re, nur wenige Schritte vom wundersch\u00f6nen Strand von Vougo entfernt.\" \/>\n<meta name=\"robots\" content=\"index, follow, max-snippet:-1, max-image-preview:large, max-video-preview:-1\" \/>\n<link rel=\"canonical\" href=\"https:\/\/www.campingduvougot.com\/de\/tourismus-natura-2000-guisseny-finistere\/\" \/>\n<meta property=\"og:locale\" content=\"de_DE\" \/>\n<meta property=\"og:type\" content=\"article\" \/>\n<meta property=\"og:title\" content=\"Entdecken Sie die S\u00fcmpfe von Guiss\u00e9ny | Besuchen Sie die Natura 2000 Website Guiss\u00e9ny\" \/>\n<meta property=\"og:description\" content=\"Entdecken Sie das Natura 2000-Gebiet im Marais du Curnic in Guiss\u00e9ny - Plouguerneau im Finist\u00e8re, nur wenige Schritte vom wundersch\u00f6nen Strand von Vougo entfernt.\" \/>\n<meta property=\"og:url\" content=\"https:\/\/www.campingduvougot.com\/de\/tourismus-natura-2000-guisseny-finistere\/\" \/>\n<meta property=\"og:site_name\" content=\"Camping du Vougot\" \/>\n<meta property=\"article:modified_time\" content=\"2023-03-28T10:25:13+00:00\" \/>\n<meta property=\"og:image\" content=\"https:\/\/www.campingduvougot.com\/wp-content\/uploads\/2023\/02\/visiter-zone-curnic.jpg\" \/>\n\t<meta property=\"og:image:width\" content=\"1903\" \/>\n\t<meta property=\"og:image:height\" content=\"627\" \/>\n\t<meta property=\"og:image:type\" content=\"image\/jpeg\" \/>\n<meta name=\"twitter:card\" content=\"summary_large_image\" \/>\n<meta name=\"twitter:label1\" content=\"Gesch\u00e4tzte Lesezeit\" \/>\n\t<meta name=\"twitter:data1\" content=\"2\u00a0Minuten\" \/>\n<script type=\"application\/ld+json\" class=\"yoast-schema-graph\">{\"@context\":\"https:\/\/schema.org\",\"@graph\":[{\"@type\":\"WebPage\",\"@id\":\"https:\/\/www.campingduvougot.com\/de\/tourismus-natura-2000-guisseny-finistere\/\",\"url\":\"https:\/\/www.campingduvougot.com\/de\/tourismus-natura-2000-guisseny-finistere\/\",\"name\":\"Entdecken Sie die S\u00fcmpfe von Guiss\u00e9ny | Besuchen Sie die Natura 2000 Website Guiss\u00e9ny\",\"isPartOf\":{\"@id\":\"https:\/\/www.campingduvougot.com\/fr\/#website\"},\"primaryImageOfPage\":{\"@id\":\"https:\/\/www.campingduvougot.com\/de\/tourismus-natura-2000-guisseny-finistere\/#primaryimage\"},\"image\":{\"@id\":\"https:\/\/www.campingduvougot.com\/de\/tourismus-natura-2000-guisseny-finistere\/#primaryimage\"},\"thumbnailUrl\":\"https:\/\/www.campingduvougot.com\/wp-content\/uploads\/2023\/02\/visiter-zone-curnic.jpg\",\"datePublished\":\"2023-03-28T10:25:12+00:00\",\"dateModified\":\"2023-03-28T10:25:13+00:00\",\"description\":\"Entdecken Sie das Natura 2000-Gebiet im Marais du Curnic in Guiss\u00e9ny - Plouguerneau im Finist\u00e8re, nur wenige Schritte vom wundersch\u00f6nen Strand von Vougo entfernt.\",\"breadcrumb\":{\"@id\":\"https:\/\/www.campingduvougot.com\/de\/tourismus-natura-2000-guisseny-finistere\/#breadcrumb\"},\"inLanguage\":\"de\",\"potentialAction\":[{\"@type\":\"ReadAction\",\"target\":[\"https:\/\/www.campingduvougot.com\/de\/tourismus-natura-2000-guisseny-finistere\/\"]}]},{\"@type\":\"ImageObject\",\"inLanguage\":\"de\",\"@id\":\"https:\/\/www.campingduvougot.com\/de\/tourismus-natura-2000-guisseny-finistere\/#primaryimage\",\"url\":\"https:\/\/www.campingduvougot.com\/wp-content\/uploads\/2023\/02\/visiter-zone-curnic.jpg\",\"contentUrl\":\"https:\/\/www.campingduvougot.com\/wp-content\/uploads\/2023\/02\/visiter-zone-curnic.jpg\",\"width\":1903,\"height\":627,\"caption\":\"besuchen zone curnic\"},{\"@type\":\"BreadcrumbList\",\"@id\":\"https:\/\/www.campingduvougot.com\/de\/tourismus-natura-2000-guisseny-finistere\/#breadcrumb\",\"itemListElement\":[{\"@type\":\"ListItem\",\"position\":1,\"name\":\"Camping Plouguerneau\",\"item\":\"https:\/\/www.campingduvougot.com\/de\/\"},{\"@type\":\"ListItem\",\"position\":2,\"name\":\"Besuch von Natura 200\"}]},{\"@type\":\"WebSite\",\"@id\":\"https:\/\/www.campingduvougot.com\/fr\/#website\",\"url\":\"https:\/\/www.campingduvougot.com\/fr\/\",\"name\":\"Camping du Vougot\",\"description\":\"\",\"publisher\":{\"@id\":\"https:\/\/www.campingduvougot.com\/fr\/#organization\"},\"potentialAction\":[{\"@type\":\"SearchAction\",\"target\":{\"@type\":\"EntryPoint\",\"urlTemplate\":\"https:\/\/www.campingduvougot.com\/fr\/?s={search_term_string}\"},\"query-input\":{\"@type\":\"PropertyValueSpecification\",\"valueRequired\":true,\"valueName\":\"search_term_string\"}}],\"inLanguage\":\"de\"},{\"@type\":\"Organization\",\"@id\":\"https:\/\/www.campingduvougot.com\/fr\/#organization\",\"name\":\"Camping du Vougot\",\"url\":\"https:\/\/www.campingduvougot.com\/fr\/\",\"logo\":{\"@type\":\"ImageObject\",\"inLanguage\":\"de\",\"@id\":\"https:\/\/www.campingduvougot.com\/fr\/#\/schema\/logo\/image\/\",\"url\":\"https:\/\/www.campingduvougot.com\/wp-content\/uploads\/2023\/02\/camping-du-vougot-logo-blanc-scaled.webp\",\"contentUrl\":\"https:\/\/www.campingduvougot.com\/wp-content\/uploads\/2023\/02\/camping-du-vougot-logo-blanc-scaled.webp\",\"width\":2560,\"height\":1565,\"caption\":\"Camping du Vougot\"},\"image\":{\"@id\":\"https:\/\/www.campingduvougot.com\/fr\/#\/schema\/logo\/image\/\"}}]}<\/script>\n<!-- \/ Yoast SEO plugin. -->","yoast_head_json":{"title":"Entdecken Sie die S\u00fcmpfe von Guiss\u00e9ny | Besuchen Sie die Natura 2000 Website Guiss\u00e9ny","description":"Entdecken Sie das Natura 2000-Gebiet im Marais du Curnic in Guiss\u00e9ny - Plouguerneau im Finist\u00e8re, nur wenige Schritte vom wundersch\u00f6nen Strand von Vougo entfernt.","robots":{"index":"index","follow":"follow","max-snippet":"max-snippet:-1","max-image-preview":"max-image-preview:large","max-video-preview":"max-video-preview:-1"},"canonical":"https:\/\/www.campingduvougot.com\/de\/tourismus-natura-2000-guisseny-finistere\/","og_locale":"de_DE","og_type":"article","og_title":"Entdecken Sie die S\u00fcmpfe von Guiss\u00e9ny | Besuchen Sie die Natura 2000 Website Guiss\u00e9ny","og_description":"Entdecken Sie das Natura 2000-Gebiet im Marais du Curnic in Guiss\u00e9ny - Plouguerneau im Finist\u00e8re, nur wenige Schritte vom wundersch\u00f6nen Strand von Vougo entfernt.","og_url":"https:\/\/www.campingduvougot.com\/de\/tourismus-natura-2000-guisseny-finistere\/","og_site_name":"Camping du Vougot","article_modified_time":"2023-03-28T10:25:13+00:00","og_image":[{"width":1903,"height":627,"url":"https:\/\/www.campingduvougot.com\/wp-content\/uploads\/2023\/02\/visiter-zone-curnic.jpg","type":"image\/jpeg"}],"twitter_card":"summary_large_image","twitter_misc":{"Gesch\u00e4tzte Lesezeit":"2\u00a0Minuten"},"schema":{"@context":"https:\/\/schema.org","@graph":[{"@type":"WebPage","@id":"https:\/\/www.campingduvougot.com\/de\/tourismus-natura-2000-guisseny-finistere\/","url":"https:\/\/www.campingduvougot.com\/de\/tourismus-natura-2000-guisseny-finistere\/","name":"Entdecken Sie die S\u00fcmpfe von Guiss\u00e9ny | Besuchen Sie die Natura 2000 Website Guiss\u00e9ny","isPartOf":{"@id":"https:\/\/www.campingduvougot.com\/fr\/#website"},"primaryImageOfPage":{"@id":"https:\/\/www.campingduvougot.com\/de\/tourismus-natura-2000-guisseny-finistere\/#primaryimage"},"image":{"@id":"https:\/\/www.campingduvougot.com\/de\/tourismus-natura-2000-guisseny-finistere\/#primaryimage"},"thumbnailUrl":"https:\/\/www.campingduvougot.com\/wp-content\/uploads\/2023\/02\/visiter-zone-curnic.jpg","datePublished":"2023-03-28T10:25:12+00:00","dateModified":"2023-03-28T10:25:13+00:00","description":"Entdecken Sie das Natura 2000-Gebiet im Marais du Curnic in Guiss\u00e9ny - Plouguerneau im Finist\u00e8re, nur wenige Schritte vom wundersch\u00f6nen Strand von Vougo entfernt.","breadcrumb":{"@id":"https:\/\/www.campingduvougot.com\/de\/tourismus-natura-2000-guisseny-finistere\/#breadcrumb"},"inLanguage":"de","potentialAction":[{"@type":"ReadAction","target":["https:\/\/www.campingduvougot.com\/de\/tourismus-natura-2000-guisseny-finistere\/"]}]},{"@type":"ImageObject","inLanguage":"de","@id":"https:\/\/www.campingduvougot.com\/de\/tourismus-natura-2000-guisseny-finistere\/#primaryimage","url":"https:\/\/www.campingduvougot.com\/wp-content\/uploads\/2023\/02\/visiter-zone-curnic.jpg","contentUrl":"https:\/\/www.campingduvougot.com\/wp-content\/uploads\/2023\/02\/visiter-zone-curnic.jpg","width":1903,"height":627,"caption":"besuchen zone curnic"},{"@type":"BreadcrumbList","@id":"https:\/\/www.campingduvougot.com\/de\/tourismus-natura-2000-guisseny-finistere\/#breadcrumb","itemListElement":[{"@type":"ListItem","position":1,"name":"Camping Plouguerneau","item":"https:\/\/www.campingduvougot.com\/de\/"},{"@type":"ListItem","position":2,"name":"Besuch von Natura 200"}]},{"@type":"WebSite","@id":"https:\/\/www.campingduvougot.com\/fr\/#website","url":"https:\/\/www.campingduvougot.com\/fr\/","name":"Camping du Vougot","description":"","publisher":{"@id":"https:\/\/www.campingduvougot.com\/fr\/#organization"},"potentialAction":[{"@type":"SearchAction","target":{"@type":"EntryPoint","urlTemplate":"https:\/\/www.campingduvougot.com\/fr\/?s={search_term_string}"},"query-input":{"@type":"PropertyValueSpecification","valueRequired":true,"valueName":"search_term_string"}}],"inLanguage":"de"},{"@type":"Organization","@id":"https:\/\/www.campingduvougot.com\/fr\/#organization","name":"Camping du Vougot","url":"https:\/\/www.campingduvougot.com\/fr\/","logo":{"@type":"ImageObject","inLanguage":"de","@id":"https:\/\/www.campingduvougot.com\/fr\/#\/schema\/logo\/image\/","url":"https:\/\/www.campingduvougot.com\/wp-content\/uploads\/2023\/02\/camping-du-vougot-logo-blanc-scaled.webp","contentUrl":"https:\/\/www.campingduvougot.com\/wp-content\/uploads\/2023\/02\/camping-du-vougot-logo-blanc-scaled.webp","width":2560,"height":1565,"caption":"Camping du Vougot"},"image":{"@id":"https:\/\/www.campingduvougot.com\/fr\/#\/schema\/logo\/image\/"}}]}},"_links":{"self":[{"href":"https:\/\/www.campingduvougot.com\/de\/wp-json\/wp\/v2\/pages\/2044","targetHints":{"allow":["GET"]}}],"collection":[{"href":"https:\/\/www.campingduvougot.com\/de\/wp-json\/wp\/v2\/pages"}],"about":[{"href":"https:\/\/www.campingduvougot.com\/de\/wp-json\/wp\/v2\/types\/page"}],"author":[{"embeddable":true,"href":"https:\/\/www.campingduvougot.com\/de\/wp-json\/wp\/v2\/users\/1"}],"replies":[{"embeddable":true,"href":"https:\/\/www.campingduvougot.com\/de\/wp-json\/wp\/v2\/comments?post=2044"}],"version-history":[{"count":1,"href":"https:\/\/www.campingduvougot.com\/de\/wp-json\/wp\/v2\/pages\/2044\/revisions"}],"predecessor-version":[{"id":2045,"href":"https:\/\/www.campingduvougot.com\/de\/wp-json\/wp\/v2\/pages\/2044\/revisions\/2045"}],"wp:featuredmedia":[{"embeddable":true,"href":"https:\/\/www.campingduvougot.com\/de\/wp-json\/wp\/v2\/media\/1551"}],"wp:attachment":[{"href":"https:\/\/www.campingduvougot.com\/de\/wp-json\/wp\/v2\/media?parent=2044"}],"wp:term":[{"taxonomy":"sujet","embeddable":true,"href":"https:\/\/www.campingduvougot.com\/de\/wp-json\/wp\/v2\/sujet?post=2044"}],"curies":[{"name":"wp","href":"https:\/\/api.w.org\/{rel}","templated":true}]}}