{"id":2021,"date":"2023-03-28T11:57:33","date_gmt":"2023-03-28T09:57:33","guid":{"rendered":"https:\/\/www.campingduvougot.com\/camping-nicht-scheiss-plouguerneau\/"},"modified":"2023-03-28T11:57:33","modified_gmt":"2023-03-28T09:57:33","slug":"camping-nicht-scheiss-plouguerneau","status":"publish","type":"page","link":"https:\/\/www.campingduvougot.com\/de\/camping-nicht-scheiss-plouguerneau\/","title":{"rendered":"Tarife"},"content":{"rendered":"<section id=\"ls-section-block_635fb6ff4e669cdfed3252a76c318b32\" class=\"ls-section  page-chapeau has-p-b p-b-0\" >\r\n        <div class=\"container \">\r\n        \n\n<h1 class=\"ls__heading has-text-align-center vague wp-block-heading\">Billiger Campingplatz <br\/>in Nord-Finist\u00e8re<\/h1>\n\n\r\n    <\/div>\r\n<\/section><section id=\"ls-section-block_b972557387ac051750f541d53e1c7bd6\" class=\"ls-section  page-hebergement\" >\r\n        <div class=\"container \">\r\n        \n\n<script>\n    window.ctoutvert = {\n\t\tid: 5079, \n\t\tlang: 'auto', \n\t\turl: 'https:\/\/bookingpremium.secureholiday.net\/widgets\/'\n    };\n\n    (function (w, d, s, ctv, r, js, fjs) {\n        r=new XMLHttpRequest();r.open('GET',w[ctv].url+'js\/src.json');\n        r.responseType='json';r.json=true;r.send();\n        r.onload=function(){w[ctv].src=r.responseType=='json'?r.response:JSON.parse(r.response);\n        js.src=w[ctv].src[0];fjs.parentNode.insertBefore(js, fjs);}\n        js=d.createElement(s),fjs=d.getElementsByTagName(s)[0];\n        js.id='ctvwidget';js.async=1;\n    }(window, document, 'script', 'ctoutvert'));\n<\/script>\n<ctv-availability data-background-color=\"#FFFFFFFF\"><\/ctv-availability>\n\n\r\n    <\/div>\r\n<\/section><section id=\"ls-section-block_08c6cd410b8904aededa531910ca9f71\" class=\"ls-section \" >\r\n        <div class=\"container container--wide\">\r\n        \n\n<div class=\"wp-block-columns is-layout-flex wp-container-core-columns-is-layout-9d6595d7 wp-block-columns-is-layout-flex\">\n<div class=\"wp-block-column is-vertically-aligned-center is-layout-flow wp-block-column-is-layout-flow\">\n<h2 class=\"ls__heading deco wp-block-heading\">G\u00fcnstige Unterk\u00fcnfte in Plouguerneau<\/h2>\n\n\n\n<p class=\"ls-paragraph\">Haben Sie Lust auf einen Urlaub am Meer im Pays des Abers und an der C\u00f4te des L\u00e9gendes, in der N\u00e4he der unumg\u00e4nglichen Sehensw\u00fcrdigkeiten des Nordfinist\u00e8re? Der Campingplatz Le Vougot bietet Ihnen seine <a href=\"https:\/\/www.campingduvougot.com\/de\/vermietung-mobilheim-plouguerneau\/\">komfortablen<\/a>, gut <a href=\"https:\/\/www.campingduvougot.com\/de\/vermietung-insolite-plouguerneau\/\">ausgestatteten Mobilheime<\/a>, seine originellen Unterk\u00fcnfte und seine <a href=\"https:\/\/www.campingduvougot.com\/de\/vermietung-platz-plouguerneau\/\">ger\u00e4umigen Stellpl\u00e4tze.<\/a> <\/p>\n\n\n\n<p class=\"ls-paragraph\">F\u00fcr ein \u00fcberschaubares Urlaubsbudget sind in unseren <strong>niedrigen Mietpreisen f\u00fcr Unterk\u00fcnfte Wasser und Strom enthalten<\/strong> und in den Preisen f\u00fcr Stellpl\u00e4tze sind Duschen (keine M\u00fcnzen) und die Nutzung des Servicebereichs inbegriffen.<\/p>\n\n\n\n<p class=\"ls-paragraph\">Unsere Niedrigpreise beinhalten nicht : <\/p>\n\n\n\n<ul class=\"ls-list wp-block-list\">\n<li>die Kurtaxe, die 0,50 \u20ac pro Person \u00fcber 18 Jahren und pro Nacht betr\u00e4gt<\/li>\n\n\n\n<li>das Tier, das Sie begleitet<\/li>\n\n\n\n<li>die Reinigung am Ende des Aufenthalts<\/li>\n\n\n\n<li>die Kaution f\u00fcr die Miete der Unterkunft, die Reinigung und die hochfahrbare Schranke<\/li>\n\n\n\n<li>die M\u00fcnzen f\u00fcr die Waschmaschine und den W\u00e4schetrockner<\/li>\n\n\n\n<li>Bettw\u00e4sche- und Handtuchsets (auf Anfrage und je nach Verf\u00fcgbarkeit f\u00fcr Mietunterk\u00fcnfte erh\u00e4ltlich)<\/li>\n\n\n\n<li>das Babybett und den Hochstuhl.<\/li>\n<\/ul>\n<\/div>\n\n\n\n<div class=\"wp-block-column is-vertically-aligned-center is-layout-flow wp-block-column-is-layout-flow\">\n<h2 class=\"ls__heading deco wp-block-heading\">Ihre Mietwohnung zum besten Preis in der Bretagne<\/h2>\n\n\n\n<p class=\"ls-paragraph\">Auf dem Campingplatz Le Vougot profitieren Sie au\u00dferdem von einem <a href=\"https:\/\/www.campingduvougot.com\/de\/campingplatz-schwimmbad-heizung-plouguerneau\/\">beheizten Hallenbad<\/a>, <a href=\"https:\/\/www.campingduvougot.com\/de\/familien-campingplatz-plouguerneau\/\">Serviceleistungen<\/a>, <a href=\"https:\/\/www.campingduvougot.com\/de\/camping-aktivitaeten-plouguerneau\/\">Animationen<\/a> und einer erholsamen Atmosph\u00e4re. All das zu kleinen, Ihrem Budget angepassten Preisen f\u00fcr einen unvergesslichen <strong>Aufenthalt in der Bretagne<\/strong>.<\/p>\n\n\n\n<p class=\"ls-paragraph\">Und nat\u00fcrlich sind das L\u00e4cheln und die gute Laune kostenlos! <\/p>\n\n\n\n<h2 class=\"ls__heading deco wp-block-heading\">Buchen Sie live auf unserer Website<\/h2>\n\n\n\n<p class=\"ls-paragraph\">Auf dem <a href=\"https:\/\/www.campingduvougot.com\/de\/\">Campingplatz Le Vougot in Plouguerneau<\/a> fallen keine Reservierungsgeb\u00fchren an: Buchen Sie also f\u00fcr einen Urlaub zum besten Preis direkt auf unserer Website oder per Telefon. <\/p>\n\n\n\n<p class=\"ls-paragraph\">Wir akzeptieren die folgenden Zahlungsmethoden: <\/p>\n\n\n\n<ul class=\"ls-list wp-block-list\">\n<li>Kreditkarte, online oder vor Ort<\/li>\n\n\n\n<li>Bankscheck<\/li>\n\n\n\n<li>Arten<\/li>\n\n\n\n<li>ANCV- und ANCV connect-Ferienschecks.<\/li>\n<\/ul>\n<\/div>\n<\/div>\n\n\r\n    <\/div>\r\n<\/section><section id=\"ls-section-block_08c6cd410b8904aededa531910ca9f71\" class=\"ls-section \" >\r\n        <div class=\"container container--wide\">\r\n        \n\n<div id=\"ls-heading ls-titre-div-block_97cd2a97ecdd8e8e7b65c3dae35018f2\" class=\"ls-titre-div deco aligncenter h2-like\" >\n    Entdecken Sie unsere Unterk\u00fcnfte!<\/div>\n\n\n<div id=\"ls-maillage-block_34d8b11aa7462bcc00f2007e9596501c\" class=\"ls-maillage cta-style-normal\" data-rows=\"3\">\n    <div class=\"wp-block-columns\"><div class=\"wp-block-column\">\n\n<a href=\"https:\/\/www.campingduvougot.com\/de\/vermietung-platz-plouguerneau\/\" target=\"\" rel=\"noopener\" class=\"ls-cta__link\">\n\n\t<div class=\"ls-cta__image\"><img decoding=\"async\" src=\"https:\/\/www.campingduvougot.com\/wp-content\/uploads\/2023\/02\/emplacement-finistere-e1685460187653.jpg\" alt=\"standort finistere\"><\/div>\n\t<div class=\"ls-cta__title\">\n\t\tStandorte\t<\/div>\n\n\t\t\n<\/a><\/div><div class=\"wp-block-column\">\n\n<a href=\"https:\/\/www.campingduvougot.com\/de\/vermietung-insolite-plouguerneau\/\" target=\"\" rel=\"noopener\" class=\"ls-cta__link\">\n\n\t<div class=\"ls-cta__image\"><img decoding=\"async\" src=\"https:\/\/www.campingduvougot.com\/wp-content\/uploads\/2023\/02\/location-atypique.jpg\" alt=\"atypische Vermietung\"><\/div>\n\t<div class=\"ls-cta__title\">\n\t\tUngew\u00f6hnliches\t<\/div>\n\n\t\t\n<\/a><\/div><div class=\"wp-block-column\">\n\n<a href=\"https:\/\/www.campingduvougot.com\/de\/vermietung-mobilheim-plouguerneau\/\" target=\"\" rel=\"noopener\" class=\"ls-cta__link\">\n\n\t<div class=\"ls-cta__image\"><img decoding=\"async\" src=\"https:\/\/www.campingduvougot.com\/wp-content\/uploads\/2023\/02\/location-mobil-home.jpg\" alt=\"Vermietung von Mobilheimen\"><\/div>\n\t<div class=\"ls-cta__title\">\n\t\tMobilheime\t<\/div>\n\n\t\t\n<\/a><\/div><\/div><\/div>\n\r\n    <\/div>\r\n<\/section>","protected":false},"excerpt":{"rendered":"","protected":false},"author":1,"featured_media":1647,"parent":0,"menu_order":0,"comment_status":"closed","ping_status":"closed","template":"","meta":{"_acf_changed":false,"footnotes":""},"sujet":[],"class_list":["post-2021","page","type-page","status-publish","has-post-thumbnail","hentry"],"acf":[],"yoast_head":"<!-- This site is optimized with the Yoast SEO plugin v23.4 - https:\/\/yoast.com\/wordpress\/plugins\/seo\/ -->\n<title>G\u00fcnstiger Campingplatz im Finist\u00e8re | Billigcamping Plouguerneau<\/title>\n<meta name=\"robots\" content=\"index, follow, max-snippet:-1, max-image-preview:large, max-video-preview:-1\" \/>\n<link rel=\"canonical\" href=\"https:\/\/www.campingduvougot.com\/de\/camping-nicht-scheiss-plouguerneau\/\" \/>\n<meta property=\"og:locale\" content=\"de_DE\" \/>\n<meta property=\"og:type\" content=\"article\" \/>\n<meta property=\"og:title\" content=\"G\u00fcnstiger Campingplatz im Finist\u00e8re | Billigcamping Plouguerneau\" \/>\n<meta property=\"og:url\" content=\"https:\/\/www.campingduvougot.com\/de\/camping-nicht-scheiss-plouguerneau\/\" \/>\n<meta property=\"og:site_name\" content=\"Camping du Vougot\" \/>\n<meta property=\"og:image\" content=\"https:\/\/www.campingduvougot.com\/wp-content\/uploads\/2023\/03\/Sans-titre-11.jpg\" \/>\n\t<meta property=\"og:image:width\" content=\"1920\" \/>\n\t<meta property=\"og:image:height\" content=\"497\" \/>\n\t<meta property=\"og:image:type\" content=\"image\/jpeg\" \/>\n<meta name=\"twitter:card\" content=\"summary_large_image\" \/>\n<meta name=\"twitter:label1\" content=\"Gesch\u00e4tzte Lesezeit\" \/>\n\t<meta name=\"twitter:data1\" content=\"1\u00a0Minute\" \/>\n<script type=\"application\/ld+json\" class=\"yoast-schema-graph\">{\"@context\":\"https:\/\/schema.org\",\"@graph\":[{\"@type\":\"WebPage\",\"@id\":\"https:\/\/www.campingduvougot.com\/de\/camping-nicht-scheiss-plouguerneau\/\",\"url\":\"https:\/\/www.campingduvougot.com\/de\/camping-nicht-scheiss-plouguerneau\/\",\"name\":\"G\u00fcnstiger Campingplatz im Finist\u00e8re | Billigcamping Plouguerneau\",\"isPartOf\":{\"@id\":\"https:\/\/www.campingduvougot.com\/fr\/#website\"},\"primaryImageOfPage\":{\"@id\":\"https:\/\/www.campingduvougot.com\/de\/camping-nicht-scheiss-plouguerneau\/#primaryimage\"},\"image\":{\"@id\":\"https:\/\/www.campingduvougot.com\/de\/camping-nicht-scheiss-plouguerneau\/#primaryimage\"},\"thumbnailUrl\":\"https:\/\/www.campingduvougot.com\/wp-content\/uploads\/2023\/03\/Sans-titre-11.jpg\",\"datePublished\":\"2023-03-28T09:57:33+00:00\",\"dateModified\":\"2023-03-28T09:57:33+00:00\",\"breadcrumb\":{\"@id\":\"https:\/\/www.campingduvougot.com\/de\/camping-nicht-scheiss-plouguerneau\/#breadcrumb\"},\"inLanguage\":\"de\",\"potentialAction\":[{\"@type\":\"ReadAction\",\"target\":[\"https:\/\/www.campingduvougot.com\/de\/camping-nicht-scheiss-plouguerneau\/\"]}]},{\"@type\":\"ImageObject\",\"inLanguage\":\"de\",\"@id\":\"https:\/\/www.campingduvougot.com\/de\/camping-nicht-scheiss-plouguerneau\/#primaryimage\",\"url\":\"https:\/\/www.campingduvougot.com\/wp-content\/uploads\/2023\/03\/Sans-titre-11.jpg\",\"contentUrl\":\"https:\/\/www.campingduvougot.com\/wp-content\/uploads\/2023\/03\/Sans-titre-11.jpg\",\"width\":1920,\"height\":497,\"caption\":\"preisg\u00fcnstiger campingplatz finistere nord\"},{\"@type\":\"BreadcrumbList\",\"@id\":\"https:\/\/www.campingduvougot.com\/de\/camping-nicht-scheiss-plouguerneau\/#breadcrumb\",\"itemListElement\":[{\"@type\":\"ListItem\",\"position\":1,\"name\":\"Camping Plouguerneau\",\"item\":\"https:\/\/www.campingduvougot.com\/de\/\"},{\"@type\":\"ListItem\",\"position\":2,\"name\":\"Preiswerter Campingplatz Plouguerneau\"}]},{\"@type\":\"WebSite\",\"@id\":\"https:\/\/www.campingduvougot.com\/fr\/#website\",\"url\":\"https:\/\/www.campingduvougot.com\/fr\/\",\"name\":\"Camping du Vougot\",\"description\":\"\",\"publisher\":{\"@id\":\"https:\/\/www.campingduvougot.com\/fr\/#organization\"},\"potentialAction\":[{\"@type\":\"SearchAction\",\"target\":{\"@type\":\"EntryPoint\",\"urlTemplate\":\"https:\/\/www.campingduvougot.com\/fr\/?s={search_term_string}\"},\"query-input\":{\"@type\":\"PropertyValueSpecification\",\"valueRequired\":true,\"valueName\":\"search_term_string\"}}],\"inLanguage\":\"de\"},{\"@type\":\"Organization\",\"@id\":\"https:\/\/www.campingduvougot.com\/fr\/#organization\",\"name\":\"Camping du Vougot\",\"url\":\"https:\/\/www.campingduvougot.com\/fr\/\",\"logo\":{\"@type\":\"ImageObject\",\"inLanguage\":\"de\",\"@id\":\"https:\/\/www.campingduvougot.com\/fr\/#\/schema\/logo\/image\/\",\"url\":\"https:\/\/www.campingduvougot.com\/wp-content\/uploads\/2023\/02\/camping-du-vougot-logo-blanc-scaled.webp\",\"contentUrl\":\"https:\/\/www.campingduvougot.com\/wp-content\/uploads\/2023\/02\/camping-du-vougot-logo-blanc-scaled.webp\",\"width\":2560,\"height\":1565,\"caption\":\"Camping du Vougot\"},\"image\":{\"@id\":\"https:\/\/www.campingduvougot.com\/fr\/#\/schema\/logo\/image\/\"}}]}<\/script>\n<!-- \/ Yoast SEO plugin. -->","yoast_head_json":{"title":"G\u00fcnstiger Campingplatz im Finist\u00e8re | Billigcamping Plouguerneau","robots":{"index":"index","follow":"follow","max-snippet":"max-snippet:-1","max-image-preview":"max-image-preview:large","max-video-preview":"max-video-preview:-1"},"canonical":"https:\/\/www.campingduvougot.com\/de\/camping-nicht-scheiss-plouguerneau\/","og_locale":"de_DE","og_type":"article","og_title":"G\u00fcnstiger Campingplatz im Finist\u00e8re | Billigcamping Plouguerneau","og_url":"https:\/\/www.campingduvougot.com\/de\/camping-nicht-scheiss-plouguerneau\/","og_site_name":"Camping du Vougot","og_image":[{"width":1920,"height":497,"url":"https:\/\/www.campingduvougot.com\/wp-content\/uploads\/2023\/03\/Sans-titre-11.jpg","type":"image\/jpeg"}],"twitter_card":"summary_large_image","twitter_misc":{"Gesch\u00e4tzte Lesezeit":"1\u00a0Minute"},"schema":{"@context":"https:\/\/schema.org","@graph":[{"@type":"WebPage","@id":"https:\/\/www.campingduvougot.com\/de\/camping-nicht-scheiss-plouguerneau\/","url":"https:\/\/www.campingduvougot.com\/de\/camping-nicht-scheiss-plouguerneau\/","name":"G\u00fcnstiger Campingplatz im Finist\u00e8re | Billigcamping Plouguerneau","isPartOf":{"@id":"https:\/\/www.campingduvougot.com\/fr\/#website"},"primaryImageOfPage":{"@id":"https:\/\/www.campingduvougot.com\/de\/camping-nicht-scheiss-plouguerneau\/#primaryimage"},"image":{"@id":"https:\/\/www.campingduvougot.com\/de\/camping-nicht-scheiss-plouguerneau\/#primaryimage"},"thumbnailUrl":"https:\/\/www.campingduvougot.com\/wp-content\/uploads\/2023\/03\/Sans-titre-11.jpg","datePublished":"2023-03-28T09:57:33+00:00","dateModified":"2023-03-28T09:57:33+00:00","breadcrumb":{"@id":"https:\/\/www.campingduvougot.com\/de\/camping-nicht-scheiss-plouguerneau\/#breadcrumb"},"inLanguage":"de","potentialAction":[{"@type":"ReadAction","target":["https:\/\/www.campingduvougot.com\/de\/camping-nicht-scheiss-plouguerneau\/"]}]},{"@type":"ImageObject","inLanguage":"de","@id":"https:\/\/www.campingduvougot.com\/de\/camping-nicht-scheiss-plouguerneau\/#primaryimage","url":"https:\/\/www.campingduvougot.com\/wp-content\/uploads\/2023\/03\/Sans-titre-11.jpg","contentUrl":"https:\/\/www.campingduvougot.com\/wp-content\/uploads\/2023\/03\/Sans-titre-11.jpg","width":1920,"height":497,"caption":"preisg\u00fcnstiger campingplatz finistere nord"},{"@type":"BreadcrumbList","@id":"https:\/\/www.campingduvougot.com\/de\/camping-nicht-scheiss-plouguerneau\/#breadcrumb","itemListElement":[{"@type":"ListItem","position":1,"name":"Camping Plouguerneau","item":"https:\/\/www.campingduvougot.com\/de\/"},{"@type":"ListItem","position":2,"name":"Preiswerter Campingplatz Plouguerneau"}]},{"@type":"WebSite","@id":"https:\/\/www.campingduvougot.com\/fr\/#website","url":"https:\/\/www.campingduvougot.com\/fr\/","name":"Camping du Vougot","description":"","publisher":{"@id":"https:\/\/www.campingduvougot.com\/fr\/#organization"},"potentialAction":[{"@type":"SearchAction","target":{"@type":"EntryPoint","urlTemplate":"https:\/\/www.campingduvougot.com\/fr\/?s={search_term_string}"},"query-input":{"@type":"PropertyValueSpecification","valueRequired":true,"valueName":"search_term_string"}}],"inLanguage":"de"},{"@type":"Organization","@id":"https:\/\/www.campingduvougot.com\/fr\/#organization","name":"Camping du Vougot","url":"https:\/\/www.campingduvougot.com\/fr\/","logo":{"@type":"ImageObject","inLanguage":"de","@id":"https:\/\/www.campingduvougot.com\/fr\/#\/schema\/logo\/image\/","url":"https:\/\/www.campingduvougot.com\/wp-content\/uploads\/2023\/02\/camping-du-vougot-logo-blanc-scaled.webp","contentUrl":"https:\/\/www.campingduvougot.com\/wp-content\/uploads\/2023\/02\/camping-du-vougot-logo-blanc-scaled.webp","width":2560,"height":1565,"caption":"Camping du Vougot"},"image":{"@id":"https:\/\/www.campingduvougot.com\/fr\/#\/schema\/logo\/image\/"}}]}},"_links":{"self":[{"href":"https:\/\/www.campingduvougot.com\/de\/wp-json\/wp\/v2\/pages\/2021","targetHints":{"allow":["GET"]}}],"collection":[{"href":"https:\/\/www.campingduvougot.com\/de\/wp-json\/wp\/v2\/pages"}],"about":[{"href":"https:\/\/www.campingduvougot.com\/de\/wp-json\/wp\/v2\/types\/page"}],"author":[{"embeddable":true,"href":"https:\/\/www.campingduvougot.com\/de\/wp-json\/wp\/v2\/users\/1"}],"replies":[{"embeddable":true,"href":"https:\/\/www.campingduvougot.com\/de\/wp-json\/wp\/v2\/comments?post=2021"}],"version-history":[{"count":1,"href":"https:\/\/www.campingduvougot.com\/de\/wp-json\/wp\/v2\/pages\/2021\/revisions"}],"predecessor-version":[{"id":2022,"href":"https:\/\/www.campingduvougot.com\/de\/wp-json\/wp\/v2\/pages\/2021\/revisions\/2022"}],"wp:featuredmedia":[{"embeddable":true,"href":"https:\/\/www.campingduvougot.com\/de\/wp-json\/wp\/v2\/media\/1647"}],"wp:attachment":[{"href":"https:\/\/www.campingduvougot.com\/de\/wp-json\/wp\/v2\/media?parent=2021"}],"wp:term":[{"taxonomy":"sujet","embeddable":true,"href":"https:\/\/www.campingduvougot.com\/de\/wp-json\/wp\/v2\/sujet?post=2021"}],"curies":[{"name":"wp","href":"https:\/\/api.w.org\/{rel}","templated":true}]}}