{"id":1917,"date":"2023-03-28T08:38:03","date_gmt":"2023-03-28T06:38:03","guid":{"rendered":"https:\/\/www.campingduvougot.com\/campingplatz-schwimmbad-heizung-plouguerneau\/"},"modified":"2023-03-30T10:39:45","modified_gmt":"2023-03-30T08:39:45","slug":"campingplatz-schwimmbad-heizung-plouguerneau","status":"publish","type":"page","link":"https:\/\/www.campingduvougot.com\/de\/campingplatz-schwimmbad-heizung-plouguerneau\/","title":{"rendered":"Swimmingpool"},"content":{"rendered":"<section id=\"ls-section-block_71f95defd78f7218045b362250b45209\" class=\"ls-section  page-chapeau has-p-b p-b-0\" >\r\n        <div class=\"container \">\r\n        \n\n<h1 class=\"ls__heading wp-block-heading has-text-align-center vague\">Schwimmen Sie im beheizten Pool des Campingplatzes im Finist\u00e8re<\/h1>\n\n\r\n    <\/div>\r\n<\/section><section id=\"ls-section-block_ee075870feaf776a76d9b607c387cea1\" class=\"ls-section  page-one has-p-b p-b-14\" >\r\n        <div class=\"container container--wide\">\r\n        \n\n<div class=\"wp-block-columns is-layout-flex wp-container-core-columns-is-layout-9d6595d7 wp-block-columns-is-layout-flex\">\n<div class=\"wp-block-column is-vertically-aligned-center left is-layout-flow wp-block-column-is-layout-flow\" style=\"flex-basis:66.66%\">\n<figure class=\"wp-block-image size-full animated fadeIn delay-100ms slow\"><a href=\"https:\/\/www.campingduvougot.com\/wp-content\/uploads\/2023\/02\/camping-piscine-plouguerneau-1.jpg\"><img decoding=\"async\" width=\"866\" height=\"578\" src=\"https:\/\/www.campingduvougot.com\/wp-content\/uploads\/2023\/02\/camping-piscine-plouguerneau-1.jpg\" alt=\"campingplatz schwimmbad plouguerneau 1\" class=\"wp-image-719\" srcset=\"https:\/\/www.campingduvougot.com\/wp-content\/uploads\/2023\/02\/camping-piscine-plouguerneau-1.jpg 866w, https:\/\/www.campingduvougot.com\/wp-content\/uploads\/2023\/02\/camping-piscine-plouguerneau-1-300x200.jpg 300w, https:\/\/www.campingduvougot.com\/wp-content\/uploads\/2023\/02\/camping-piscine-plouguerneau-1-768x513.jpg 768w\" sizes=\"(max-width: 866px) 100vw, 866px\" \/><\/a><\/figure>\n<\/div>\n\n\n\n<div class=\"wp-block-column right is-layout-flow wp-block-column-is-layout-flow\" style=\"flex-basis:33.33%\">\n<h2 class=\"ls__heading wp-block-heading deco\">Campingplatz mit <strong>Hallenbadim<\/strong> Finist\u00e8re<\/h2>\n\n\n\n<p class=\"ls-paragraph\">Schwimmen Sie von April bis September im <strong>beheizten Hallenbad<\/strong> des <a href=\"https:\/\/www.campingduvougot.com\/de\/\">Campingplatzes Le Vougot<\/a> in der n\u00f6rdlichen Bretagne. <\/p>\n\n\n\n<p class=\"ls-paragraph\">Hier finden Sie ein <strong>Planschbecken<\/strong>, um unsere j\u00fcngsten Ferieng\u00e4ste zu begeistern, sowie eine Whirlpoolecke. <strong>Sie werden die Atmosph\u00e4re eines Massagebades<\/strong> genie\u00dfen und gleichzeitig entspannende Momente erleben ! <\/p>\n\n\n\n<p class=\"ls-paragraph\">Wenn Sie sich nicht nass machen wollen, ist das Ihr gutes Recht! Sie k\u00f6nnen sich <strong>auch mit Ihrem Buch in den Sesseln, die am Beckenrand aufgestellt sind<\/strong>, in einer entspannenden Atmosph\u00e4re r\u00e4keln. <\/p>\n\n\n\n<p class=\"ls-paragraph\">Eine perfekte Umgebung f\u00fcr Spa\u00df und gute Zeiten mit der Familie w\u00e4hrend Ihres Urlaubs <a href=\"https:\/\/www.campingduvougot.com\/de\/campingplatz-strand-plouguerneau\/\">am Strand auf dem Campingplatz du Vougot<\/a>. <\/p>\n<\/div>\n<\/div>\n\n\r\n    <\/div>\r\n<\/section><section id=\"ls-section-block_c5b5466697d6466ab41b1c098ce70968\" class=\"ls-section  home-image has-background-image has-parallax\" >\r\n    <div class=\"ls-section__background-image opacity-100\"><img decoding=\"async\" src=\"https:\/\/www.campingduvougot.com\/wp-content\/uploads\/2023\/02\/piscine-chauffee-plouguerneau-1.jpg\" alt=\"beheiztes schwimmbad plouguerneau 1\"><\/div>    <div class=\"container \">\r\n        \n\n<p class=\"ls-paragraph\"><\/p>\n\n\r\n    <\/div>\r\n<\/section><section id=\"ls-section-block_eed1ed48ec836fbf7d08f7392f923ab4\" class=\"ls-section  page-two\" >\r\n        <div class=\"container container--wide\">\r\n        \n\n<div class=\"wp-block-columns is-layout-flex wp-container-core-columns-is-layout-9d6595d7 wp-block-columns-is-layout-flex\">\n<div class=\"wp-block-column left right animated fadeInUp slow has-color-white-background-color has-background is-layout-flow wp-block-column-is-layout-flow\">\n<ul class=\"ls-list wp-block-list\">\n<li>Der Wasserbereich des Campingplatzes ist von <strong>April bis September<\/strong> t\u00e4glich von 10 bis 19 Uhr ge\u00f6ffnet.<\/li>\n\n\n\n<li>Badeshorts werden nicht toleriert. Es werden nur <strong>Badeanz\u00fcge akzeptiert<\/strong>, sowohl f\u00fcr M\u00e4nner als auch f\u00fcr Frauen.<\/li>\n\n\n\n<li>Unbeaufsichtigtes Baden.<\/li>\n\n\n\n<li>Besuchern und Personen, die sich nicht auf dem Campingplatz Le Vougot aufhalten, ist der Zugang zum <strong>Wasserbereich nicht gestattet<\/strong>.<\/li>\n<\/ul>\n<\/div>\n\n\n\n<div class=\"wp-block-column right animated fadeInUp slow has-color-white-background-color has-background is-layout-flow wp-block-column-is-layout-flow\">\n<ul class=\"ls-list wp-block-list\">\n<li>F\u00fcr Menschen mit <strong>eingeschr\u00e4nkter Mobilit\u00e4t<\/strong> erm\u00f6glicht das Fu\u00dfbad einen leichten \u00dcbergang zum Wasserbereich. Au\u00dferdem wird ein Sessel zum Eintauchen ins Wasser bereitgestellt, um das Eintauchen in den Pool zu erleichtern.<\/li>\n\n\n\n<li>Unser Wasserbereich ist neu. F\u00fcr Ihren Komfort und Ihre Sicherheit wird er t\u00e4glich gereinigt, das Badewasser wird t\u00e4glich von uns und monatlich von der regionalen Gesundheitsbeh\u00f6rde kontrolliert.<\/li>\n<\/ul>\n<\/div>\n<\/div>\n\n\r\n    <\/div>\r\n<\/section><section id=\"ls-section-block_b27d1be7f63f7168da2418b0e024426c\" class=\"ls-section  page-three has-background has-color-1-background-color has-p-t p-t-14 has-p-b p-b-14\" >\r\n        <div class=\"container container--wide\">\r\n        \n\n<div class=\"wp-block-columns first is-layout-flex wp-container-core-columns-is-layout-9d6595d7 wp-block-columns-is-layout-flex\">\n<div class=\"wp-block-column is-vertically-aligned-center left is-layout-flow wp-block-column-is-layout-flow\">\n<h2 class=\"ls__heading wp-block-heading deco\"><strong>Der Balneobereich<\/strong> des Campingplatzes in Plouguerneau<\/h2>\n\n\n\n<p class=\"ls-paragraph\">Ein Bereich des Badebeckens verf\u00fcgt \u00fcber eine <strong>Whirlpoolanlage.<\/strong> Setzen Sie sich auf den der Entspannung gewidmeten Rand und lassen Sie sich von den Wasserstrahlen den R\u00fccken massieren.<\/p>\n<\/div>\n\n\n\n<div class=\"wp-block-column right is-layout-flow wp-block-column-is-layout-flow\">\n<figure class=\"wp-block-image size-full animated fadeInRight delay-100ms slow\"><a href=\"https:\/\/www.campingduvougot.com\/wp-content\/uploads\/2023\/02\/camping-piscine-finistere.jpg\"><img decoding=\"async\" width=\"866\" height=\"578\" src=\"https:\/\/www.campingduvougot.com\/wp-content\/uploads\/2023\/02\/camping-piscine-finistere.jpg\" alt=\"campingplatz schwimmbad finistere\" class=\"wp-image-631\" srcset=\"https:\/\/www.campingduvougot.com\/wp-content\/uploads\/2023\/02\/camping-piscine-finistere.jpg 866w, https:\/\/www.campingduvougot.com\/wp-content\/uploads\/2023\/02\/camping-piscine-finistere-300x200.jpg 300w, https:\/\/www.campingduvougot.com\/wp-content\/uploads\/2023\/02\/camping-piscine-finistere-768x513.jpg 768w\" sizes=\"(max-width: 866px) 100vw, 866px\" \/><\/a><\/figure>\n<\/div>\n<\/div>\n\n\n\n<div class=\"wp-block-columns second is-layout-flex wp-container-core-columns-is-layout-9d6595d7 wp-block-columns-is-layout-flex\">\n<div class=\"wp-block-column left is-layout-flow wp-block-column-is-layout-flow\">\n<figure class=\"wp-block-image size-full animated fadeInLeft delay-200ms slow\"><a href=\"https:\/\/www.campingduvougot.com\/wp-content\/uploads\/2023\/02\/camping-pataugeoire-plouguerneau-1.jpg\"><img decoding=\"async\" width=\"866\" height=\"578\" src=\"https:\/\/www.campingduvougot.com\/wp-content\/uploads\/2023\/02\/camping-pataugeoire-plouguerneau-1.jpg\" alt=\"camping pataugeoire plouguerneau 1\" class=\"wp-image-723\" srcset=\"https:\/\/www.campingduvougot.com\/wp-content\/uploads\/2023\/02\/camping-pataugeoire-plouguerneau-1.jpg 866w, https:\/\/www.campingduvougot.com\/wp-content\/uploads\/2023\/02\/camping-pataugeoire-plouguerneau-1-300x200.jpg 300w, https:\/\/www.campingduvougot.com\/wp-content\/uploads\/2023\/02\/camping-pataugeoire-plouguerneau-1-768x513.jpg 768w\" sizes=\"(max-width: 866px) 100vw, 866px\" \/><\/a><\/figure>\n<\/div>\n\n\n\n<div class=\"wp-block-column is-vertically-aligned-center right is-layout-flow wp-block-column-is-layout-flow\">\n<h2 class=\"ls__heading wp-block-heading deco\">Das Planschbecken<\/h2>\n\n\n\n<p class=\"ls-paragraph\">Die <strong>Kleinsten<\/strong> k\u00f6nnen auch die Freuden eines <strong>gesch\u00fctzten Bades<\/strong> im 2<strong>8\u00b0 warmen Wasser genie\u00dfen,<\/strong> wenn die Eltern oder Gro\u00dfeltern bei ihnen sind.<\/p>\n<\/div>\n<\/div>\n\n\r\n    <\/div>\r\n<\/section><section id=\"ls-section-block_e82761f374838eed13bc57714744275b\" class=\"ls-section  page-avis has-background has-color-2-background-color has-p-t p-t-14 has-p-b p-b-14\" >\r\n        <div class=\"container container--wide\">\r\n        \n\n<div id=\"ls-heading ls-titre-div-block_a994db53ce6bfeaa0fd78996fe975833\" class=\"ls-titre-div deco h2-like\" >\n    Was denken unsere Kunden \u00fcber <strong>den Pool?<\/strong><\/div>\n\n\n\n<p class=\"ls-paragraph\"><div class=\"avis-container-pages\"><div class=\"avis\"><div class=\"avis-user\"><div class=\"avis-note\">\n                <span><i class=\"vougot-star\"><\/i><\/span><span><i class=\"vougot-star\"><\/i><\/span><span><i class=\"vougot-star\"><\/i><\/span><span><i class=\"vougot-star\"><\/i><\/span><span><i class=\"vougot-star\"><\/i><\/span>\n                <\/div><div class=\"avis-name\">Audrey G.<\/div><div class=\"avis-content\"><p>Campingplatz mit menschlicher Gr\u00f6\u00dfe. <b>Sch\u00f6ner Pool Spielplatz mit einem Trampolin. Brotlieferung nach Voranmeldung m\u00f6glich. PMR-Zugang zu allen Annehmlichkeiten.<\/b><\/p>\n<\/div><\/div><\/div><div class=\"avis\"><div class=\"avis-user\"><div class=\"avis-note\">\n                <span><i class=\"vougot-star\"><\/i><\/span><span><i class=\"vougot-star\"><\/i><\/span><span><i class=\"vougot-star\"><\/i><\/span><span><i class=\"vougot-star\"><\/i><\/span><span><i class=\"vougot-star\"><\/i><\/span>\n                <\/div><div class=\"avis-name\">Caro<\/div><div class=\"avis-content\"><p>Es ist ein sehr sch\u00f6ner, kleiner Campingplatz. Sauberes Sanit\u00e4rgeb\u00e4ude w\u00fcrde ein wenig W\u00e4rme f\u00fcr das Wasser (Dusche und Geschirr) vermissen. <b>Swimmingpool sehr willkommen.<\/b><br \/>\nEs gibt nichts zu sagen, au\u00dfer dass wir wiederkommen werden.<br \/>\nDanke<\/p>\n<\/div><\/div><\/div><div class=\"avis\"><div class=\"avis-user\"><div class=\"avis-note\">\n                <span><i class=\"vougot-star\"><\/i><\/span><span><i class=\"vougot-star\"><\/i><\/span><span><i class=\"vougot-star\"><\/i><\/span><span><i class=\"vougot-star\"><\/i><\/span><span><i class=\"vougot-star\"><\/i><\/span>\n                <\/div><div class=\"avis-name\">Mickael L.<\/div><div class=\"avis-content\"><p>Der Campingplatz liegt ideal in der N\u00e4he des \u00c4rmelkanals. Gro\u00dfe Stellpl\u00e4tze, ideal f\u00fcr Wohnmobile, inmitten eines sch\u00f6nen Parks mit B\u00e4umen und Blumen. <b>Beheizter und \u00fcberdachter Pool.<\/b> Sanit\u00e4ranlagen tadellos gepflegt. Perfekter Empfang und Service, alles Schule, die von einem jungen und dynamischen Team belebt wird.<\/p>\n<\/div><\/div><\/div><\/div><\/p>\n\n\r\n    <\/div>\r\n<\/section><section id=\"ls-section-block_3d31ab461cc9a4cd0fcb52801134ea81\" class=\"ls-section  page-maillage has-p-b p-b-14\" >\r\n        <div class=\"container container--wide\">\r\n        \n\n<div id=\"ls-heading ls-titre-div-block_459b0fba5a50de6fac804475f1b38d51\" class=\"ls-titre-div deco aligncenter h2-like\" >\n    Entdecken Sie die Strandpromenade, unsere Aktivit\u00e4ten und unsere Vermietungen!<\/div>\n\n\n<div id=\"ls-maillage-block_91056e86e54231468af445552e3e67d1\" class=\"ls-maillage cta-style-normal\" data-rows=\"3\">\n    <div class=\"wp-block-columns\"><div class=\"wp-block-column\">\n\n<a href=\"https:\/\/www.campingduvougot.com\/de\/camping-aktivitaeten-plouguerneau\/\" target=\"\" rel=\"noopener\" class=\"ls-cta__link\">\n\n\t<div class=\"ls-cta__image\"><img decoding=\"async\" src=\"https:\/\/www.campingduvougot.com\/wp-content\/uploads\/2025\/03\/camping-vougot-plouguerneau-structure-aire-jeux-1000px-768x1024.webp\" alt=\"camping vougot plouguerneau structure aire jeux\"><\/div>\n\t<div class=\"ls-cta__title\">\n\t\tAktivit\u00e4ten &#038; Animationen\t<\/div>\n\n\t\t\n<\/a><\/div><div class=\"wp-block-column\">\n\n<a href=\"https:\/\/www.campingduvougot.com\/de\/campingplatz-strand-plouguerneau\/\" target=\"\" rel=\"noopener\" class=\"ls-cta__link\">\n\n\t<div class=\"ls-cta__image\"><img decoding=\"async\" src=\"https:\/\/www.campingduvougot.com\/wp-content\/uploads\/2023\/02\/camping-bord-plage-finistere-768x264.jpg\" alt=\"campinplatz am strand finistere\"><\/div>\n\t<div class=\"ls-cta__title\">\n\t\tStrandrand\t<\/div>\n\n\t\t\n<\/a><\/div><div class=\"wp-block-column\">\n\n<a href=\"https:\/\/www.campingduvougot.com\/de\/vermietung-mobilheim-plouguerneau\/\" target=\"\" rel=\"noopener\" class=\"ls-cta__link\">\n\n\t<div class=\"ls-cta__image\"><img decoding=\"async\" src=\"https:\/\/www.campingduvougot.com\/wp-content\/uploads\/2023\/02\/location-mobil-home.jpg\" alt=\"Vermietung von Mobilheimen\"><\/div>\n\t<div class=\"ls-cta__title\">\n\t\tMobilheime\t<\/div>\n\n\t\t\n<\/a><\/div><\/div><\/div>\n\r\n    <\/div>\r\n<\/section>","protected":false},"excerpt":{"rendered":"","protected":false},"author":1,"featured_media":1533,"parent":0,"menu_order":0,"comment_status":"closed","ping_status":"closed","template":"","meta":{"_acf_changed":false,"footnotes":""},"sujet":[],"class_list":["post-1917","page","type-page","status-publish","has-post-thumbnail","hentry"],"acf":[],"yoast_head":"<!-- This site is optimized with the Yoast SEO plugin v23.4 - https:\/\/yoast.com\/wordpress\/plugins\/seo\/ -->\n<title>Camping beheiztes Schwimmbad Finist\u00e8re | Camping espace aquatique Plouguerneau<\/title>\n<meta name=\"robots\" content=\"index, follow, max-snippet:-1, max-image-preview:large, max-video-preview:-1\" \/>\n<link rel=\"canonical\" href=\"https:\/\/www.campingduvougot.com\/de\/campingplatz-schwimmbad-heizung-plouguerneau\/\" \/>\n<meta property=\"og:locale\" content=\"de_DE\" \/>\n<meta property=\"og:type\" content=\"article\" \/>\n<meta property=\"og:title\" content=\"Camping beheiztes Schwimmbad Finist\u00e8re | Camping espace aquatique Plouguerneau\" \/>\n<meta property=\"og:url\" content=\"https:\/\/www.campingduvougot.com\/de\/campingplatz-schwimmbad-heizung-plouguerneau\/\" \/>\n<meta property=\"og:site_name\" content=\"Camping du Vougot\" \/>\n<meta property=\"article:modified_time\" content=\"2023-03-30T08:39:45+00:00\" \/>\n<meta property=\"og:image\" content=\"https:\/\/www.campingduvougot.com\/wp-content\/uploads\/2023\/02\/piscine-couverte-finistere.jpg\" \/>\n\t<meta property=\"og:image:width\" content=\"1903\" \/>\n\t<meta property=\"og:image:height\" content=\"627\" \/>\n\t<meta property=\"og:image:type\" content=\"image\/jpeg\" \/>\n<meta name=\"twitter:card\" content=\"summary_large_image\" \/>\n<meta name=\"twitter:label1\" content=\"Gesch\u00e4tzte Lesezeit\" \/>\n\t<meta name=\"twitter:data1\" content=\"2\u00a0Minuten\" \/>\n<script type=\"application\/ld+json\" class=\"yoast-schema-graph\">{\"@context\":\"https:\/\/schema.org\",\"@graph\":[{\"@type\":\"WebPage\",\"@id\":\"https:\/\/www.campingduvougot.com\/de\/campingplatz-schwimmbad-heizung-plouguerneau\/\",\"url\":\"https:\/\/www.campingduvougot.com\/de\/campingplatz-schwimmbad-heizung-plouguerneau\/\",\"name\":\"Camping beheiztes Schwimmbad Finist\u00e8re | Camping espace aquatique Plouguerneau\",\"isPartOf\":{\"@id\":\"https:\/\/www.campingduvougot.com\/fr\/#website\"},\"primaryImageOfPage\":{\"@id\":\"https:\/\/www.campingduvougot.com\/de\/campingplatz-schwimmbad-heizung-plouguerneau\/#primaryimage\"},\"image\":{\"@id\":\"https:\/\/www.campingduvougot.com\/de\/campingplatz-schwimmbad-heizung-plouguerneau\/#primaryimage\"},\"thumbnailUrl\":\"https:\/\/www.campingduvougot.com\/wp-content\/uploads\/2023\/02\/piscine-couverte-finistere.jpg\",\"datePublished\":\"2023-03-28T06:38:03+00:00\",\"dateModified\":\"2023-03-30T08:39:45+00:00\",\"breadcrumb\":{\"@id\":\"https:\/\/www.campingduvougot.com\/de\/campingplatz-schwimmbad-heizung-plouguerneau\/#breadcrumb\"},\"inLanguage\":\"de\",\"potentialAction\":[{\"@type\":\"ReadAction\",\"target\":[\"https:\/\/www.campingduvougot.com\/de\/campingplatz-schwimmbad-heizung-plouguerneau\/\"]}]},{\"@type\":\"ImageObject\",\"inLanguage\":\"de\",\"@id\":\"https:\/\/www.campingduvougot.com\/de\/campingplatz-schwimmbad-heizung-plouguerneau\/#primaryimage\",\"url\":\"https:\/\/www.campingduvougot.com\/wp-content\/uploads\/2023\/02\/piscine-couverte-finistere.jpg\",\"contentUrl\":\"https:\/\/www.campingduvougot.com\/wp-content\/uploads\/2023\/02\/piscine-couverte-finistere.jpg\",\"width\":1903,\"height\":627,\"caption\":\"Hallenbad Finistere\"},{\"@type\":\"BreadcrumbList\",\"@id\":\"https:\/\/www.campingduvougot.com\/de\/campingplatz-schwimmbad-heizung-plouguerneau\/#breadcrumb\",\"itemListElement\":[{\"@type\":\"ListItem\",\"position\":1,\"name\":\"Camping Plouguerneau\",\"item\":\"https:\/\/www.campingduvougot.com\/de\/\"},{\"@type\":\"ListItem\",\"position\":2,\"name\":\"Campingplatz Wasserpark in Plouguerneau\"}]},{\"@type\":\"WebSite\",\"@id\":\"https:\/\/www.campingduvougot.com\/fr\/#website\",\"url\":\"https:\/\/www.campingduvougot.com\/fr\/\",\"name\":\"Camping du Vougot\",\"description\":\"\",\"publisher\":{\"@id\":\"https:\/\/www.campingduvougot.com\/fr\/#organization\"},\"potentialAction\":[{\"@type\":\"SearchAction\",\"target\":{\"@type\":\"EntryPoint\",\"urlTemplate\":\"https:\/\/www.campingduvougot.com\/fr\/?s={search_term_string}\"},\"query-input\":{\"@type\":\"PropertyValueSpecification\",\"valueRequired\":true,\"valueName\":\"search_term_string\"}}],\"inLanguage\":\"de\"},{\"@type\":\"Organization\",\"@id\":\"https:\/\/www.campingduvougot.com\/fr\/#organization\",\"name\":\"Camping du Vougot\",\"url\":\"https:\/\/www.campingduvougot.com\/fr\/\",\"logo\":{\"@type\":\"ImageObject\",\"inLanguage\":\"de\",\"@id\":\"https:\/\/www.campingduvougot.com\/fr\/#\/schema\/logo\/image\/\",\"url\":\"https:\/\/www.campingduvougot.com\/wp-content\/uploads\/2023\/02\/camping-du-vougot-logo-blanc-scaled.webp\",\"contentUrl\":\"https:\/\/www.campingduvougot.com\/wp-content\/uploads\/2023\/02\/camping-du-vougot-logo-blanc-scaled.webp\",\"width\":2560,\"height\":1565,\"caption\":\"Camping du Vougot\"},\"image\":{\"@id\":\"https:\/\/www.campingduvougot.com\/fr\/#\/schema\/logo\/image\/\"}}]}<\/script>\n<!-- \/ Yoast SEO plugin. -->","yoast_head_json":{"title":"Camping beheiztes Schwimmbad Finist\u00e8re | Camping espace aquatique Plouguerneau","robots":{"index":"index","follow":"follow","max-snippet":"max-snippet:-1","max-image-preview":"max-image-preview:large","max-video-preview":"max-video-preview:-1"},"canonical":"https:\/\/www.campingduvougot.com\/de\/campingplatz-schwimmbad-heizung-plouguerneau\/","og_locale":"de_DE","og_type":"article","og_title":"Camping beheiztes Schwimmbad Finist\u00e8re | Camping espace aquatique Plouguerneau","og_url":"https:\/\/www.campingduvougot.com\/de\/campingplatz-schwimmbad-heizung-plouguerneau\/","og_site_name":"Camping du Vougot","article_modified_time":"2023-03-30T08:39:45+00:00","og_image":[{"width":1903,"height":627,"url":"https:\/\/www.campingduvougot.com\/wp-content\/uploads\/2023\/02\/piscine-couverte-finistere.jpg","type":"image\/jpeg"}],"twitter_card":"summary_large_image","twitter_misc":{"Gesch\u00e4tzte Lesezeit":"2\u00a0Minuten"},"schema":{"@context":"https:\/\/schema.org","@graph":[{"@type":"WebPage","@id":"https:\/\/www.campingduvougot.com\/de\/campingplatz-schwimmbad-heizung-plouguerneau\/","url":"https:\/\/www.campingduvougot.com\/de\/campingplatz-schwimmbad-heizung-plouguerneau\/","name":"Camping beheiztes Schwimmbad Finist\u00e8re | Camping espace aquatique Plouguerneau","isPartOf":{"@id":"https:\/\/www.campingduvougot.com\/fr\/#website"},"primaryImageOfPage":{"@id":"https:\/\/www.campingduvougot.com\/de\/campingplatz-schwimmbad-heizung-plouguerneau\/#primaryimage"},"image":{"@id":"https:\/\/www.campingduvougot.com\/de\/campingplatz-schwimmbad-heizung-plouguerneau\/#primaryimage"},"thumbnailUrl":"https:\/\/www.campingduvougot.com\/wp-content\/uploads\/2023\/02\/piscine-couverte-finistere.jpg","datePublished":"2023-03-28T06:38:03+00:00","dateModified":"2023-03-30T08:39:45+00:00","breadcrumb":{"@id":"https:\/\/www.campingduvougot.com\/de\/campingplatz-schwimmbad-heizung-plouguerneau\/#breadcrumb"},"inLanguage":"de","potentialAction":[{"@type":"ReadAction","target":["https:\/\/www.campingduvougot.com\/de\/campingplatz-schwimmbad-heizung-plouguerneau\/"]}]},{"@type":"ImageObject","inLanguage":"de","@id":"https:\/\/www.campingduvougot.com\/de\/campingplatz-schwimmbad-heizung-plouguerneau\/#primaryimage","url":"https:\/\/www.campingduvougot.com\/wp-content\/uploads\/2023\/02\/piscine-couverte-finistere.jpg","contentUrl":"https:\/\/www.campingduvougot.com\/wp-content\/uploads\/2023\/02\/piscine-couverte-finistere.jpg","width":1903,"height":627,"caption":"Hallenbad Finistere"},{"@type":"BreadcrumbList","@id":"https:\/\/www.campingduvougot.com\/de\/campingplatz-schwimmbad-heizung-plouguerneau\/#breadcrumb","itemListElement":[{"@type":"ListItem","position":1,"name":"Camping Plouguerneau","item":"https:\/\/www.campingduvougot.com\/de\/"},{"@type":"ListItem","position":2,"name":"Campingplatz Wasserpark in Plouguerneau"}]},{"@type":"WebSite","@id":"https:\/\/www.campingduvougot.com\/fr\/#website","url":"https:\/\/www.campingduvougot.com\/fr\/","name":"Camping du Vougot","description":"","publisher":{"@id":"https:\/\/www.campingduvougot.com\/fr\/#organization"},"potentialAction":[{"@type":"SearchAction","target":{"@type":"EntryPoint","urlTemplate":"https:\/\/www.campingduvougot.com\/fr\/?s={search_term_string}"},"query-input":{"@type":"PropertyValueSpecification","valueRequired":true,"valueName":"search_term_string"}}],"inLanguage":"de"},{"@type":"Organization","@id":"https:\/\/www.campingduvougot.com\/fr\/#organization","name":"Camping du Vougot","url":"https:\/\/www.campingduvougot.com\/fr\/","logo":{"@type":"ImageObject","inLanguage":"de","@id":"https:\/\/www.campingduvougot.com\/fr\/#\/schema\/logo\/image\/","url":"https:\/\/www.campingduvougot.com\/wp-content\/uploads\/2023\/02\/camping-du-vougot-logo-blanc-scaled.webp","contentUrl":"https:\/\/www.campingduvougot.com\/wp-content\/uploads\/2023\/02\/camping-du-vougot-logo-blanc-scaled.webp","width":2560,"height":1565,"caption":"Camping du Vougot"},"image":{"@id":"https:\/\/www.campingduvougot.com\/fr\/#\/schema\/logo\/image\/"}}]}},"_links":{"self":[{"href":"https:\/\/www.campingduvougot.com\/de\/wp-json\/wp\/v2\/pages\/1917","targetHints":{"allow":["GET"]}}],"collection":[{"href":"https:\/\/www.campingduvougot.com\/de\/wp-json\/wp\/v2\/pages"}],"about":[{"href":"https:\/\/www.campingduvougot.com\/de\/wp-json\/wp\/v2\/types\/page"}],"author":[{"embeddable":true,"href":"https:\/\/www.campingduvougot.com\/de\/wp-json\/wp\/v2\/users\/1"}],"replies":[{"embeddable":true,"href":"https:\/\/www.campingduvougot.com\/de\/wp-json\/wp\/v2\/comments?post=1917"}],"version-history":[{"count":14,"href":"https:\/\/www.campingduvougot.com\/de\/wp-json\/wp\/v2\/pages\/1917\/revisions"}],"predecessor-version":[{"id":2324,"href":"https:\/\/www.campingduvougot.com\/de\/wp-json\/wp\/v2\/pages\/1917\/revisions\/2324"}],"wp:featuredmedia":[{"embeddable":true,"href":"https:\/\/www.campingduvougot.com\/de\/wp-json\/wp\/v2\/media\/1533"}],"wp:attachment":[{"href":"https:\/\/www.campingduvougot.com\/de\/wp-json\/wp\/v2\/media?parent=1917"}],"wp:term":[{"taxonomy":"sujet","embeddable":true,"href":"https:\/\/www.campingduvougot.com\/de\/wp-json\/wp\/v2\/sujet?post=1917"}],"curies":[{"name":"wp","href":"https:\/\/api.w.org\/{rel}","templated":true}]}}