{"id":1906,"date":"2023-03-28T07:57:17","date_gmt":"2023-03-28T05:57:17","guid":{"rendered":"https:\/\/www.campingduvougot.com\/legale-erwahnungen\/"},"modified":"2024-12-19T16:38:41","modified_gmt":"2024-12-19T15:38:41","slug":"legale-erwahnungen","status":"publish","type":"page","link":"https:\/\/www.campingduvougot.com\/de\/legale-erwahnungen\/","title":{"rendered":"Rechtliche Hinweise"},"content":{"rendered":"<section id=\"ls-section-block_88b4081d3ebbd8566d57e625d842e335\" class=\"ls-section \" >\r\n        <div class=\"container container--wide\">\r\n        \n\n<h1 class=\"ls__heading wp-block-heading has-text-align-center\">Rechtliche Hinweise<\/h1>\n\n\n\n<h2 class=\"ls__heading wp-block-heading deco\">Verantwortlich f\u00fcr die Seite<\/h2>\n\n\n\n<p class=\"ls-paragraph\"><strong>CAMPING DU VOUGOT<\/strong><br\/>1037 Route de Prat Ledan<br\/>Lieu-dit Le Vougot <br\/>29880 PLOUGUERNEAU<br\/>T\u00e9l. 07 63 52 55 44<br\/>email: contact[@]campingduvougot.com<br\/>S.A.S. au capital de 15 244,90 \u20ac<br\/>SIRET : 88162946300012<br\/>TVA Intracommunautaire : FR01497672626<br\/>Responsable de publication : Vincent &amp; Nolween Bideau<\/p>\n\n\n\n<h2 class=\"ls__heading wp-block-heading deco\">REALISIERUNG<\/h2>\n\n\n\n<p class=\"ls-paragraph\"><strong>GEEK TONIC<\/strong><br\/>Repr\u00e9sent\u00e9e par M. Yohan Darmayan en sa qualit\u00e9 de G\u00e9rant<br\/>Si\u00e8ge social : 50 AV. DU LAC MARION 64200 BIARRITZ<br\/>T\u00e9l : 05 32 74 11 52<br\/>E-mail : support@geek-tonic.com<br\/>Site web : <a href=\"https:\/\/www.geek-tonic.com\/\">www.geek-tonic.com<\/a><br\/>SIRET : 89746755100015<br\/>APE : 6201Z<\/p>\n\n\n\n<h2 class=\"ls__heading wp-block-heading deco\">URHEBERRECHTE UND COPYRIGHTS<\/h2>\n\n\n\n<p class=\"ls-paragraph\">Der gesamte Inhalt dieser Website unterliegt dem Urheberrecht sowie dem geistigen Eigentum der franz\u00f6sischen Gesetzgebung. Jegliche Vervielf\u00e4ltigung (einschlie\u00dflich Fotos, Icons und herunterladbarer Dokumente) ist ohne vorherige Zustimmung von GEEK TONIC untersagt. Die Vervielf\u00e4ltigung der gesamten oder eines Teils der Website auf einem elektronischen Datentr\u00e4ger in einem Papier- oder elektronischen Format ist untersagt. GEEK TONIC \u00fcbernimmt keine Verantwortung f\u00fcr den Inhalt auf der Website. GEEK TONIC \u00fcbernimmt auch keine Verantwortung f\u00fcr externe Links, die auf die vorliegende Seite verweisen.<\/p>\n\n\n\n<h2 class=\"ls__heading wp-block-heading deco\" id=\"m-t-6\">PERS\u00d6NLICHE DATEN UND NAMENTLICHE INFORMATIONEN<\/h2>\n\n\n\n<p class=\"ls-paragraph\">Sie haben ein Recht auf Zugang, \u00c4nderung, Berichtigung und L\u00f6schung der Sie betreffenden Daten gem\u00e4\u00df Artikel 34 des Gesetzes &#8222;Informatique et Libert\u00e9s&#8220; Nr. 78-17 vom 6. Januar 1978, ge\u00e4ndert am 6. August 2018. Um dieses Recht auf Zugang zu entfalten, k\u00f6nnen Sie dies durch eine einfache schriftliche Anfrage an den Herausgeber der Website tun.<\/p>\n\n\n\n<h2 class=\"ls__heading wp-block-heading deco\">LEGISLATION<\/h2>\n\n\n\n<p class=\"ls-paragraph\">Gem\u00e4\u00df dem Gesetz vom 11. M\u00e4rz 1957 (Art. 41) und dem Gesetz \u00fcber geistiges Eigentum vom 1. Juli 1992 ist es verboten, einen Teil der Website ohne vorherige Genehmigung des Herausgebers der Website teilweise oder vollst\u00e4ndig zu reproduzieren. Logos, Visualisierungen, Fotos, Videos, Grafikcharts und Texte sind Eigentum ihrer jeweiligen Besitzer. Diese Website kann ohne ihr Wissen durch Hyperlinks mit anderen Websites verbunden sein. Der Herausgeber der Website \u00fcbernimmt keine Verantwortung f\u00fcr die Informationen, die auf diesen anderen Websites dargestellt werden. Der Internetnutzer erkennt an, dass die Nutzung dieser Website dem franz\u00f6sischen Recht unterliegt.<\/p>\n\n\r\n    <\/div>\r\n<\/section>","protected":false},"excerpt":{"rendered":"","protected":false},"author":1,"featured_media":0,"parent":0,"menu_order":0,"comment_status":"closed","ping_status":"closed","template":"","meta":{"_acf_changed":false,"footnotes":""},"sujet":[],"class_list":["post-1906","page","type-page","status-publish","hentry"],"acf":[],"yoast_head":"<!-- This site is optimized with the Yoast SEO plugin v23.4 - https:\/\/yoast.com\/wordpress\/plugins\/seo\/ -->\n<title>Rechtliche Hinweise - Camping du Vougot<\/title>\n<meta name=\"robots\" content=\"noindex, nofollow\" \/>\n<meta property=\"og:locale\" content=\"de_DE\" \/>\n<meta property=\"og:type\" content=\"article\" \/>\n<meta property=\"og:title\" content=\"Rechtliche Hinweise - Camping du Vougot\" \/>\n<meta property=\"og:url\" content=\"https:\/\/www.campingduvougot.com\/de\/legale-erwahnungen\/\" \/>\n<meta property=\"og:site_name\" content=\"Camping du Vougot\" \/>\n<meta property=\"article:modified_time\" content=\"2024-12-19T15:38:41+00:00\" \/>\n<meta name=\"twitter:card\" content=\"summary_large_image\" \/>\n<meta name=\"twitter:label1\" content=\"Gesch\u00e4tzte Lesezeit\" \/>\n\t<meta name=\"twitter:data1\" content=\"2\u00a0Minuten\" \/>\n<script type=\"application\/ld+json\" class=\"yoast-schema-graph\">{\"@context\":\"https:\/\/schema.org\",\"@graph\":[{\"@type\":\"WebPage\",\"@id\":\"https:\/\/www.campingduvougot.com\/de\/legale-erwahnungen\/\",\"url\":\"https:\/\/www.campingduvougot.com\/de\/legale-erwahnungen\/\",\"name\":\"Rechtliche Hinweise - Camping du Vougot\",\"isPartOf\":{\"@id\":\"https:\/\/www.campingduvougot.com\/fr\/#website\"},\"datePublished\":\"2023-03-28T05:57:17+00:00\",\"dateModified\":\"2024-12-19T15:38:41+00:00\",\"breadcrumb\":{\"@id\":\"https:\/\/www.campingduvougot.com\/de\/legale-erwahnungen\/#breadcrumb\"},\"inLanguage\":\"de\",\"potentialAction\":[{\"@type\":\"ReadAction\",\"target\":[\"https:\/\/www.campingduvougot.com\/de\/legale-erwahnungen\/\"]}]},{\"@type\":\"BreadcrumbList\",\"@id\":\"https:\/\/www.campingduvougot.com\/de\/legale-erwahnungen\/#breadcrumb\",\"itemListElement\":[{\"@type\":\"ListItem\",\"position\":1,\"name\":\"Camping Plouguerneau\",\"item\":\"https:\/\/www.campingduvougot.com\/de\/\"},{\"@type\":\"ListItem\",\"position\":2,\"name\":\"Rechtliche Hinweise\"}]},{\"@type\":\"WebSite\",\"@id\":\"https:\/\/www.campingduvougot.com\/fr\/#website\",\"url\":\"https:\/\/www.campingduvougot.com\/fr\/\",\"name\":\"Camping du Vougot\",\"description\":\"\",\"publisher\":{\"@id\":\"https:\/\/www.campingduvougot.com\/fr\/#organization\"},\"potentialAction\":[{\"@type\":\"SearchAction\",\"target\":{\"@type\":\"EntryPoint\",\"urlTemplate\":\"https:\/\/www.campingduvougot.com\/fr\/?s={search_term_string}\"},\"query-input\":{\"@type\":\"PropertyValueSpecification\",\"valueRequired\":true,\"valueName\":\"search_term_string\"}}],\"inLanguage\":\"de\"},{\"@type\":\"Organization\",\"@id\":\"https:\/\/www.campingduvougot.com\/fr\/#organization\",\"name\":\"Camping du Vougot\",\"url\":\"https:\/\/www.campingduvougot.com\/fr\/\",\"logo\":{\"@type\":\"ImageObject\",\"inLanguage\":\"de\",\"@id\":\"https:\/\/www.campingduvougot.com\/fr\/#\/schema\/logo\/image\/\",\"url\":\"https:\/\/www.campingduvougot.com\/wp-content\/uploads\/2023\/02\/camping-du-vougot-logo-blanc-scaled.webp\",\"contentUrl\":\"https:\/\/www.campingduvougot.com\/wp-content\/uploads\/2023\/02\/camping-du-vougot-logo-blanc-scaled.webp\",\"width\":2560,\"height\":1565,\"caption\":\"Camping du Vougot\"},\"image\":{\"@id\":\"https:\/\/www.campingduvougot.com\/fr\/#\/schema\/logo\/image\/\"}}]}<\/script>\n<!-- \/ Yoast SEO plugin. -->","yoast_head_json":{"title":"Rechtliche Hinweise - Camping du Vougot","robots":{"index":"noindex","follow":"nofollow"},"og_locale":"de_DE","og_type":"article","og_title":"Rechtliche Hinweise - Camping du Vougot","og_url":"https:\/\/www.campingduvougot.com\/de\/legale-erwahnungen\/","og_site_name":"Camping du Vougot","article_modified_time":"2024-12-19T15:38:41+00:00","twitter_card":"summary_large_image","twitter_misc":{"Gesch\u00e4tzte Lesezeit":"2\u00a0Minuten"},"schema":{"@context":"https:\/\/schema.org","@graph":[{"@type":"WebPage","@id":"https:\/\/www.campingduvougot.com\/de\/legale-erwahnungen\/","url":"https:\/\/www.campingduvougot.com\/de\/legale-erwahnungen\/","name":"Rechtliche Hinweise - Camping du Vougot","isPartOf":{"@id":"https:\/\/www.campingduvougot.com\/fr\/#website"},"datePublished":"2023-03-28T05:57:17+00:00","dateModified":"2024-12-19T15:38:41+00:00","breadcrumb":{"@id":"https:\/\/www.campingduvougot.com\/de\/legale-erwahnungen\/#breadcrumb"},"inLanguage":"de","potentialAction":[{"@type":"ReadAction","target":["https:\/\/www.campingduvougot.com\/de\/legale-erwahnungen\/"]}]},{"@type":"BreadcrumbList","@id":"https:\/\/www.campingduvougot.com\/de\/legale-erwahnungen\/#breadcrumb","itemListElement":[{"@type":"ListItem","position":1,"name":"Camping Plouguerneau","item":"https:\/\/www.campingduvougot.com\/de\/"},{"@type":"ListItem","position":2,"name":"Rechtliche Hinweise"}]},{"@type":"WebSite","@id":"https:\/\/www.campingduvougot.com\/fr\/#website","url":"https:\/\/www.campingduvougot.com\/fr\/","name":"Camping du Vougot","description":"","publisher":{"@id":"https:\/\/www.campingduvougot.com\/fr\/#organization"},"potentialAction":[{"@type":"SearchAction","target":{"@type":"EntryPoint","urlTemplate":"https:\/\/www.campingduvougot.com\/fr\/?s={search_term_string}"},"query-input":{"@type":"PropertyValueSpecification","valueRequired":true,"valueName":"search_term_string"}}],"inLanguage":"de"},{"@type":"Organization","@id":"https:\/\/www.campingduvougot.com\/fr\/#organization","name":"Camping du Vougot","url":"https:\/\/www.campingduvougot.com\/fr\/","logo":{"@type":"ImageObject","inLanguage":"de","@id":"https:\/\/www.campingduvougot.com\/fr\/#\/schema\/logo\/image\/","url":"https:\/\/www.campingduvougot.com\/wp-content\/uploads\/2023\/02\/camping-du-vougot-logo-blanc-scaled.webp","contentUrl":"https:\/\/www.campingduvougot.com\/wp-content\/uploads\/2023\/02\/camping-du-vougot-logo-blanc-scaled.webp","width":2560,"height":1565,"caption":"Camping du Vougot"},"image":{"@id":"https:\/\/www.campingduvougot.com\/fr\/#\/schema\/logo\/image\/"}}]}},"_links":{"self":[{"href":"https:\/\/www.campingduvougot.com\/de\/wp-json\/wp\/v2\/pages\/1906","targetHints":{"allow":["GET"]}}],"collection":[{"href":"https:\/\/www.campingduvougot.com\/de\/wp-json\/wp\/v2\/pages"}],"about":[{"href":"https:\/\/www.campingduvougot.com\/de\/wp-json\/wp\/v2\/types\/page"}],"author":[{"embeddable":true,"href":"https:\/\/www.campingduvougot.com\/de\/wp-json\/wp\/v2\/users\/1"}],"replies":[{"embeddable":true,"href":"https:\/\/www.campingduvougot.com\/de\/wp-json\/wp\/v2\/comments?post=1906"}],"version-history":[{"count":3,"href":"https:\/\/www.campingduvougot.com\/de\/wp-json\/wp\/v2\/pages\/1906\/revisions"}],"predecessor-version":[{"id":2630,"href":"https:\/\/www.campingduvougot.com\/de\/wp-json\/wp\/v2\/pages\/1906\/revisions\/2630"}],"wp:attachment":[{"href":"https:\/\/www.campingduvougot.com\/de\/wp-json\/wp\/v2\/media?parent=1906"}],"wp:term":[{"taxonomy":"sujet","embeddable":true,"href":"https:\/\/www.campingduvougot.com\/de\/wp-json\/wp\/v2\/sujet?post=1906"}],"curies":[{"name":"wp","href":"https:\/\/api.w.org\/{rel}","templated":true}]}}