{"id":1900,"date":"2023-03-27T19:40:55","date_gmt":"2023-03-27T17:40:55","guid":{"rendered":"https:\/\/www.campingduvougot.com\/vermietung-insolite-plouguerneau\/"},"modified":"2023-03-28T11:35:15","modified_gmt":"2023-03-28T09:35:15","slug":"vermietung-insolite-plouguerneau","status":"publish","type":"page","link":"https:\/\/www.campingduvougot.com\/de\/vermietung-insolite-plouguerneau\/","title":{"rendered":"Atypische Unterk\u00fcnfte"},"content":{"rendered":"<section id=\"ls-section-block_56c162d5e3eb0872573fdbf39e3b24de\" class=\"ls-section  page-chapeau has-p-b p-b-0\" >\r\n        <div class=\"container \">\r\n        \n\n<h1 class=\"ls__heading has-text-align-center vague wp-block-heading\">Atypischer Aufenthalt <br\/>in Plouguerneau<\/h1>\n\n\r\n    <\/div>\r\n<\/section><section id=\"ls-section-block_e02f6fa48430def8d59a300d311a5ac6\" class=\"ls-section  page-hebergement\" >\r\n        <div class=\"container container--wide\">\r\n        \n\n<div id=\"ls-hebergements-block_0e1ab290979746b12555eddf46f53d4a\" class=\"ls-hebergements\" >\n    \n    <div class=\"ls-customizer\">\n\n    <div class=\"ls-customizer__filters\">\n        <div class=\"ls-customizer__filters__close\">\n            <i class=\"fas fa-times\"><\/i>\n        <\/div>\n\n        <div class=\"ls-customizer__filters__title\">\n            <b>Filtres<\/b>\n            <span class=\"ls-customizer__filters__clear\"><i class=\"fas fa-times\"><\/i> Effacer les filtres<\/span>\n        <\/div>\n\n        <!-- Filtre gammes -->\n        <div class=\"filter\" id=\"filter-type\">\n            <div class=\"filter__title\">Gammes d&#8217;h\u00e9bergement<i class=\"fas fa-angle-down\"><\/i><\/div>\n            <fieldset data-filter=\"type\" class=\"input\" data-operator=\"*=\">\n\n                <div><input id=\"checkbox-type-all\" type=\"radio\" name=\"type\" class=\"checkbox\"><label for='checkbox-type-all'>Tous<\/label><\/div><div><input id=\"checkbox-type-5-insolites\" type=\"radio\" name=\"type\" value=\"5-insolites\" class=\"checkbox\"><label for='checkbox-type-5-insolites'>5 &#8211; Insolites<\/label><\/div>            <\/fieldset>\n            <input type=\"hidden\" name=\"types_to_show\" id=\"types_to_show\" value='[23]'>\n        <\/div>\n\n        <!-- Filtres ACF fields -->\n        \n                                <!-- Filtre nombre_de_personnes -->\n                        <div class=\"filter\" id=\"filter-nombre_de_personnes\">\n                <div class=\"filter__title\">Capacit\u00e9 maximale<i class=\"fas fa-angle-down\"><\/i><\/div>\n                <fieldset data-filter=\"nombre_de_personnes\" data-operator=\"<=\" class=\"input\">\n                    \n                    <div><input type=\"radio\" name=\"nombre_de_personnes\" id=\"nombre_de_personnes-all\"  class=\"checkbox\" \/><label for='nombre_de_personnes-all'>Tous<\/label><\/div><div><input type=\"radio\" name=\"nombre_de_personnes\" id=\"nombre_de_personnes-2\" value=\"2\" class=\"checkbox\"  \/><label for='nombre_de_personnes-2'>Jusqu&#8217;\u00e0 2 pers.<\/label><\/div><div><input type=\"radio\" name=\"nombre_de_personnes\" id=\"nombre_de_personnes-4\" value=\"4\" class=\"checkbox\"  \/><label for='nombre_de_personnes-4'>Jusqu&#8217;\u00e0 4 pers.<\/label><\/div><div><input type=\"radio\" name=\"nombre_de_personnes\" id=\"nombre_de_personnes-6\" value=\"6\" class=\"checkbox\"  \/><label for='nombre_de_personnes-6'>Jusqu&#8217;\u00e0 6 pers.<\/label><\/div>                <\/fieldset>\n            <\/div>\n                                <!-- Filtre options-hebergements -->\n                        <div class=\"filter\" id=\"filter-options-hebergements\">\n                <div class=\"filter__title\">Terrasse<i class=\"fas fa-angle-down\"><\/i><\/div>\n                <fieldset data-filter=\"options-hebergements\" data-operator=\"==\" class=\"input\">\n                    \n                    <div><input type=\"checkbox\" name=\"options-hebergements\" id=\"options-hebergements-all\"  class=\"checkbox\" \/><label for='options-hebergements-all'>Tous<\/label><\/div><div><input type=\"checkbox\" name=\"options-hebergements\" id=\"options-hebergements-terrasse-couverte-ou-semi-couverte\" value=\"terrasse-couverte-ou-semi-couverte\" class=\"checkbox\"  \/><label for='options-hebergements-terrasse-couverte-ou-semi-couverte'>Terrasse couverte ou semi-couverte<\/label><\/div><div><input type=\"checkbox\" name=\"options-hebergements\" id=\"options-hebergements-terrasse-non-couverte\" value=\"terrasse-non-couverte\" class=\"checkbox\"  \/><label for='options-hebergements-terrasse-non-couverte'>Terrasse non couverte<\/label><\/div>                <\/fieldset>\n            <\/div>\n        \n        <div id=\"validate-filters\" class=\"ls-button\">Valider la s\u00e9lection<\/div>\n\n        \n    <\/div>\n\n\n<\/div><div class=\"ls-hebergements__results\" data-row=\"3\" data-campings=\"false\" data-types=\"[23]\"><div class=\"ls-hebergement\" data-postid='1235' data-id-reservation='66558' data-id-site='' data-id1='' data-nombre_de_personnes='2' data-nombre_de_chambres='' data-last-update='' data-type='5-insolites'>\n\t<div class=\"ls-hebergement__thumb\">\n\t\t<img decoding=\"async\" width=\"564\" height=\"423\" src=\"https:\/\/www.campingduvougot.com\/wp-content\/uploads\/2023\/03\/cabane.jpg\" class=\"attachment-full size-full wp-post-image\" alt=\"cabane\" srcset=\"https:\/\/www.campingduvougot.com\/wp-content\/uploads\/2023\/03\/cabane.jpg 564w, https:\/\/www.campingduvougot.com\/wp-content\/uploads\/2023\/03\/cabane-300x225.jpg 300w\" sizes=\"(max-width: 564px) 100vw, 564px\" \/>\t<\/div>\n\t<div class=\"ls-hebergement__content\">\n\t\t<div class=\"ls-hebergement__title\">\n\t\t\tCabane\t\t<\/div>\n\n\t\t<div class=\"ls-hebergement__subtitle\">5-insolites-<\/div>\n\t\t<div class=\"ls-hebergement__details\">\n\n\t\t<div class=\"ls-hebergement__infos\">\n\t\t\t\t\t\t\t\t\t<span class=\"ls-hebergement__detail\">\n\t\t\t\t\t\t12m\u00b2\n\t\t\t\t\t<\/span>\n\t\t\t\t\t\t\t<\/div>\n\n\t\t\t<div class=\"ls-hebergement__icons\">\n\t\t\t\t\t\t\t\t<span class=\"ls-hebergement__icon\">\n\t\t\t\t\t<i class=\"vougot-famille\"><\/i>\n\t\t\t\t\t2\t\t\t\t<\/span>\n\t\t\t\t\n\t\t\t\t\n\t\t\t\t\n\t\t\t\t\n\t\t\t\t\t\t\t\n\t\t\t<\/div>\n\t\t<\/div>\n\t<\/div>\n<\/div><div class=\"ls-hebergement\" data-postid='1234' data-id-reservation='49320' data-id-site='' data-id1='' data-nombre_de_personnes='4' data-nombre_de_chambres='2' data-last-update='' data-type='5-insolites'>\n\t<div class=\"ls-hebergement__thumb\">\n\t\t<img decoding=\"async\" width=\"564\" height=\"423\" src=\"https:\/\/www.campingduvougot.com\/wp-content\/uploads\/2023\/03\/tente-lodge.jpg\" class=\"attachment-full size-full wp-post-image\" alt=\"tente lodge\" srcset=\"https:\/\/www.campingduvougot.com\/wp-content\/uploads\/2023\/03\/tente-lodge.jpg 564w, https:\/\/www.campingduvougot.com\/wp-content\/uploads\/2023\/03\/tente-lodge-300x225.jpg 300w\" sizes=\"(max-width: 564px) 100vw, 564px\" \/>\t<\/div>\n\t<div class=\"ls-hebergement__content\">\n\t\t<div class=\"ls-hebergement__title\">\n\t\t\tTente Lodge\t\t<\/div>\n\n\t\t<div class=\"ls-hebergement__subtitle\">5-insolites-<\/div>\n\t\t<div class=\"ls-hebergement__details\">\n\n\t\t<div class=\"ls-hebergement__infos\">\n\t\t\t\t\t\t\t\t\t<span class=\"ls-hebergement__detail\">\n\t\t\t\t\t\t20m\u00b2\n\t\t\t\t\t<\/span>\n\t\t\t\t\t\t\t<\/div>\n\n\t\t\t<div class=\"ls-hebergement__icons\">\n\t\t\t\t\t\t\t\t<span class=\"ls-hebergement__icon\">\n\t\t\t\t\t<i class=\"vougot-famille\"><\/i>\n\t\t\t\t\t4\t\t\t\t<\/span>\n\t\t\t\t\n\t\t\t\t\n\t\t\t\t\t\t\t\t<span class=\"ls-hebergement__icon chambres\">\n\t\t\t\t\t<i class=\"vougot-bed\"><\/i>\n\t\t\t\t\t\t\t\t\t\t\t2 ch.\t\t\t\t\t\t\t\t\t<\/span>\n\t\t\t\t\n\t\t\t\t\n\t\t\t\t\t\t\t\n\t\t\t<\/div>\n\t\t<\/div>\n\t<\/div>\n<\/div><div class=\"ls-hebergement\" data-postid='1233' data-id-reservation='84372' data-id-site='' data-id1='' data-nombre_de_personnes='4' data-nombre_de_chambres='2' data-last-update='' data-type='5-insolites'>\n\t<div class=\"ls-hebergement__thumb\">\n\t\t<img decoding=\"async\" width=\"564\" height=\"423\" src=\"https:\/\/www.campingduvougot.com\/wp-content\/uploads\/2023\/03\/tithome.jpg\" class=\"attachment-full size-full wp-post-image\" alt=\"tithome\" srcset=\"https:\/\/www.campingduvougot.com\/wp-content\/uploads\/2023\/03\/tithome.jpg 564w, https:\/\/www.campingduvougot.com\/wp-content\/uploads\/2023\/03\/tithome-300x225.jpg 300w\" sizes=\"(max-width: 564px) 100vw, 564px\" \/>\t<\/div>\n\t<div class=\"ls-hebergement__content\">\n\t\t<div class=\"ls-hebergement__title\">\n\t\t\tTithome\t\t<\/div>\n\n\t\t<div class=\"ls-hebergement__subtitle\">5-insolites-<\/div>\n\t\t<div class=\"ls-hebergement__details\">\n\n\t\t<div class=\"ls-hebergement__infos\">\n\t\t\t\t\t\t\t\t\t<span class=\"ls-hebergement__detail\">\n\t\t\t\t\t\t20m\u00b2\n\t\t\t\t\t<\/span>\n\t\t\t\t\t\t\t<\/div>\n\n\t\t\t<div class=\"ls-hebergement__icons\">\n\t\t\t\t\t\t\t\t<span class=\"ls-hebergement__icon\">\n\t\t\t\t\t<i class=\"vougot-famille\"><\/i>\n\t\t\t\t\t4\t\t\t\t<\/span>\n\t\t\t\t\n\t\t\t\t\n\t\t\t\t\t\t\t\t<span class=\"ls-hebergement__icon chambres\">\n\t\t\t\t\t<i class=\"vougot-bed\"><\/i>\n\t\t\t\t\t\t\t\t\t\t\t2 ch.\t\t\t\t\t\t\t\t\t<\/span>\n\t\t\t\t\n\t\t\t\t\t\t\t\t<span class=\"ls-hebergement__icon wc\">\n\t\t\t\t\t<i class=\"vougot-wc\"><\/i>\n\t\t\t\t<\/span>\n\t\t\t\t\n\t\t\t\t\t\t\t\n\t\t\t<\/div>\n\t\t<\/div>\n\t<\/div>\n<\/div><\/div><\/div>\n\r\n    <\/div>\r\n<\/section><section id=\"ls-section-block_00dd17388eab868259fcebc4f9af8e9d\" class=\"ls-section \" >\r\n        <div class=\"container container--wide\">\r\n        \n\n<div class=\"wp-block-columns is-layout-flex wp-container-core-columns-is-layout-9d6595d7 wp-block-columns-is-layout-flex\">\n<div class=\"wp-block-column is-vertically-aligned-center is-layout-flow wp-block-column-is-layout-flow\">\n<h2 class=\"ls__heading deco wp-block-heading\">Unsere atypischen Unterk\u00fcnfte zum Mieten im Finist\u00e8re<\/h2>\n\n\n\n<p class=\"ls-paragraph\">Lust auf einen etwas anderen Urlaub im Finist\u00e8re Nord in Plouguerneau? Der Campingplatz Le Vougot bietet Ihnen eine <strong>Alternative zu Mobilheimen<\/strong>, indem Sie von unseren atypischen Unterk\u00fcnften profitieren.<\/p>\n\n\n\n<p class=\"ls-paragraph\">Z\u00f6gern Sie nicht, uns f\u00fcr weitere Informationen zu kontaktieren ! <\/p>\n\n\n\n<h2 class=\"ls__heading deco wp-block-heading\">Unsere Palette an ungew\u00f6hnlichen Unterk\u00fcnften in Plouguerneau<\/h2>\n\n\n\n<h3 class=\"ls-heading wp-block-heading\">Der Tithom<\/h3>\n\n\n\n<p class=\"ls-paragraph\">Es handelt sich dabei um eine Alternative zum traditionellen Mobilheim. Der Schlafbereich \u00e4hnelt einem Mobilheim mit 2 Schlafzimmern, davon 1 Elternschlafzimmer mit einem Doppelbett und 1 Schlafzimmer mit 2 Einzelstockbetten.<\/p>\n\n\n\n<p class=\"ls-paragraph\">Der Wohnbereich ist aus Holz mit Kochgelegenheiten.<\/p>\n\n\n\n<p class=\"ls-paragraph\">Achtung: In dieser Unterkunft gibt es weder ein <strong>Badezimmer noch eine Wasserstelle<\/strong>! Sie haben jedoch eine Toilette in dieser Unterkunft.<\/p>\n<\/div>\n\n\n\n<div class=\"wp-block-column is-vertically-aligned-center is-layout-flow wp-block-column-is-layout-flow\">\n<h3 class=\"ls-heading wp-block-heading\">Das Lodge-Zelt auf Stelzen<\/h3>\n\n\n\n<p class=\"ls-paragraph\">Es handelt <strong>sich um eine Unterkunft auf Stelzen mit einer Holzstruktur und einer Abdeckung aus Stoff<\/strong>, die Ihnen 2 Schlafzimmer bietet, d. h. ein Elternschlafzimmer mit einem Doppelbett und ein zweites Schlafzimmer mit 2 Einzelbetten. Der Wohnbereich erm\u00f6glicht es Ihnen, zu essen und zu kochen. Diese Unterkunft verf\u00fcgt <strong>weder \u00fcber ein Bad noch \u00fcber eine Toilette<\/strong>, Sie m\u00fcssen in die Gemeinschaftssanit\u00e4ranlagen gehen.<\/p>\n\n\n\n<h3 class=\"ls-heading wp-block-heading\">Die H\u00fctte<\/h3>\n\n\n\n<p class=\"ls-paragraph\">Diese <strong>Glamping-Unterkunft<\/strong> ist w\u00e4hrend der gesamten Saison f\u00fcr eine \u00dcbernachtung verf\u00fcgbar !<\/p>\n\n\n\n<p class=\"ls-paragraph\">Es bietet Ihnen ein Einzelzimmer mit einem Doppelbett und einen Wohnbereich mit einem Tisch und 2 St\u00fchlen sowie Geschirr f\u00fcr 2 Personen. In der Mikrowelle k\u00f6nnen Sie Ihr Essen aufw\u00e4rmen und auf Ihrer Terrasse genie\u00dfen.<\/p>\n\n\n\n<p class=\"ls-paragraph\"><strong>Es gibt kein Bad oder WC<\/strong>, also m\u00fcssen Sie die Gemeinschaftstoiletten benutzen!<\/p>\n\n\n\n<h2 class=\"ls__heading deco wp-block-heading\">Atypische Ferien im Finist\u00e8re<\/h2>\n\n\n\n<p class=\"ls-paragraph\">Der <a href=\"https:\/\/www.campingduvougot.com\/de\/\">Campingplatz Le Vougot in Plouguerneau<\/a> setzt alles daran, dass Sie einen unvergesslichen Urlaub im Nord Finist\u00e8re verbringen. Liebhaber von Gr\u00fcnfl\u00e4chen, die einen &#8222;anderen&#8220; Urlaub suchen, k\u00f6nnen eine unserer atypischen Unterk\u00fcnfte w\u00e4hlen, mit der Wahl zwischen dem Tithome, dem <strong>Lodge-Zelt auf Stelzen<\/strong> oder der H\u00fctte. Wir vermieten auch <a href=\"https:\/\/www.campingduvougot.com\/de\/vermietung-mobilheim-plouguerneau\/\">Mobilheime<\/a> sowie Stellpl\u00e4tze f\u00fcr <a href=\"https:\/\/www.campingduvougot.com\/de\/vermietung-platz-plouguerneau\/\">Zelte oder Wohnwagen<\/a>.<\/p>\n<\/div>\n<\/div>\n\n\r\n    <\/div>\r\n<\/section><section id=\"ls-section-block_00dd17388eab868259fcebc4f9af8e9d\" class=\"ls-section \" >\r\n        <div class=\"container container--wide\">\r\n        \n\n<div id=\"ls-heading ls-titre-div-block_8cdc9c6f808ed025905a7f3358c8b631\" class=\"ls-titre-div deco aligncenter h2-like\" >\n    Entdecken Sie unsere Unterk\u00fcnfte und unsere Preise!<\/div>\n\n\n<div id=\"ls-maillage-block_996470b9c13cd79ecca4d8b9db89cae8\" class=\"ls-maillage cta-style-normal\" data-rows=\"3\">\n    <div class=\"wp-block-columns\"><div class=\"wp-block-column\">\n\n<a href=\"https:\/\/www.campingduvougot.com\/de\/vermietung-platz-plouguerneau\/\" target=\"\" rel=\"noopener\" class=\"ls-cta__link\">\n\n\t<div class=\"ls-cta__image\"><img decoding=\"async\" src=\"https:\/\/www.campingduvougot.com\/wp-content\/uploads\/2023\/02\/emplacement-finistere-e1685460187653.jpg\" alt=\"standort finistere\"><\/div>\n\t<div class=\"ls-cta__title\">\n\t\tStandorte\t<\/div>\n\n\t\t\n<\/a><\/div><div class=\"wp-block-column\">\n\n<a href=\"https:\/\/www.campingduvougot.com\/de\/vermietung-mobilheim-plouguerneau\/\" target=\"\" rel=\"noopener\" class=\"ls-cta__link\">\n\n\t<div class=\"ls-cta__image\"><img decoding=\"async\" src=\"https:\/\/www.campingduvougot.com\/wp-content\/uploads\/2023\/02\/location-mobil-home.jpg\" alt=\"Vermietung von Mobilheimen\"><\/div>\n\t<div class=\"ls-cta__title\">\n\t\tMobilheime\t<\/div>\n\n\t\t\n<\/a><\/div><div class=\"wp-block-column\">\n\n<a href=\"https:\/\/www.campingduvougot.com\/de\/camping-nicht-scheiss-plouguerneau\/\" target=\"\" rel=\"noopener\" class=\"ls-cta__link\">\n\n\t<div class=\"ls-cta__image\"><img decoding=\"async\" src=\"https:\/\/www.campingduvougot.com\/wp-content\/uploads\/2023\/03\/Sans-titre-12.jpg\" alt=\"camping du vougot zum kleinen preis\"><\/div>\n\t<div class=\"ls-cta__title\">\n\t\tTarife\t<\/div>\n\n\t\t\n<\/a><\/div><\/div><\/div>\n\r\n    <\/div>\r\n<\/section>","protected":false},"excerpt":{"rendered":"","protected":false},"author":1,"featured_media":1770,"parent":0,"menu_order":0,"comment_status":"closed","ping_status":"closed","template":"template-hebergements.php","meta":{"_acf_changed":false,"footnotes":""},"sujet":[],"class_list":["post-1900","page","type-page","status-publish","has-post-thumbnail","hentry"],"acf":[],"yoast_head":"<!-- This site is optimized with the Yoast SEO plugin v23.4 - https:\/\/yoast.com\/wordpress\/plugins\/seo\/ -->\n<title>Glamping im Finist\u00e8re | Atypische Unterkunft Plouguerneau mieten<\/title>\n<meta name=\"robots\" content=\"index, follow, max-snippet:-1, max-image-preview:large, max-video-preview:-1\" \/>\n<link rel=\"canonical\" href=\"https:\/\/www.campingduvougot.com\/de\/vermietung-insolite-plouguerneau\/\" \/>\n<meta property=\"og:locale\" content=\"de_DE\" \/>\n<meta property=\"og:type\" content=\"article\" \/>\n<meta property=\"og:title\" content=\"Glamping im Finist\u00e8re | Atypische Unterkunft Plouguerneau mieten\" \/>\n<meta property=\"og:url\" content=\"https:\/\/www.campingduvougot.com\/de\/vermietung-insolite-plouguerneau\/\" \/>\n<meta property=\"og:site_name\" content=\"Camping du Vougot\" \/>\n<meta property=\"article:modified_time\" content=\"2023-03-28T09:35:15+00:00\" \/>\n<meta property=\"og:image\" content=\"https:\/\/www.campingduvougot.com\/wp-content\/uploads\/2023\/03\/camping-du-vougot-dans-le-finistere-1-scaled.webp\" \/>\n\t<meta property=\"og:image:width\" content=\"2560\" \/>\n\t<meta property=\"og:image:height\" content=\"427\" \/>\n\t<meta property=\"og:image:type\" content=\"image\/webp\" \/>\n<meta name=\"twitter:card\" content=\"summary_large_image\" \/>\n<meta name=\"twitter:label1\" content=\"Gesch\u00e4tzte Lesezeit\" \/>\n\t<meta name=\"twitter:data1\" content=\"2\u00a0Minuten\" \/>\n<script type=\"application\/ld+json\" class=\"yoast-schema-graph\">{\"@context\":\"https:\/\/schema.org\",\"@graph\":[{\"@type\":\"WebPage\",\"@id\":\"https:\/\/www.campingduvougot.com\/de\/vermietung-insolite-plouguerneau\/\",\"url\":\"https:\/\/www.campingduvougot.com\/de\/vermietung-insolite-plouguerneau\/\",\"name\":\"Glamping im Finist\u00e8re | Atypische Unterkunft Plouguerneau mieten\",\"isPartOf\":{\"@id\":\"https:\/\/www.campingduvougot.com\/fr\/#website\"},\"primaryImageOfPage\":{\"@id\":\"https:\/\/www.campingduvougot.com\/de\/vermietung-insolite-plouguerneau\/#primaryimage\"},\"image\":{\"@id\":\"https:\/\/www.campingduvougot.com\/de\/vermietung-insolite-plouguerneau\/#primaryimage\"},\"thumbnailUrl\":\"https:\/\/www.campingduvougot.com\/wp-content\/uploads\/2023\/03\/camping-du-vougot-dans-le-finistere-1-scaled.webp\",\"datePublished\":\"2023-03-27T17:40:55+00:00\",\"dateModified\":\"2023-03-28T09:35:15+00:00\",\"breadcrumb\":{\"@id\":\"https:\/\/www.campingduvougot.com\/de\/vermietung-insolite-plouguerneau\/#breadcrumb\"},\"inLanguage\":\"de\",\"potentialAction\":[{\"@type\":\"ReadAction\",\"target\":[\"https:\/\/www.campingduvougot.com\/de\/vermietung-insolite-plouguerneau\/\"]}]},{\"@type\":\"ImageObject\",\"inLanguage\":\"de\",\"@id\":\"https:\/\/www.campingduvougot.com\/de\/vermietung-insolite-plouguerneau\/#primaryimage\",\"url\":\"https:\/\/www.campingduvougot.com\/wp-content\/uploads\/2023\/03\/camping-du-vougot-dans-le-finistere-1-scaled.webp\",\"contentUrl\":\"https:\/\/www.campingduvougot.com\/wp-content\/uploads\/2023\/03\/camping-du-vougot-dans-le-finistere-1-scaled.webp\",\"width\":2560,\"height\":427,\"caption\":\"vermietung mobilheim finistere s\u00fcd\"},{\"@type\":\"BreadcrumbList\",\"@id\":\"https:\/\/www.campingduvougot.com\/de\/vermietung-insolite-plouguerneau\/#breadcrumb\",\"itemListElement\":[{\"@type\":\"ListItem\",\"position\":1,\"name\":\"Camping Plouguerneau\",\"item\":\"https:\/\/www.campingduvougot.com\/de\/\"},{\"@type\":\"ListItem\",\"position\":2,\"name\":\"Glamping in Finist\u00e8re\"}]},{\"@type\":\"WebSite\",\"@id\":\"https:\/\/www.campingduvougot.com\/fr\/#website\",\"url\":\"https:\/\/www.campingduvougot.com\/fr\/\",\"name\":\"Camping du Vougot\",\"description\":\"\",\"publisher\":{\"@id\":\"https:\/\/www.campingduvougot.com\/fr\/#organization\"},\"potentialAction\":[{\"@type\":\"SearchAction\",\"target\":{\"@type\":\"EntryPoint\",\"urlTemplate\":\"https:\/\/www.campingduvougot.com\/fr\/?s={search_term_string}\"},\"query-input\":{\"@type\":\"PropertyValueSpecification\",\"valueRequired\":true,\"valueName\":\"search_term_string\"}}],\"inLanguage\":\"de\"},{\"@type\":\"Organization\",\"@id\":\"https:\/\/www.campingduvougot.com\/fr\/#organization\",\"name\":\"Camping du Vougot\",\"url\":\"https:\/\/www.campingduvougot.com\/fr\/\",\"logo\":{\"@type\":\"ImageObject\",\"inLanguage\":\"de\",\"@id\":\"https:\/\/www.campingduvougot.com\/fr\/#\/schema\/logo\/image\/\",\"url\":\"https:\/\/www.campingduvougot.com\/wp-content\/uploads\/2023\/02\/camping-du-vougot-logo-blanc-scaled.webp\",\"contentUrl\":\"https:\/\/www.campingduvougot.com\/wp-content\/uploads\/2023\/02\/camping-du-vougot-logo-blanc-scaled.webp\",\"width\":2560,\"height\":1565,\"caption\":\"Camping du Vougot\"},\"image\":{\"@id\":\"https:\/\/www.campingduvougot.com\/fr\/#\/schema\/logo\/image\/\"}}]}<\/script>\n<!-- \/ Yoast SEO plugin. -->","yoast_head_json":{"title":"Glamping im Finist\u00e8re | Atypische Unterkunft Plouguerneau mieten","robots":{"index":"index","follow":"follow","max-snippet":"max-snippet:-1","max-image-preview":"max-image-preview:large","max-video-preview":"max-video-preview:-1"},"canonical":"https:\/\/www.campingduvougot.com\/de\/vermietung-insolite-plouguerneau\/","og_locale":"de_DE","og_type":"article","og_title":"Glamping im Finist\u00e8re | Atypische Unterkunft Plouguerneau mieten","og_url":"https:\/\/www.campingduvougot.com\/de\/vermietung-insolite-plouguerneau\/","og_site_name":"Camping du Vougot","article_modified_time":"2023-03-28T09:35:15+00:00","og_image":[{"width":2560,"height":427,"url":"https:\/\/www.campingduvougot.com\/wp-content\/uploads\/2023\/03\/camping-du-vougot-dans-le-finistere-1-scaled.webp","type":"image\/webp"}],"twitter_card":"summary_large_image","twitter_misc":{"Gesch\u00e4tzte Lesezeit":"2\u00a0Minuten"},"schema":{"@context":"https:\/\/schema.org","@graph":[{"@type":"WebPage","@id":"https:\/\/www.campingduvougot.com\/de\/vermietung-insolite-plouguerneau\/","url":"https:\/\/www.campingduvougot.com\/de\/vermietung-insolite-plouguerneau\/","name":"Glamping im Finist\u00e8re | Atypische Unterkunft Plouguerneau mieten","isPartOf":{"@id":"https:\/\/www.campingduvougot.com\/fr\/#website"},"primaryImageOfPage":{"@id":"https:\/\/www.campingduvougot.com\/de\/vermietung-insolite-plouguerneau\/#primaryimage"},"image":{"@id":"https:\/\/www.campingduvougot.com\/de\/vermietung-insolite-plouguerneau\/#primaryimage"},"thumbnailUrl":"https:\/\/www.campingduvougot.com\/wp-content\/uploads\/2023\/03\/camping-du-vougot-dans-le-finistere-1-scaled.webp","datePublished":"2023-03-27T17:40:55+00:00","dateModified":"2023-03-28T09:35:15+00:00","breadcrumb":{"@id":"https:\/\/www.campingduvougot.com\/de\/vermietung-insolite-plouguerneau\/#breadcrumb"},"inLanguage":"de","potentialAction":[{"@type":"ReadAction","target":["https:\/\/www.campingduvougot.com\/de\/vermietung-insolite-plouguerneau\/"]}]},{"@type":"ImageObject","inLanguage":"de","@id":"https:\/\/www.campingduvougot.com\/de\/vermietung-insolite-plouguerneau\/#primaryimage","url":"https:\/\/www.campingduvougot.com\/wp-content\/uploads\/2023\/03\/camping-du-vougot-dans-le-finistere-1-scaled.webp","contentUrl":"https:\/\/www.campingduvougot.com\/wp-content\/uploads\/2023\/03\/camping-du-vougot-dans-le-finistere-1-scaled.webp","width":2560,"height":427,"caption":"vermietung mobilheim finistere s\u00fcd"},{"@type":"BreadcrumbList","@id":"https:\/\/www.campingduvougot.com\/de\/vermietung-insolite-plouguerneau\/#breadcrumb","itemListElement":[{"@type":"ListItem","position":1,"name":"Camping Plouguerneau","item":"https:\/\/www.campingduvougot.com\/de\/"},{"@type":"ListItem","position":2,"name":"Glamping in Finist\u00e8re"}]},{"@type":"WebSite","@id":"https:\/\/www.campingduvougot.com\/fr\/#website","url":"https:\/\/www.campingduvougot.com\/fr\/","name":"Camping du Vougot","description":"","publisher":{"@id":"https:\/\/www.campingduvougot.com\/fr\/#organization"},"potentialAction":[{"@type":"SearchAction","target":{"@type":"EntryPoint","urlTemplate":"https:\/\/www.campingduvougot.com\/fr\/?s={search_term_string}"},"query-input":{"@type":"PropertyValueSpecification","valueRequired":true,"valueName":"search_term_string"}}],"inLanguage":"de"},{"@type":"Organization","@id":"https:\/\/www.campingduvougot.com\/fr\/#organization","name":"Camping du Vougot","url":"https:\/\/www.campingduvougot.com\/fr\/","logo":{"@type":"ImageObject","inLanguage":"de","@id":"https:\/\/www.campingduvougot.com\/fr\/#\/schema\/logo\/image\/","url":"https:\/\/www.campingduvougot.com\/wp-content\/uploads\/2023\/02\/camping-du-vougot-logo-blanc-scaled.webp","contentUrl":"https:\/\/www.campingduvougot.com\/wp-content\/uploads\/2023\/02\/camping-du-vougot-logo-blanc-scaled.webp","width":2560,"height":1565,"caption":"Camping du Vougot"},"image":{"@id":"https:\/\/www.campingduvougot.com\/fr\/#\/schema\/logo\/image\/"}}]}},"_links":{"self":[{"href":"https:\/\/www.campingduvougot.com\/de\/wp-json\/wp\/v2\/pages\/1900","targetHints":{"allow":["GET"]}}],"collection":[{"href":"https:\/\/www.campingduvougot.com\/de\/wp-json\/wp\/v2\/pages"}],"about":[{"href":"https:\/\/www.campingduvougot.com\/de\/wp-json\/wp\/v2\/types\/page"}],"author":[{"embeddable":true,"href":"https:\/\/www.campingduvougot.com\/de\/wp-json\/wp\/v2\/users\/1"}],"replies":[{"embeddable":true,"href":"https:\/\/www.campingduvougot.com\/de\/wp-json\/wp\/v2\/comments?post=1900"}],"version-history":[{"count":2,"href":"https:\/\/www.campingduvougot.com\/de\/wp-json\/wp\/v2\/pages\/1900\/revisions"}],"predecessor-version":[{"id":2002,"href":"https:\/\/www.campingduvougot.com\/de\/wp-json\/wp\/v2\/pages\/1900\/revisions\/2002"}],"wp:featuredmedia":[{"embeddable":true,"href":"https:\/\/www.campingduvougot.com\/de\/wp-json\/wp\/v2\/media\/1770"}],"wp:attachment":[{"href":"https:\/\/www.campingduvougot.com\/de\/wp-json\/wp\/v2\/media?parent=1900"}],"wp:term":[{"taxonomy":"sujet","embeddable":true,"href":"https:\/\/www.campingduvougot.com\/de\/wp-json\/wp\/v2\/sujet?post=1900"}],"curies":[{"name":"wp","href":"https:\/\/api.w.org\/{rel}","templated":true}]}}