{"id":1881,"date":"2023-03-27T15:00:50","date_gmt":"2023-03-27T13:00:50","guid":{"rendered":"https:\/\/www.campingduvougot.com\/vermietung-platz-plouguerneau\/"},"modified":"2023-03-30T10:13:28","modified_gmt":"2023-03-30T08:13:28","slug":"vermietung-platz-plouguerneau","status":"publish","type":"page","link":"https:\/\/www.campingduvougot.com\/de\/vermietung-platz-plouguerneau\/","title":{"rendered":"Standorte"},"content":{"rendered":"<section id=\"ls-section-block_1e7389dc2a61c76236e73291e4260418\" class=\"ls-section  page-chapeau has-p-b p-b-0\" >\r\n        <div class=\"container \">\r\n        \n\n<h1 class=\"ls__heading wp-block-heading has-text-align-center vague\">Camping Caravaning im Finist\u00e8re<\/h1>\n\n\r\n    <\/div>\r\n<\/section><section id=\"ls-section-block_63b8c24737e6d95ec48dd8341c0c18d5\" class=\"ls-section  page-hebergement\" >\r\n        <div class=\"container \">\r\n        \n\n<script>\n    window.ctoutvert = {\n\t\tid: 5079, \n\t\tlang: 'auto', \n\t\turl: 'https:\/\/bookingpremium.secureholiday.net\/widgets\/'\n    };\n\n    (function (w, d, s, ctv, r, js, fjs) {\n        r=new XMLHttpRequest();r.open('GET',w[ctv].url+'js\/src.json');\n        r.responseType='json';r.json=true;r.send();\n        r.onload=function(){w[ctv].src=r.responseType=='json'?r.response:JSON.parse(r.response);\n        js.src=w[ctv].src[0];fjs.parentNode.insertBefore(js, fjs);}\n        js=d.createElement(s),fjs=d.getElementsByTagName(s)[0];\n        js.id='ctvwidget';js.async=1;\n    }(window, document, 'script', 'ctoutvert'));\n<\/script>\n<ctv-availability data-product-type=\"pitch\" data-background-color=\"#FFFFFFFF\"><\/ctv-availability>\n\n\r\n    <\/div>\r\n<\/section><section id=\"ls-section-block_cbf37af3cca4c63312a3b6861e1c8bce\" class=\"ls-section  page-hebergement-texte\" >\r\n        <div class=\"container container--wide\">\r\n        \n\n<div class=\"wp-block-columns is-layout-flex wp-container-core-columns-is-layout-9d6595d7 wp-block-columns-is-layout-flex\">\n<div class=\"wp-block-column is-vertically-aligned-center is-layout-flow wp-block-column-is-layout-flow\">\n<h2 class=\"ls__heading wp-block-heading deco\">Eine Stelle in Plouguerneau mieten<\/h2>\n\n\n\n<p class=\"ls-paragraph\">Der Campingplatz Le Vougot liegt 250 m vom Strand von Le Vougot in der Bretagne Finist\u00e8re entfernt. <\/p>\n\n\n\n<p class=\"ls-paragraph\">Mieten Sie f\u00fcr eine Nacht, ein <a href=\"https:\/\/www.campingduvougot.com\/de\/vermietung-mobilheim-plouguerneau\/\">Wochenende<\/a> oder eine Woche ein Mobilheim oder stellen Sie Ihr Zelt in der au\u00dfergew\u00f6hnlichen Umgebung des Pays des Abers und der C\u00f4tes des L\u00e9gendes auf unserem <a href=\"https:\/\/www.campingduvougot.com\/de\/\">Campingplatz in der Bretagne Finist\u00e8re Nord auf.<\/a><\/p>\n\n\n\n<p class=\"ls-paragraph\">Auf dem Campingplatz Le Vougot*** k\u00f6nnen Sie in Plouguerneau bei Lannilis, zwischen Brest und Roscoff, <strong>Stellpl\u00e4tze f\u00fcr Zelte, Wohnwagen oder Wohnmobile mieten<\/strong>, 250 m vom feinen Sandstrand von Le Vougot entfernt. <br\/>Auf einem 2,5 Hektar gro\u00dfen Grundst\u00fcck im Herzen des <a href=\"https:\/\/www.campingduvougot.com\/de\/tourismus-natura-2000-guisseny-finistere\/\">Natura-2000-Gebiets von Guiss\u00e9ny<\/a> profitieren Sie von ger\u00e4umigen Privatbereichen von 90 bis 250 m\u00b2, <strong>die durch bl\u00fchende Hecken abgegrenzt und windgesch\u00fctzt sind, wo die Privatsph\u00e4re gewahrt wird.<\/strong> Mit der Familie oder mit Freunden werden Sie den herzlichen Empfang, die gesellige Atmosph\u00e4re und die vielen hochwertigen Dienstleistungen des Campingplatzes besonders sch\u00e4tzen. <\/p>\n\n\n\n<p class=\"ls-paragraph\">Zu Ihrer Verf\u00fcgung:<\/p>\n\n\n\n<ul class=\"ls-list wp-block-list\">\n<li>50 nackte Stellpl\u00e4tze mit oder ohne Strom 10A (Ankunft ab 14 Uhr und Abreise vor 12 Uhr)<\/li>\n\n\n\n<li>Sanit\u00e4ranlagen mit Waschkabinen, Babykabinen, an PMR angepasste Kabinen, WC f\u00fcr Kinder<\/li>\n\n\n\n<li>Wasserstellen auf dem Campingplatz verteilt<\/li>\n\n\n\n<li>Geschirr- und Waschraum<\/li>\n\n\n\n<li>Entleerung f\u00fcr Wohnmobile und Abfallbeh\u00e4lter<\/li>\n\n\n\n<li>Gemeinschaftliche Grillfeste<\/li>\n\n\n\n<li>Waschmaschine (5\u20ac) \/ Trockner (4\u20ac)<\/li>\n<\/ul>\n<\/div>\n\n\n\n<div class=\"wp-block-column is-vertically-aligned-center is-layout-flow wp-block-column-is-layout-flow\">\n<p class=\"ls-paragraph\">Der Preis f\u00fcr einen Stellplatz beinhaltet :<\/p>\n\n\n\n<ul class=\"ls-list wp-block-list\">\n<li>Die Miete des Stellplatzes<\/li>\n\n\n\n<li>Ihre Ausr\u00fcstung (Zelt oder Wohnwagen + Fahrzeug oder Wohnmobil)<\/li>\n\n\n\n<li>Der Preis &#8222;Person&#8220; beinhaltet die Dusche ohne Aufpreis.<\/li>\n<\/ul>\n\n\n\n<h2 class=\"ls__heading wp-block-heading deco\">Unsere Zusatzausstattung<\/h2>\n\n\n\n<p class=\"ls-paragraph\">F\u00fcr Ihren Komfort und um mit leichtem Gep\u00e4ck zu reisen, bieten wir Ihnen an, <strong>K\u00fchlschr\u00e4nke<\/strong> f\u00fcr die Dauer Ihres Aufenthalts zu mieten: <\/p>\n\n\n\n<ul class=\"ls-list wp-block-list\">\n<li>2 Gr\u00f6\u00dfen verf\u00fcgbar<\/li>\n\n\n\n<li>Preise: 6 \u20ac pro Tag f\u00fcr kleine Kinder, 8 \u20ac pro Tag f\u00fcr gro\u00dfe Kinder<\/li>\n\n\n\n<li>Mindestmietdauer: 4 Tage<\/li>\n\n\n\n<li>vorbehaltlich der Verf\u00fcgbarkeit<\/li>\n<\/ul>\n\n\n\n<h2 class=\"ls__heading wp-block-heading deco\">Unsere hochwertigen Sanit\u00e4ranlagen<\/h2>\n\n\n\n<p class=\"ls-paragraph\">Bei Ihrem Aufenthalt auf einem Stellplatz oder in einer <a href=\"https:\/\/www.campingduvougot.com\/de\/vermietung-insolite-plouguerneau\/\">atypischen Unterkunft im Finist\u00e8re<\/a> profitieren Sie von <strong>funktionalen und sauberen Sanit\u00e4ranlagen<\/strong>: ger\u00e4umige Warmwasserduschen, Waschbecken, 2022 renovierte WCs, Geschirr- und W\u00e4schebeh\u00e4lter, Kinder-WC, Babykabine, PMR-Kabine f\u00fcr Personen mit eingeschr\u00e4nkter Mobilit\u00e4t, Waschmaschine und Trockner.<\/p>\n\n\n\n<p class=\"ls-paragraph\">F\u00fcr einen umweltbewussten Urlaub haben wir die <strong>Sanit\u00e4ranlagen<\/strong> mit LED-Beleuchtung mit Pr\u00e4senzmeldern ausgestattet, die weniger Strom verbraucht, Armaturen, die weniger Wasser verbrauchen, und einen Komposter, um den Abfall zu reduzieren.<\/p>\n<\/div>\n<\/div>\n\n\r\n    <\/div>\r\n<\/section><section id=\"ls-section-block_03906032b0bcf7c12b0cc7e5956e9448\" class=\"ls-section \" >\r\n        <div class=\"container container--wide\">\r\n        \n\n<div id=\"ls-heading ls-titre-div-block_fa8d35d6d7fb950ed85f56dbde4b0ebe\" class=\"ls-titre-div deco alignleft h2-like\" >\n    Was denken unsere Kunden \u00fcber unsere Standorte?<\/div>\n\n\n\n<p class=\"ls-paragraph\"><div class=\"avis-container-pages\"><div class=\"avis\"><div class=\"avis-user\"><div class=\"avis-note\">\n                <span><i class=\"vougot-star\"><\/i><\/span><span><i class=\"vougot-star\"><\/i><\/span><span><i class=\"vougot-star\"><\/i><\/span><span><i class=\"vougot-star\"><\/i><\/span><span><i class=\"vougot-star\"><\/i><\/span>\n                <\/div><div class=\"avis-name\">Stephane R.<\/div><div class=\"avis-content\"><p>Der Campingplatz ist sehr sch\u00f6n, perfekt gepflegt und die Sanit\u00e4ranlagen sind sauber (den ganzen Tag). Die Lage des Campingplatzes ist ideal, da er nur wenige Schritte vom Strand entfernt ist. <strong>Die Stellpl\u00e4tze sind ger\u00e4umig und gut organisiert<\/strong> St\u00fcrzen Sie sich hinein, Sie werden nicht entt\u00e4uscht sein<\/p>\n<\/div><\/div><\/div><div class=\"avis\"><div class=\"avis-user\"><div class=\"avis-note\">\n                <span><i class=\"vougot-star\"><\/i><\/span><span><i class=\"vougot-star\"><\/i><\/span><span><i class=\"vougot-star\"><\/i><\/span><span><i class=\"vougot-star\"><\/i><\/span><span><i class=\"vougot-star\"><\/i><\/span>\n                <\/div><div class=\"avis-name\">Fran\u00e7ois T.<\/div><div class=\"avis-content\"><p>Sch\u00f6ner professioneller und freundlicher Empfang, <strong>gigantische Lage,<\/strong> die eine Ruhe erm\u00f6glicht. In der N\u00e4he des Strandes. Extrem saubere Sanit\u00e4ranlagen. Danke an die Betreiber und bis bald<\/p>\n<\/div><\/div><\/div><div class=\"avis\"><div class=\"avis-user\"><div class=\"avis-note\">\n                <span><i class=\"vougot-star\"><\/i><\/span><span><i class=\"vougot-star\"><\/i><\/span><span><i class=\"vougot-star\"><\/i><\/span><span><i class=\"vougot-star\"><\/i><\/span><span><i class=\"vougot-star\"><\/i><\/span>\n                <\/div><div class=\"avis-name\">Lydia R.<\/div><div class=\"avis-content\"><p>Ruhiger Campingplatz und sehr gut gelegen, um sch\u00f6ne Spazierg\u00e4nge zu machen. Ein sehr freundlicher Empfang durch die Eigent\u00fcmer. Wir blieben dort 5 Tage mit dem Wohnmobil, der <b>Stellplatz<\/b> war sehr ger\u00e4umig. Wir werden darauf zur\u00fcckkommen!<\/p>\n<\/div><\/div><\/div><div class=\"avis\"><div class=\"avis-user\"><div class=\"avis-note\">\n                <span><i class=\"vougot-star\"><\/i><\/span><span><i class=\"vougot-star\"><\/i><\/span><span><i class=\"vougot-star\"><\/i><\/span><span><i class=\"vougot-star\"><\/i><\/span><span><i class=\"vougot-star\"><\/i><\/span>\n                <\/div><div class=\"avis-name\">Pascal C.<\/div><div class=\"avis-content\"><p>Super sehr sauber sehr <b>ger\u00e4umige<\/b> Lage gut beheizter Pool freundlicher Besitzer der Strand ist unglaublich sch\u00f6n wei\u00dfer Sand ein Paradies<\/p>\n<\/div><\/div><\/div><\/div><\/p>\n\n\r\n    <\/div>\r\n<\/section><section id=\"ls-section-block_dacdd032874515d13a47691dd0db9ff0\" class=\"ls-section  page-maillage-hebergement\" >\r\n        <div class=\"container container--wide\">\r\n        \n\n<div id=\"ls-heading ls-titre-div-block_55b96e77a8956ea50c2ade9d938b3757\" class=\"ls-titre-div deco aligncenter h2-like\" >\n    Entdecken Sie unsere Unterk\u00fcnfte und unsere Preise!<\/div>\n\n\n<div id=\"ls-maillage-block_e523da4e5d6cabe8440a3ddf98c4d5cd\" class=\"ls-maillage cta-style-normal\" data-rows=\"3\">\n    <div class=\"wp-block-columns\"><div class=\"wp-block-column\">\n\n<a href=\"https:\/\/www.campingduvougot.com\/de\/vermietung-insolite-plouguerneau\/\" target=\"\" rel=\"noopener\" class=\"ls-cta__link\">\n\n\t<div class=\"ls-cta__image\"><img decoding=\"async\" src=\"https:\/\/www.campingduvougot.com\/wp-content\/uploads\/2023\/02\/location-atypique.jpg\" alt=\"atypische Vermietung\"><\/div>\n\t<div class=\"ls-cta__title\">\n\t\tUngew\u00f6hnliches\t<\/div>\n\n\t\t\n<\/a><\/div><div class=\"wp-block-column\">\n\n<a href=\"https:\/\/www.campingduvougot.com\/de\/vermietung-mobilheim-plouguerneau\/\" target=\"\" rel=\"noopener\" class=\"ls-cta__link\">\n\n\t<div class=\"ls-cta__image\"><img decoding=\"async\" src=\"https:\/\/www.campingduvougot.com\/wp-content\/uploads\/2023\/02\/location-mobil-home.jpg\" alt=\"Vermietung von Mobilheimen\"><\/div>\n\t<div class=\"ls-cta__title\">\n\t\tMobilheime\t<\/div>\n\n\t\t\n<\/a><\/div><div class=\"wp-block-column\">\n\n<a href=\"https:\/\/www.campingduvougot.com\/de\/camping-nicht-scheiss-plouguerneau\/\" target=\"\" rel=\"noopener\" class=\"ls-cta__link\">\n\n\t<div class=\"ls-cta__image\"><img decoding=\"async\" src=\"https:\/\/www.campingduvougot.com\/wp-content\/uploads\/2023\/03\/Sans-titre-12.jpg\" alt=\"camping du vougot zum kleinen preis\"><\/div>\n\t<div class=\"ls-cta__title\">\n\t\tTarife\t<\/div>\n\n\t\t\n<\/a><\/div><\/div><\/div>\n\r\n    <\/div>\r\n<\/section>","protected":false},"excerpt":{"rendered":"","protected":false},"author":1,"featured_media":1645,"parent":0,"menu_order":0,"comment_status":"closed","ping_status":"closed","template":"","meta":{"_acf_changed":false,"footnotes":""},"sujet":[],"class_list":["post-1881","page","type-page","status-publish","has-post-thumbnail","hentry"],"acf":[],"yoast_head":"<!-- This site is optimized with the Yoast SEO plugin v23.4 - https:\/\/yoast.com\/wordpress\/plugins\/seo\/ -->\n<title>Stellplatz mieten Plouguerneau | Camping Caravaning Finist\u00e8re<\/title>\n<meta name=\"robots\" content=\"index, follow, max-snippet:-1, max-image-preview:large, max-video-preview:-1\" \/>\n<link rel=\"canonical\" href=\"https:\/\/www.campingduvougot.com\/de\/vermietung-platz-plouguerneau\/\" \/>\n<meta property=\"og:locale\" content=\"de_DE\" \/>\n<meta property=\"og:type\" content=\"article\" \/>\n<meta property=\"og:title\" content=\"Stellplatz mieten Plouguerneau | Camping Caravaning Finist\u00e8re\" \/>\n<meta property=\"og:url\" content=\"https:\/\/www.campingduvougot.com\/de\/vermietung-platz-plouguerneau\/\" \/>\n<meta property=\"og:site_name\" content=\"Camping du Vougot\" \/>\n<meta property=\"article:modified_time\" content=\"2023-03-30T08:13:28+00:00\" \/>\n<meta property=\"og:image\" content=\"https:\/\/www.campingduvougot.com\/wp-content\/uploads\/2023\/03\/Sans-titre-10.jpg\" \/>\n\t<meta property=\"og:image:width\" content=\"1920\" \/>\n\t<meta property=\"og:image:height\" content=\"497\" \/>\n\t<meta property=\"og:image:type\" content=\"image\/jpeg\" \/>\n<meta name=\"twitter:card\" content=\"summary_large_image\" \/>\n<meta name=\"twitter:label1\" content=\"Gesch\u00e4tzte Lesezeit\" \/>\n\t<meta name=\"twitter:data1\" content=\"2\u00a0Minuten\" \/>\n<script type=\"application\/ld+json\" class=\"yoast-schema-graph\">{\"@context\":\"https:\/\/schema.org\",\"@graph\":[{\"@type\":\"WebPage\",\"@id\":\"https:\/\/www.campingduvougot.com\/de\/vermietung-platz-plouguerneau\/\",\"url\":\"https:\/\/www.campingduvougot.com\/de\/vermietung-platz-plouguerneau\/\",\"name\":\"Stellplatz mieten Plouguerneau | Camping Caravaning Finist\u00e8re\",\"isPartOf\":{\"@id\":\"https:\/\/www.campingduvougot.com\/fr\/#website\"},\"primaryImageOfPage\":{\"@id\":\"https:\/\/www.campingduvougot.com\/de\/vermietung-platz-plouguerneau\/#primaryimage\"},\"image\":{\"@id\":\"https:\/\/www.campingduvougot.com\/de\/vermietung-platz-plouguerneau\/#primaryimage\"},\"thumbnailUrl\":\"https:\/\/www.campingduvougot.com\/wp-content\/uploads\/2023\/03\/Sans-titre-10.jpg\",\"datePublished\":\"2023-03-27T13:00:50+00:00\",\"dateModified\":\"2023-03-30T08:13:28+00:00\",\"breadcrumb\":{\"@id\":\"https:\/\/www.campingduvougot.com\/de\/vermietung-platz-plouguerneau\/#breadcrumb\"},\"inLanguage\":\"de\",\"potentialAction\":[{\"@type\":\"ReadAction\",\"target\":[\"https:\/\/www.campingduvougot.com\/de\/vermietung-platz-plouguerneau\/\"]}]},{\"@type\":\"ImageObject\",\"inLanguage\":\"de\",\"@id\":\"https:\/\/www.campingduvougot.com\/de\/vermietung-platz-plouguerneau\/#primaryimage\",\"url\":\"https:\/\/www.campingduvougot.com\/wp-content\/uploads\/2023\/03\/Sans-titre-10.jpg\",\"contentUrl\":\"https:\/\/www.campingduvougot.com\/wp-content\/uploads\/2023\/03\/Sans-titre-10.jpg\",\"width\":1920,\"height\":497,\"caption\":\"Camping caravaning du vougot in le finisere\"},{\"@type\":\"BreadcrumbList\",\"@id\":\"https:\/\/www.campingduvougot.com\/de\/vermietung-platz-plouguerneau\/#breadcrumb\",\"itemListElement\":[{\"@type\":\"ListItem\",\"position\":1,\"name\":\"Camping Plouguerneau\",\"item\":\"https:\/\/www.campingduvougot.com\/de\/\"},{\"@type\":\"ListItem\",\"position\":2,\"name\":\"Stellplatz mieten in Plouguerneau\"}]},{\"@type\":\"WebSite\",\"@id\":\"https:\/\/www.campingduvougot.com\/fr\/#website\",\"url\":\"https:\/\/www.campingduvougot.com\/fr\/\",\"name\":\"Camping du Vougot\",\"description\":\"\",\"publisher\":{\"@id\":\"https:\/\/www.campingduvougot.com\/fr\/#organization\"},\"potentialAction\":[{\"@type\":\"SearchAction\",\"target\":{\"@type\":\"EntryPoint\",\"urlTemplate\":\"https:\/\/www.campingduvougot.com\/fr\/?s={search_term_string}\"},\"query-input\":{\"@type\":\"PropertyValueSpecification\",\"valueRequired\":true,\"valueName\":\"search_term_string\"}}],\"inLanguage\":\"de\"},{\"@type\":\"Organization\",\"@id\":\"https:\/\/www.campingduvougot.com\/fr\/#organization\",\"name\":\"Camping du Vougot\",\"url\":\"https:\/\/www.campingduvougot.com\/fr\/\",\"logo\":{\"@type\":\"ImageObject\",\"inLanguage\":\"de\",\"@id\":\"https:\/\/www.campingduvougot.com\/fr\/#\/schema\/logo\/image\/\",\"url\":\"https:\/\/www.campingduvougot.com\/wp-content\/uploads\/2023\/02\/camping-du-vougot-logo-blanc-scaled.webp\",\"contentUrl\":\"https:\/\/www.campingduvougot.com\/wp-content\/uploads\/2023\/02\/camping-du-vougot-logo-blanc-scaled.webp\",\"width\":2560,\"height\":1565,\"caption\":\"Camping du Vougot\"},\"image\":{\"@id\":\"https:\/\/www.campingduvougot.com\/fr\/#\/schema\/logo\/image\/\"}}]}<\/script>\n<!-- \/ Yoast SEO plugin. -->","yoast_head_json":{"title":"Stellplatz mieten Plouguerneau | Camping Caravaning Finist\u00e8re","robots":{"index":"index","follow":"follow","max-snippet":"max-snippet:-1","max-image-preview":"max-image-preview:large","max-video-preview":"max-video-preview:-1"},"canonical":"https:\/\/www.campingduvougot.com\/de\/vermietung-platz-plouguerneau\/","og_locale":"de_DE","og_type":"article","og_title":"Stellplatz mieten Plouguerneau | Camping Caravaning Finist\u00e8re","og_url":"https:\/\/www.campingduvougot.com\/de\/vermietung-platz-plouguerneau\/","og_site_name":"Camping du Vougot","article_modified_time":"2023-03-30T08:13:28+00:00","og_image":[{"width":1920,"height":497,"url":"https:\/\/www.campingduvougot.com\/wp-content\/uploads\/2023\/03\/Sans-titre-10.jpg","type":"image\/jpeg"}],"twitter_card":"summary_large_image","twitter_misc":{"Gesch\u00e4tzte Lesezeit":"2\u00a0Minuten"},"schema":{"@context":"https:\/\/schema.org","@graph":[{"@type":"WebPage","@id":"https:\/\/www.campingduvougot.com\/de\/vermietung-platz-plouguerneau\/","url":"https:\/\/www.campingduvougot.com\/de\/vermietung-platz-plouguerneau\/","name":"Stellplatz mieten Plouguerneau | Camping Caravaning Finist\u00e8re","isPartOf":{"@id":"https:\/\/www.campingduvougot.com\/fr\/#website"},"primaryImageOfPage":{"@id":"https:\/\/www.campingduvougot.com\/de\/vermietung-platz-plouguerneau\/#primaryimage"},"image":{"@id":"https:\/\/www.campingduvougot.com\/de\/vermietung-platz-plouguerneau\/#primaryimage"},"thumbnailUrl":"https:\/\/www.campingduvougot.com\/wp-content\/uploads\/2023\/03\/Sans-titre-10.jpg","datePublished":"2023-03-27T13:00:50+00:00","dateModified":"2023-03-30T08:13:28+00:00","breadcrumb":{"@id":"https:\/\/www.campingduvougot.com\/de\/vermietung-platz-plouguerneau\/#breadcrumb"},"inLanguage":"de","potentialAction":[{"@type":"ReadAction","target":["https:\/\/www.campingduvougot.com\/de\/vermietung-platz-plouguerneau\/"]}]},{"@type":"ImageObject","inLanguage":"de","@id":"https:\/\/www.campingduvougot.com\/de\/vermietung-platz-plouguerneau\/#primaryimage","url":"https:\/\/www.campingduvougot.com\/wp-content\/uploads\/2023\/03\/Sans-titre-10.jpg","contentUrl":"https:\/\/www.campingduvougot.com\/wp-content\/uploads\/2023\/03\/Sans-titre-10.jpg","width":1920,"height":497,"caption":"Camping caravaning du vougot in le finisere"},{"@type":"BreadcrumbList","@id":"https:\/\/www.campingduvougot.com\/de\/vermietung-platz-plouguerneau\/#breadcrumb","itemListElement":[{"@type":"ListItem","position":1,"name":"Camping Plouguerneau","item":"https:\/\/www.campingduvougot.com\/de\/"},{"@type":"ListItem","position":2,"name":"Stellplatz mieten in Plouguerneau"}]},{"@type":"WebSite","@id":"https:\/\/www.campingduvougot.com\/fr\/#website","url":"https:\/\/www.campingduvougot.com\/fr\/","name":"Camping du Vougot","description":"","publisher":{"@id":"https:\/\/www.campingduvougot.com\/fr\/#organization"},"potentialAction":[{"@type":"SearchAction","target":{"@type":"EntryPoint","urlTemplate":"https:\/\/www.campingduvougot.com\/fr\/?s={search_term_string}"},"query-input":{"@type":"PropertyValueSpecification","valueRequired":true,"valueName":"search_term_string"}}],"inLanguage":"de"},{"@type":"Organization","@id":"https:\/\/www.campingduvougot.com\/fr\/#organization","name":"Camping du Vougot","url":"https:\/\/www.campingduvougot.com\/fr\/","logo":{"@type":"ImageObject","inLanguage":"de","@id":"https:\/\/www.campingduvougot.com\/fr\/#\/schema\/logo\/image\/","url":"https:\/\/www.campingduvougot.com\/wp-content\/uploads\/2023\/02\/camping-du-vougot-logo-blanc-scaled.webp","contentUrl":"https:\/\/www.campingduvougot.com\/wp-content\/uploads\/2023\/02\/camping-du-vougot-logo-blanc-scaled.webp","width":2560,"height":1565,"caption":"Camping du Vougot"},"image":{"@id":"https:\/\/www.campingduvougot.com\/fr\/#\/schema\/logo\/image\/"}}]}},"_links":{"self":[{"href":"https:\/\/www.campingduvougot.com\/de\/wp-json\/wp\/v2\/pages\/1881","targetHints":{"allow":["GET"]}}],"collection":[{"href":"https:\/\/www.campingduvougot.com\/de\/wp-json\/wp\/v2\/pages"}],"about":[{"href":"https:\/\/www.campingduvougot.com\/de\/wp-json\/wp\/v2\/types\/page"}],"author":[{"embeddable":true,"href":"https:\/\/www.campingduvougot.com\/de\/wp-json\/wp\/v2\/users\/1"}],"replies":[{"embeddable":true,"href":"https:\/\/www.campingduvougot.com\/de\/wp-json\/wp\/v2\/comments?post=1881"}],"version-history":[{"count":9,"href":"https:\/\/www.campingduvougot.com\/de\/wp-json\/wp\/v2\/pages\/1881\/revisions"}],"predecessor-version":[{"id":2313,"href":"https:\/\/www.campingduvougot.com\/de\/wp-json\/wp\/v2\/pages\/1881\/revisions\/2313"}],"wp:featuredmedia":[{"embeddable":true,"href":"https:\/\/www.campingduvougot.com\/de\/wp-json\/wp\/v2\/media\/1645"}],"wp:attachment":[{"href":"https:\/\/www.campingduvougot.com\/de\/wp-json\/wp\/v2\/media?parent=1881"}],"wp:term":[{"taxonomy":"sujet","embeddable":true,"href":"https:\/\/www.campingduvougot.com\/de\/wp-json\/wp\/v2\/sujet?post=1881"}],"curies":[{"name":"wp","href":"https:\/\/api.w.org\/{rel}","templated":true}]}}