{"id":1873,"date":"2023-03-27T14:31:47","date_gmt":"2023-03-27T12:31:47","guid":{"rendered":"https:\/\/www.campingduvougot.com\/campingplatz-strand-plouguerneau\/"},"modified":"2023-03-28T11:23:24","modified_gmt":"2023-03-28T09:23:24","slug":"campingplatz-strand-plouguerneau","status":"publish","type":"page","link":"https:\/\/www.campingduvougot.com\/de\/campingplatz-strand-plouguerneau\/","title":{"rendered":"Campingplatz aan de kust"},"content":{"rendered":"<section id=\"ls-section-block_3891d9f5cd01c124e7f87574ce6f6948\" class=\"ls-section  page-chapeau has-p-b p-b-0\" >\r\n        <div class=\"container \">\r\n        \n\n<h1 class=\"ls__heading has-text-align-center vague wp-block-heading\">Aufenthalt auf einem Campingplatz am Meer im Finist\u00e8re<\/h1>\n\n\r\n    <\/div>\r\n<\/section><section id=\"ls-section-block_9552a382d30866f9c680cd004ca44006\" class=\"ls-section  page-one has-p-b p-b-14\" >\r\n        <div class=\"container container--wide\">\r\n        \n\n<div class=\"wp-block-columns is-layout-flex wp-container-core-columns-is-layout-9d6595d7 wp-block-columns-is-layout-flex\">\n<div class=\"wp-block-column is-vertically-aligned-center left is-layout-flow wp-block-column-is-layout-flow\" style=\"flex-basis:66.66%\">\n<figure class=\"wp-block-image size-full animated fadeIn delay-100ms slow\"><a href=\"https:\/\/www.campingduvougot.com\/wp-content\/uploads\/2023\/03\/Sans-titre_resultat.webp\"><img decoding=\"async\" width=\"866\" height=\"578\" src=\"https:\/\/www.campingduvougot.com\/wp-content\/uploads\/2023\/03\/Sans-titre_resultat.webp\" alt=\"zeltplatz am strand finistrere\" class=\"wp-image-1048\" srcset=\"https:\/\/www.campingduvougot.com\/wp-content\/uploads\/2023\/03\/Sans-titre_resultat.webp 866w, https:\/\/www.campingduvougot.com\/wp-content\/uploads\/2023\/03\/Sans-titre_resultat-300x200.webp 300w, https:\/\/www.campingduvougot.com\/wp-content\/uploads\/2023\/03\/Sans-titre_resultat-768x513.webp 768w\" sizes=\"(max-width: 866px) 100vw, 866px\" \/><\/a><\/figure>\n<\/div>\n\n\n\n<div class=\"wp-block-column is-vertically-aligned-center right is-layout-flow wp-block-column-is-layout-flow\" style=\"flex-basis:33.33%\">\n<h2 class=\"ls__heading deco wp-block-heading\">Ihr Mietobjekt in Strandn\u00e4he in Plouguerneau<\/h2>\n\n\n\n<p class=\"ls-paragraph\">Der <a href=\"https:\/\/www.campingduvougot.com\/de\/\">Campingplatz Le Vougot<\/a> ist ein kleiner Familiencampingplatz mit 75 Stellpl\u00e4tzen in der N\u00e4he des Strandes von Le Vougot. Ob Sie ein <a href=\"https:\/\/www.campingduvougot.com\/de\/vermietung-mobilheim-plouguerneau\/\">Mobilheim<\/a>, eine <a href=\"https:\/\/www.campingduvougot.com\/de\/vermietung-insolite-plouguerneau\/\">atypische Unterkunft<\/a> oder einen <a href=\"https:\/\/www.campingduvougot.com\/de\/vermietung-platz-plouguerneau\/\">Stellplatz<\/a> f\u00fcr den traditionellen Campingplatz mieten, Sie k\u00f6nnen jederzeit die Wonnen des Badens im Meer genie\u00dfen, in einer jodhaltigen Luft, die vom Rauschen der Wellen geschaukelt wird. <\/p>\n\n\n\n<h2 class=\"ls__heading deco wp-block-heading\">Campingplatz 250 m entfernt. aus dem Meer<\/h2>\n\n\n\n<p class=\"ls-paragraph\">Der Strand von Vougot ist zu Fu\u00df vom Campingplatz aus in nur 5 Minuten erreichbar. Hier nimmt das Wasser eine Farbe an, die den karibischen Str\u00e4nden in nichts nachsteht. Es ist <strong>au\u00dfergew\u00f6hnlich klar und seine ausgezeichnete Qualit\u00e4t<\/strong> (Gesundheitskontrollen, die am Zugang zum Strand angezeigt werden) garantiert Ihnen ein \u00e4u\u00dferst angenehmes und belebendes Badevergn\u00fcgen.<\/p>\n<\/div>\n<\/div>\n\n\r\n    <\/div>\r\n<\/section><section id=\"ls-section-block_494d84958abe785deb9fb725191b93fa\" class=\"ls-section  home-image has-background-image has-parallax\" >\r\n    <div class=\"ls-section__background-image opacity-100\"><img decoding=\"async\" src=\"https:\/\/www.campingduvougot.com\/wp-content\/uploads\/2023\/03\/vacances-en-famille-en-bord-de-plage.jpg\" alt=\"family vacation on the beach\"><\/div>    <div class=\"container \">\r\n        \n\n<p class=\"ls-paragraph\"><\/p>\n\n\r\n    <\/div>\r\n<\/section><section id=\"ls-section-block_a7e81d7c8003e8c2f382bc8a364677c4\" class=\"ls-section  page-two\" >\r\n        <div class=\"container container--wide\">\r\n        \n\n<div class=\"wp-block-columns is-layout-flex wp-container-core-columns-is-layout-9d6595d7 wp-block-columns-is-layout-flex\">\n<div class=\"wp-block-column is-vertically-aligned-center left right animated fadeInUp slow has-color-white-background-color has-background is-layout-flow wp-block-column-is-layout-flow\">\n<h2 class=\"ls__heading deco wp-block-heading\">Genie\u00dfen Sie die Aktivit\u00e4ten, die die Str\u00e4nde der Bretagne zu bieten haben<\/h2>\n\n\n\n<p class=\"ls-paragraph\">Mit einer L\u00e4nge von \u00fcber 1 km bietet <strong>der Strand von Le Vougot viele Unterhaltungsm\u00f6glichkeiten.<\/strong> 1. das Faulenzen mit Abstand zu seinen Handtuchnachbarn, aber auch alle Strandspiele, die Platz ben\u00f6tigen: Hier gibt es kein Problem, dass andere \u00fcberfordert werden.<\/p>\n\n\n\n<p class=\"ls-paragraph\">Der Strand von Vougot hat auch seine <strong>Anh\u00e4nger von Wassersportarten <\/strong>: Kitesurfen und Longe c\u00f4te haupts\u00e4chlich, aber auch betreute Aktivit\u00e4ten wie Surfen, Windsurfen, Paddle und Optimist.<\/p>\n<\/div>\n\n\n\n<div class=\"wp-block-column is-vertically-aligned-top right animated fadeInUp slow has-color-white-background-color has-background is-layout-flow wp-block-column-is-layout-flow\">\n<p class=\"ls-paragraph\">Naturliebhaber k\u00f6nnen vom Ufer aus angeln, auf dem Vorland wandern oder einen Ausritt zu Pferd machen, um diesen Ort auf eine andere Art und Weise zu entdecken.<\/p>\n\n\n\n<p class=\"ls-paragraph\">Aber der Strand ist mehr als nur Baden: Es gen\u00fcgt, sich am Abend in den Sand zu legen, um <strong>den Sonnenuntergang bewundern<\/strong> und versuchen, wie die vielen Hobbyfotografen, den unvergesslichen Urlaubsschnappschuss mit dem Leuchtturm der unber\u00fchrten Insel im Hintergrund mit nach Hause zu nehmen.<\/p>\n\n\n\n<p class=\"ls-paragraph\">Und warum sollte man sich nicht am Strand von Vougot vergn\u00fcgen? <\/p>\n\n\n\n<p class=\"ls-paragraph\">Jeden Freitagabend im Juli und August k\u00f6nnen Sie <strong>Konzertabende in der SNSM-Station sowie<\/strong> einige Stadtteilfeste genie\u00dfen.<\/p>\n<\/div>\n<\/div>\n\n\r\n    <\/div>\r\n<\/section><section id=\"ls-section-block_ef2533a57f89059783cec1a7de24e436\" class=\"ls-section  page-maillage has-p-b p-b-14\" >\r\n        <div class=\"container container--wide\">\r\n        \n\n<div id=\"ls-heading ls-titre-div-block_d68e4aaa066fa69ecf9c4e90ab968aca\" class=\"ls-titre-div deco aligncenter h2-like\" >\n    Entdecken Sie unsere Aktivit\u00e4ten, unseren Pool und unsere Dienstleistungen!<\/div>\n\n\n<div id=\"ls-maillage-block_2cd2613d354ba604cbc3ad935cbddb2b\" class=\"ls-maillage cta-style-normal\" data-rows=\"3\">\n    <div class=\"wp-block-columns\"><div class=\"wp-block-column\">\n\n<a href=\"https:\/\/www.campingduvougot.com\/de\/camping-aktivitaeten-plouguerneau\/\" target=\"\" rel=\"noopener\" class=\"ls-cta__link\">\n\n\t<div class=\"ls-cta__image\"><img decoding=\"async\" src=\"https:\/\/www.campingduvougot.com\/wp-content\/uploads\/2025\/03\/camping-vougot-plouguerneau-structure-aire-jeux-1000px-768x1024.webp\" alt=\"camping vougot plouguerneau structure aire jeux\"><\/div>\n\t<div class=\"ls-cta__title\">\n\t\tAktivit\u00e4ten &#038; Animationen\t<\/div>\n\n\t\t\n<\/a><\/div><div class=\"wp-block-column\">\n\n<a href=\"https:\/\/www.campingduvougot.com\/de\/campingplatz-schwimmbad-heizung-plouguerneau\/\" target=\"\" rel=\"noopener\" class=\"ls-cta__link\">\n\n\t<div class=\"ls-cta__image\"><img decoding=\"async\" src=\"https:\/\/www.campingduvougot.com\/wp-content\/uploads\/2023\/02\/camping-du-vougot-avec-piscine-chauffee-dans-le-finistere-en-bretagne-768x432.webp\" alt=\"camping piscine chauffee fiinistere\"><\/div>\n\t<div class=\"ls-cta__title\">\n\t\tSwimmingpool\t<\/div>\n\n\t\t\n<\/a><\/div><div class=\"wp-block-column\">\n\n<a href=\"https:\/\/www.campingduvougot.com\/de\/familien-campingplatz-plouguerneau\/\" target=\"\" rel=\"noopener\" class=\"ls-cta__link\">\n\n\t<div class=\"ls-cta__image\"><img decoding=\"async\" src=\"https:\/\/www.campingduvougot.com\/wp-content\/uploads\/2023\/03\/les-services-du-camping-le-vougot-en-bretagne.jpg\" alt=\"die leistungen des campingplatzes le vougot in der bretagne\"><\/div>\n\t<div class=\"ls-cta__title\">\n\t\tDienste\t<\/div>\n\n\t\t\n<\/a><\/div><\/div><\/div>\n\r\n    <\/div>\r\n<\/section>","protected":false},"excerpt":{"rendered":"","protected":false},"author":1,"featured_media":1639,"parent":0,"menu_order":0,"comment_status":"closed","ping_status":"closed","template":"","meta":{"_acf_changed":false,"footnotes":""},"sujet":[],"class_list":["post-1873","page","type-page","status-publish","has-post-thumbnail","hentry"],"acf":[],"yoast_head":"<!-- This site is optimized with the Yoast SEO plugin v23.4 - https:\/\/yoast.com\/wordpress\/plugins\/seo\/ -->\n<title>Campingplatz am Meer Finist\u00e8re | Campingplatz in Strandn\u00e4he Plouguerneau<\/title>\n<meta name=\"robots\" content=\"index, follow, max-snippet:-1, max-image-preview:large, max-video-preview:-1\" \/>\n<link rel=\"canonical\" href=\"https:\/\/www.campingduvougot.com\/de\/campingplatz-strand-plouguerneau\/\" \/>\n<meta property=\"og:locale\" content=\"de_DE\" \/>\n<meta property=\"og:type\" content=\"article\" \/>\n<meta property=\"og:title\" content=\"Campingplatz am Meer Finist\u00e8re | Campingplatz in Strandn\u00e4he Plouguerneau\" \/>\n<meta property=\"og:url\" content=\"https:\/\/www.campingduvougot.com\/de\/campingplatz-strand-plouguerneau\/\" \/>\n<meta property=\"og:site_name\" content=\"Camping du Vougot\" \/>\n<meta property=\"article:modified_time\" content=\"2023-03-28T09:23:24+00:00\" \/>\n<meta property=\"og:image\" content=\"https:\/\/www.campingduvougot.com\/wp-content\/uploads\/2023\/03\/Sans-titre-5.jpg\" \/>\n\t<meta property=\"og:image:width\" content=\"1920\" \/>\n\t<meta property=\"og:image:height\" content=\"497\" \/>\n\t<meta property=\"og:image:type\" content=\"image\/jpeg\" \/>\n<meta name=\"twitter:card\" content=\"summary_large_image\" \/>\n<meta name=\"twitter:label1\" content=\"Gesch\u00e4tzte Lesezeit\" \/>\n\t<meta name=\"twitter:data1\" content=\"2\u00a0Minuten\" \/>\n<script type=\"application\/ld+json\" class=\"yoast-schema-graph\">{\"@context\":\"https:\/\/schema.org\",\"@graph\":[{\"@type\":\"WebPage\",\"@id\":\"https:\/\/www.campingduvougot.com\/de\/campingplatz-strand-plouguerneau\/\",\"url\":\"https:\/\/www.campingduvougot.com\/de\/campingplatz-strand-plouguerneau\/\",\"name\":\"Campingplatz am Meer Finist\u00e8re | Campingplatz in Strandn\u00e4he Plouguerneau\",\"isPartOf\":{\"@id\":\"https:\/\/www.campingduvougot.com\/fr\/#website\"},\"primaryImageOfPage\":{\"@id\":\"https:\/\/www.campingduvougot.com\/de\/campingplatz-strand-plouguerneau\/#primaryimage\"},\"image\":{\"@id\":\"https:\/\/www.campingduvougot.com\/de\/campingplatz-strand-plouguerneau\/#primaryimage\"},\"thumbnailUrl\":\"https:\/\/www.campingduvougot.com\/wp-content\/uploads\/2023\/03\/Sans-titre-5.jpg\",\"datePublished\":\"2023-03-27T12:31:47+00:00\",\"dateModified\":\"2023-03-28T09:23:24+00:00\",\"breadcrumb\":{\"@id\":\"https:\/\/www.campingduvougot.com\/de\/campingplatz-strand-plouguerneau\/#breadcrumb\"},\"inLanguage\":\"de\",\"potentialAction\":[{\"@type\":\"ReadAction\",\"target\":[\"https:\/\/www.campingduvougot.com\/de\/campingplatz-strand-plouguerneau\/\"]}]},{\"@type\":\"ImageObject\",\"inLanguage\":\"de\",\"@id\":\"https:\/\/www.campingduvougot.com\/de\/campingplatz-strand-plouguerneau\/#primaryimage\",\"url\":\"https:\/\/www.campingduvougot.com\/wp-content\/uploads\/2023\/03\/Sans-titre-5.jpg\",\"contentUrl\":\"https:\/\/www.campingduvougot.com\/wp-content\/uploads\/2023\/03\/Sans-titre-5.jpg\",\"width\":1920,\"height\":497,\"caption\":\"vacations in brittany near the beaches\"},{\"@type\":\"BreadcrumbList\",\"@id\":\"https:\/\/www.campingduvougot.com\/de\/campingplatz-strand-plouguerneau\/#breadcrumb\",\"itemListElement\":[{\"@type\":\"ListItem\",\"position\":1,\"name\":\"Camping Plouguerneau\",\"item\":\"https:\/\/www.campingduvougot.com\/de\/\"},{\"@type\":\"ListItem\",\"position\":2,\"name\":\"Campingplatz in Strandn\u00e4he Plouguerneau\"}]},{\"@type\":\"WebSite\",\"@id\":\"https:\/\/www.campingduvougot.com\/fr\/#website\",\"url\":\"https:\/\/www.campingduvougot.com\/fr\/\",\"name\":\"Camping du Vougot\",\"description\":\"\",\"publisher\":{\"@id\":\"https:\/\/www.campingduvougot.com\/fr\/#organization\"},\"potentialAction\":[{\"@type\":\"SearchAction\",\"target\":{\"@type\":\"EntryPoint\",\"urlTemplate\":\"https:\/\/www.campingduvougot.com\/fr\/?s={search_term_string}\"},\"query-input\":{\"@type\":\"PropertyValueSpecification\",\"valueRequired\":true,\"valueName\":\"search_term_string\"}}],\"inLanguage\":\"de\"},{\"@type\":\"Organization\",\"@id\":\"https:\/\/www.campingduvougot.com\/fr\/#organization\",\"name\":\"Camping du Vougot\",\"url\":\"https:\/\/www.campingduvougot.com\/fr\/\",\"logo\":{\"@type\":\"ImageObject\",\"inLanguage\":\"de\",\"@id\":\"https:\/\/www.campingduvougot.com\/fr\/#\/schema\/logo\/image\/\",\"url\":\"https:\/\/www.campingduvougot.com\/wp-content\/uploads\/2023\/02\/camping-du-vougot-logo-blanc-scaled.webp\",\"contentUrl\":\"https:\/\/www.campingduvougot.com\/wp-content\/uploads\/2023\/02\/camping-du-vougot-logo-blanc-scaled.webp\",\"width\":2560,\"height\":1565,\"caption\":\"Camping du Vougot\"},\"image\":{\"@id\":\"https:\/\/www.campingduvougot.com\/fr\/#\/schema\/logo\/image\/\"}}]}<\/script>\n<!-- \/ Yoast SEO plugin. -->","yoast_head_json":{"title":"Campingplatz am Meer Finist\u00e8re | Campingplatz in Strandn\u00e4he Plouguerneau","robots":{"index":"index","follow":"follow","max-snippet":"max-snippet:-1","max-image-preview":"max-image-preview:large","max-video-preview":"max-video-preview:-1"},"canonical":"https:\/\/www.campingduvougot.com\/de\/campingplatz-strand-plouguerneau\/","og_locale":"de_DE","og_type":"article","og_title":"Campingplatz am Meer Finist\u00e8re | Campingplatz in Strandn\u00e4he Plouguerneau","og_url":"https:\/\/www.campingduvougot.com\/de\/campingplatz-strand-plouguerneau\/","og_site_name":"Camping du Vougot","article_modified_time":"2023-03-28T09:23:24+00:00","og_image":[{"width":1920,"height":497,"url":"https:\/\/www.campingduvougot.com\/wp-content\/uploads\/2023\/03\/Sans-titre-5.jpg","type":"image\/jpeg"}],"twitter_card":"summary_large_image","twitter_misc":{"Gesch\u00e4tzte Lesezeit":"2\u00a0Minuten"},"schema":{"@context":"https:\/\/schema.org","@graph":[{"@type":"WebPage","@id":"https:\/\/www.campingduvougot.com\/de\/campingplatz-strand-plouguerneau\/","url":"https:\/\/www.campingduvougot.com\/de\/campingplatz-strand-plouguerneau\/","name":"Campingplatz am Meer Finist\u00e8re | Campingplatz in Strandn\u00e4he Plouguerneau","isPartOf":{"@id":"https:\/\/www.campingduvougot.com\/fr\/#website"},"primaryImageOfPage":{"@id":"https:\/\/www.campingduvougot.com\/de\/campingplatz-strand-plouguerneau\/#primaryimage"},"image":{"@id":"https:\/\/www.campingduvougot.com\/de\/campingplatz-strand-plouguerneau\/#primaryimage"},"thumbnailUrl":"https:\/\/www.campingduvougot.com\/wp-content\/uploads\/2023\/03\/Sans-titre-5.jpg","datePublished":"2023-03-27T12:31:47+00:00","dateModified":"2023-03-28T09:23:24+00:00","breadcrumb":{"@id":"https:\/\/www.campingduvougot.com\/de\/campingplatz-strand-plouguerneau\/#breadcrumb"},"inLanguage":"de","potentialAction":[{"@type":"ReadAction","target":["https:\/\/www.campingduvougot.com\/de\/campingplatz-strand-plouguerneau\/"]}]},{"@type":"ImageObject","inLanguage":"de","@id":"https:\/\/www.campingduvougot.com\/de\/campingplatz-strand-plouguerneau\/#primaryimage","url":"https:\/\/www.campingduvougot.com\/wp-content\/uploads\/2023\/03\/Sans-titre-5.jpg","contentUrl":"https:\/\/www.campingduvougot.com\/wp-content\/uploads\/2023\/03\/Sans-titre-5.jpg","width":1920,"height":497,"caption":"vacations in brittany near the beaches"},{"@type":"BreadcrumbList","@id":"https:\/\/www.campingduvougot.com\/de\/campingplatz-strand-plouguerneau\/#breadcrumb","itemListElement":[{"@type":"ListItem","position":1,"name":"Camping Plouguerneau","item":"https:\/\/www.campingduvougot.com\/de\/"},{"@type":"ListItem","position":2,"name":"Campingplatz in Strandn\u00e4he Plouguerneau"}]},{"@type":"WebSite","@id":"https:\/\/www.campingduvougot.com\/fr\/#website","url":"https:\/\/www.campingduvougot.com\/fr\/","name":"Camping du Vougot","description":"","publisher":{"@id":"https:\/\/www.campingduvougot.com\/fr\/#organization"},"potentialAction":[{"@type":"SearchAction","target":{"@type":"EntryPoint","urlTemplate":"https:\/\/www.campingduvougot.com\/fr\/?s={search_term_string}"},"query-input":{"@type":"PropertyValueSpecification","valueRequired":true,"valueName":"search_term_string"}}],"inLanguage":"de"},{"@type":"Organization","@id":"https:\/\/www.campingduvougot.com\/fr\/#organization","name":"Camping du Vougot","url":"https:\/\/www.campingduvougot.com\/fr\/","logo":{"@type":"ImageObject","inLanguage":"de","@id":"https:\/\/www.campingduvougot.com\/fr\/#\/schema\/logo\/image\/","url":"https:\/\/www.campingduvougot.com\/wp-content\/uploads\/2023\/02\/camping-du-vougot-logo-blanc-scaled.webp","contentUrl":"https:\/\/www.campingduvougot.com\/wp-content\/uploads\/2023\/02\/camping-du-vougot-logo-blanc-scaled.webp","width":2560,"height":1565,"caption":"Camping du Vougot"},"image":{"@id":"https:\/\/www.campingduvougot.com\/fr\/#\/schema\/logo\/image\/"}}]}},"_links":{"self":[{"href":"https:\/\/www.campingduvougot.com\/de\/wp-json\/wp\/v2\/pages\/1873","targetHints":{"allow":["GET"]}}],"collection":[{"href":"https:\/\/www.campingduvougot.com\/de\/wp-json\/wp\/v2\/pages"}],"about":[{"href":"https:\/\/www.campingduvougot.com\/de\/wp-json\/wp\/v2\/types\/page"}],"author":[{"embeddable":true,"href":"https:\/\/www.campingduvougot.com\/de\/wp-json\/wp\/v2\/users\/1"}],"replies":[{"embeddable":true,"href":"https:\/\/www.campingduvougot.com\/de\/wp-json\/wp\/v2\/comments?post=1873"}],"version-history":[{"count":2,"href":"https:\/\/www.campingduvougot.com\/de\/wp-json\/wp\/v2\/pages\/1873\/revisions"}],"predecessor-version":[{"id":1986,"href":"https:\/\/www.campingduvougot.com\/de\/wp-json\/wp\/v2\/pages\/1873\/revisions\/1986"}],"wp:featuredmedia":[{"embeddable":true,"href":"https:\/\/www.campingduvougot.com\/de\/wp-json\/wp\/v2\/media\/1639"}],"wp:attachment":[{"href":"https:\/\/www.campingduvougot.com\/de\/wp-json\/wp\/v2\/media?parent=1873"}],"wp:term":[{"taxonomy":"sujet","embeddable":true,"href":"https:\/\/www.campingduvougot.com\/de\/wp-json\/wp\/v2\/sujet?post=1873"}],"curies":[{"name":"wp","href":"https:\/\/api.w.org\/{rel}","templated":true}]}}